{"id":11351,"date":"2020-06-29T11:41:14","date_gmt":"2020-06-29T09:41:14","guid":{"rendered":"http:\/\/bigler-lacke.swiss\/?page_id=11351"},"modified":"2023-09-05T05:00:40","modified_gmt":"2023-09-05T03:00:40","slug":"mentions-legales","status":"publish","type":"page","link":"https:\/\/bigler-lacke.swiss\/fr\/mentions-legales\/","title":{"rendered":"Mentions l\u00e9gales"},"content":{"rendered":"\n\t<section class=\"section\" id=\"section_1671523263\">\n\t\t<div class=\"section-bg fill\" >\n\t\t\t\t\t\t\t\t\t\n\t\t\t\n\n\t\t<\/div>\n\n\t\t\n\n\t\t<div class=\"section-content relative\">\n\t\t\t\n<div class=\"row\"  id=\"row-630418535\">\n\n\t<div id=\"col-2000758243\" class=\"col medium-6 small-12 large-6\"  >\n\t\t\t\t<div class=\"col-inner\"  >\n\t\t\t\n\t\t\t\n<h3>R\u00e9daction | Responsable du contenu<\/h3>\n<p><strong>Bigler AG Lacke und Leime <\/strong><br \/>Oeleweg 7 <br \/>CH-3250 Lyss<\/p>\n<p>T\u00e9l. 032 384 15 32 <br \/><a href=\"mailto:info@bigler-lacke.ch \">info@bigler-lacke.ch<\/a><\/p>\n<p>UID: CHE-102.395.276 <br \/>\nNum\u00e9ro d&rsquo;inscription au registre du commerce: <br \/>CH-073.3.000.256-0<\/p>\n\t\t<\/div>\n\t\t\t\t\t<\/div>\n\n\t\n\n\t<div id=\"col-1182572308\" class=\"col medium-6 small-12 large-6\"  >\n\t\t\t\t<div class=\"col-inner\"  >\n\t\t\t\n\t\t\t\n<h3>Concept | R\u00e9alisation<\/h3>\n<p><strong>schneeberger.be gmbh<\/strong><br \/>L\u00e4nggasse 2 <br \/>CH-2504 Biel<\/p>\n<p><a href=\"mailto:info@schneeberger.be\">info@schneeberger.be<\/a><\/p>\n<p><a href=\"https:\/\/www.schneeberger.be\" target=\"_blank\" rel=\"noopener noreferrer\"><img decoding=\"async\" class=\"alignnone size-full wp-image-20084 lazyload\" data-src=\"https:\/\/bigler-lacke.swiss\/wp-content\/uploads\/2020\/04\/l_promo_design_200.png\" alt=\"\" width=\"200\" height=\"71\" src=\"data:image\/svg+xml;base64,PHN2ZyB3aWR0aD0iMSIgaGVpZ2h0PSIxIiB4bWxucz0iaHR0cDovL3d3dy53My5vcmcvMjAwMC9zdmciPjwvc3ZnPg==\" style=\"--smush-placeholder-width: 200px; --smush-placeholder-aspect-ratio: 200\/71;\" \/><\/a><\/p>\n\t\t<\/div>\n\t\t\t\t\t<\/div>\n\n\t\n<\/div>\n\t\t<\/div>\n\n\t\t\n<style>\n#section_1671523263 {\n  padding-top: 30px;\n  padding-bottom: 30px;\n}\n<\/style>\n\t<\/section>\n\t\n\n\t<section class=\"section\" id=\"section_1556285999\">\n\t\t<div class=\"section-bg fill\" >\n\t\t\t\t\t\t\t\t\t\n\t\t\t\n\n\t\t<\/div>\n\n\t\t\n\n\t\t<div class=\"section-content relative\">\n\t\t\t\n<h3>Copyright<\/h3>\n<p>\u00a9 Bigler AG, Lacke und Leime (ci-apr\u00e8s d\u00e9nomm\u00e9 le \u00abtitulaire\u00bb): <br \/>Tous les droits de reproduction sont r\u00e9serv\u00e9s. Tous les \u00e9l\u00e9ments de nos pages web, la conception du site, tous les textes, graphiques, documents r\u00e9cup\u00e9rables, etc. sont la propri\u00e9t\u00e9 intellectuelle des propri\u00e9taires et sont prot\u00e9g\u00e9s par tous les droits. La reproduction de tout ou partie de ce site sur un support \u00e9lectronique ou papier quel qu&rsquo;il soit est interdite, sauf autorisation expresse du propri\u00e9taire.<\/p>\n<h3>Contenu de l\u2019offre en ligne<\/h3>\n<p>Le propri\u00e9taire n&rsquo;assume aucune responsabilit\u00e9 quant \u00e0 l&rsquo;actualit\u00e9, l&rsquo;exactitude, l&rsquo;exhaustivit\u00e9 ou la qualit\u00e9 des informations mises \u00e0 disposition. Les pr\u00e9tentions en responsabilit\u00e9 \u00e0 l\u2019encontre de l&rsquo;auteur, qui se r\u00e9f\u00e8rent \u00e0 des dommages mat\u00e9riels ou immat\u00e9riels de toute sorte, qui ont \u00e9t\u00e9 caus\u00e9s par l&rsquo;utilisation ou la non-utilisation des informations fournies ou par l&rsquo;utilisation d&rsquo;informations incorrectes et incompl\u00e8tes, sont en principe exclues, dans la mesure o\u00f9 il n&rsquo;y a pas de faute intentionnelle ou de n\u00e9gligence grave d\u00e9montrable de la part de l&rsquo;auteur.<br \/>Toutes les offres sont sans engagement et non contraignantes. L&rsquo;auteur se r\u00e9serve express\u00e9ment le droit de modifier, de compl\u00e9ter ou de supprimer des parties de pages ou l&rsquo;ensemble de l&rsquo;offre sans avis pr\u00e9alable, ou d&rsquo;en suspendre temporairement ou d\u00e9finitivement la publication.<\/p>\n<h3>Renvois et liens<\/h3>\n<p>En cas de renvois directs ou indirects \u00e0 des sites Internet externes (\u00abliens\u00bb) qui ne rel\u00e8vent pas de la responsabilit\u00e9 de l&rsquo;auteur, une obligation de responsabilit\u00e9 entrerait exclusivement en vigueur dans le cas o\u00f9 l&rsquo;auteur aurait connaissance des contenus et qu&rsquo;il lui serait techniquement possible et raisonnable d&#8217;emp\u00eacher l&rsquo;utilisation en cas de contenus ill\u00e9gaux. L&rsquo;auteur d\u00e9clare donc express\u00e9ment qu&rsquo;au moment de la mise en place du lien, les pages correspondantes \u00e9taient exemptes de tout contenu ill\u00e9gal.<br \/>L&rsquo;auteur n&rsquo;a aucune influence sur la conception et le contenu actuels et futurs des pages mises en lien. C&rsquo;est pourquoi il se distancie express\u00e9ment par la pr\u00e9sente de tous les contenus de toutes les pages li\u00e9es qui ont \u00e9t\u00e9 modifi\u00e9es apr\u00e8s la mise en lien.<br \/>Cette d\u00e9claration s&rsquo;applique \u00e0 tous les liens et renvois plac\u00e9s dans l&rsquo;offre Internet de l&rsquo;auteur ainsi qu&rsquo;aux entr\u00e9es externes dans les livres d&rsquo;or, forums de discussion et listes de diffusion mis en place par l&rsquo;auteur. Seul le fournisseur de la page \u00e0 laquelle il a \u00e9t\u00e9 renvoy\u00e9 est responsable des contenus ill\u00e9gaux, erron\u00e9s ou incomplets et en particulier des dommages r\u00e9sultant de l&rsquo;utilisation ou de la non-utilisation des informations ainsi pr\u00e9sent\u00e9es, et non celui qui ne fait que renvoyer \u00e0 la publication concern\u00e9e par le biais de liens.<\/p>\n<p>Si des pages ill\u00e9gales devaient \u00eatre accessibles via les hyperliens, nous vous prions de nous en informer \u00e0 l&rsquo;adresse <a href=\"mailto:info@bigler-lacke.swiss\">info@bigler-lacke.swiss<\/a> . Nous v\u00e9rifierons alors et supprimerons les liens le cas \u00e9ch\u00e9ant.<\/p>\n<h3>Droits d\u2019auteurs, des marques et des signes distinctifs<\/h3>\n<p>L&rsquo;auteur s&rsquo;efforce de respecter les droits d&rsquo;auteur des graphiques, documents sonores, s\u00e9quences vid\u00e9o et textes utilis\u00e9s dans toutes ses publications, ou d&rsquo;utiliser uniquement les objets qu&rsquo;il a cr\u00e9\u00e9s lui-m\u00eame, qui sont libres de droits ou pour lesquels il d\u00e9tient des licences. Tous les noms de marques et marques commerciales mentionn\u00e9s dans l&rsquo;offre Internet et \u00e9ventuellement prot\u00e9g\u00e9s par des tiers sont soumis sans restriction aux dispositions du droit des marques en vigueur et aux droits de propri\u00e9t\u00e9 des propri\u00e9taires enregistr\u00e9s respectifs. La simple mention d&rsquo;une marque ne signifie pas qu&rsquo;elle n&rsquo;est pas prot\u00e9g\u00e9e par les droits des tiers!<\/p>\n<p>La mention de noms de soci\u00e9t\u00e9s, de produits, de marques ou de marques commerciales est faite en reconnaissance de tous les droits de leurs propri\u00e9taires respectifs. La mention ne sert qu&rsquo;\u00e0 indiquer la finalit\u00e9 de nos produits et services.<\/p>\n<h3>Google Analytics<\/h3>\n<p>Ce site Web utilise Google Analytics, un service d\u2019analyse de l\u2019utilisation de sites Web de Google Inc. (\u00abGoogle\u00bb). Google Analytics utilise des \u00abcookies\u00bb, des fichiers texte qui sont stock\u00e9s sur votre ordinateur et qui permettent d\u2019analyser votre utilisation du site Web. Les informations g\u00e9n\u00e9r\u00e9es par l\u2019interm\u00e9diaire des cookies et concernant l\u2019utilisation faite de ce site Web (y compris l\u2019adresse IP) sont transmises \u00e0 un serveur de Google aux \u00c9tats-Unis o\u00f9 elles sont stock\u00e9es. Google exploitera ces informations pour conna\u00eetre l\u2019utilisation que vous faites du site Web, \u00e9tablir des rapports sur les activit\u00e9s du site \u00e0 l&rsquo;intention de son exploitant et offrir des services compl\u00e9mentaires en rapport avec l&rsquo;utilisation du site et d&rsquo;Internet. Google peut transmettre ces informations \u00e0 des tiers, lorsque cela est requis par la loi ou lorsque ces tiers traitent des donn\u00e9es pour le compte de Google. Google ne recoupera en aucun cas votre adresse IP avec d\u2019autres donn\u00e9es d\u00e9tenues par Google Vous avez la possibilit\u00e9 d&#8217;emp\u00eacher l&rsquo;enregistrement des cookies sur votre appareil en proc\u00e9dant aux r\u00e9glages correspondants sur votre navigateur. Nous vous informons toutefois que dans ce cas, vous ne pourrez pas utiliser enti\u00e8rement les fonctions de ce site Web. En utilisant ce site Internet, vous d\u00e9clarez accepter que les donn\u00e9es recueillies par Google vous concernant soient trait\u00e9es de la mani\u00e8re et aux fins d\u00e9crites ci-dessus.<\/p>\n<h3>Aucun avertissement sans contact pr\u00e9alable<\/h3>\n<p>Si le contenu ou la pr\u00e9sentation de ce site Web viole les droits de tiers ou des dispositions l\u00e9gales, nous demandons une notification sans \u00e9mettre de note de frais. Les passages qui sont contest\u00e9s \u00e0 juste titre seront imm\u00e9diatement supprim\u00e9s, de sorte \u00e0 \u00e9viter l&rsquo;intervention d&rsquo;un conseiller juridique. N\u00e9anmoins, nous rejetterons tous les frais que vous engagerez sans nous contacter au pr\u00e9alable et d\u00e9poserons \u00e9ventuellement une demande reconventionnelle pour violation des dispositions susmentionn\u00e9es.<\/p>\n<h3>Nos conditions g\u00e9n\u00e9rales de vente<\/h3>\n<p>En passant une commande chez Bigler AG Vernis et colles, vous acceptez express\u00e9ment nos conditions g\u00e9n\u00e9rales de vente! Les CGV peuvent \u00eatre consult\u00e9es ici.<\/p>\n\t\t<\/div>\n\n\t\t\n<style>\n#section_1556285999 {\n  padding-top: 30px;\n  padding-bottom: 30px;\n}\n<\/style>\n\t<\/section>\n\t\n","protected":false},"excerpt":{"rendered":"","protected":false},"author":1,"featured_media":0,"parent":0,"menu_order":0,"comment_status":"closed","ping_status":"closed","template":"","meta":{"_acf_changed":false,"footnotes":"","_links_to":"","_links_to_target":""},"class_list":["post-11351","page","type-page","status-publish","hentry"],"acf":[],"_links":{"self":[{"href":"https:\/\/bigler-lacke.swiss\/fr\/wp-json\/wp\/v2\/pages\/11351","targetHints":{"allow":["GET"]}}],"collection":[{"href":"https:\/\/bigler-lacke.swiss\/fr\/wp-json\/wp\/v2\/pages"}],"about":[{"href":"https:\/\/bigler-lacke.swiss\/fr\/wp-json\/wp\/v2\/types\/page"}],"author":[{"embeddable":true,"href":"https:\/\/bigler-lacke.swiss\/fr\/wp-json\/wp\/v2\/users\/1"}],"replies":[{"embeddable":true,"href":"https:\/\/bigler-lacke.swiss\/fr\/wp-json\/wp\/v2\/comments?post=11351"}],"version-history":[{"count":4,"href":"https:\/\/bigler-lacke.swiss\/fr\/wp-json\/wp\/v2\/pages\/11351\/revisions"}],"predecessor-version":[{"id":22501,"href":"https:\/\/bigler-lacke.swiss\/fr\/wp-json\/wp\/v2\/pages\/11351\/revisions\/22501"}],"wp:attachment":[{"href":"https:\/\/bigler-lacke.swiss\/fr\/wp-json\/wp\/v2\/media?parent=11351"}],"curies":[{"name":"wp","href":"https:\/\/api.w.org\/{rel}","templated":true}]}}