{"id":11355,"date":"2020-06-29T11:44:52","date_gmt":"2020-06-29T09:44:52","guid":{"rendered":"http:\/\/bigler-lacke.swiss\/?page_id=11355"},"modified":"2021-06-24T10:54:31","modified_gmt":"2021-06-24T08:54:31","slug":"newsletter","status":"publish","type":"page","link":"https:\/\/bigler-lacke.swiss\/fr\/newsletter\/","title":{"rendered":"Newsletter"},"content":{"rendered":"<div class=\"row\"  id=\"row-682802892\">\n\n\t<div id=\"col-1455807514\" class=\"col small-12 large-12\"  >\n\t\t\t\t<div class=\"col-inner\"  >\n\t\t\t\n\t\t\t\n<div class=\"container section-title-container\" ><h3 class=\"section-title section-title-normal\"><b aria-hidden=\"true\"><\/b><span class=\"section-title-main\" >Newsletter<\/span><b aria-hidden=\"true\"><\/b><\/h3><\/div>\n<div class=\"row\"  id=\"row-128847542\">\n\n\t<div id=\"col-1786212631\" class=\"col medium-8 small-12 large-8\"  >\n\t\t\t\t<div class=\"col-inner\"  >\n\t\t\t\n\t\t\t\n<div class=\"row\"  id=\"row-1553236750\">\n\n\t<div id=\"col-511209025\" class=\"col small-12 large-12\"  >\n\t\t\t\t<div class=\"col-inner\"  >\n\t\t\t\n\t\t\t\n<p>Vous souhaitez en savoir plus sur nos nouveaux produits, conseils et astuces? Alors inscrivez-vous ici \u00e0 la newsletter: <\/p>\n<script>(function() {\n\twindow.mc4wp = window.mc4wp || {\n\t\tlisteners: [],\n\t\tforms: {\n\t\t\ton: function(evt, cb) {\n\t\t\t\twindow.mc4wp.listeners.push(\n\t\t\t\t\t{\n\t\t\t\t\t\tevent   : evt,\n\t\t\t\t\t\tcallback: cb\n\t\t\t\t\t}\n\t\t\t\t);\n\t\t\t}\n\t\t}\n\t}\n})();\n<\/script><!-- Mailchimp for WordPress v4.12.2 - https:\/\/wordpress.org\/plugins\/mailchimp-for-wp\/ --><form id=\"mc4wp-form-1\" class=\"mc4wp-form mc4wp-form-14924 mc4wp-ajax\" method=\"post\" data-id=\"14924\" data-name=\"Newsletter FR\" ><div class=\"mc4wp-form-fields\"><p>\r\n\t<label>Email \r\n\t\t<input type=\"email\" name=\"EMAIL\" placeholder=\"Votre addresse Email\" required \/>\r\n<\/label>\r\n<\/p>\r\n<p>\r\n    <label>Entreprise<\/label>\r\n    <input type=\"text\" name=\"CCOMPANY\">\r\n<\/p>\r\n\r\n<p>\r\n\t<input type=\"submit\" value=\"S'abonner \u00e0 la liste\" \/>\r\n<\/p><\/div><label style=\"display: none !important;\">Laissez ce champ vide si vous \u00eates humain\u00a0: <input type=\"text\" name=\"_mc4wp_honeypot\" value=\"\" tabindex=\"-1\" autocomplete=\"off\" \/><\/label><input type=\"hidden\" name=\"_mc4wp_timestamp\" value=\"1778680693\" \/><input type=\"hidden\" name=\"_mc4wp_form_id\" value=\"14924\" \/><input type=\"hidden\" name=\"_mc4wp_form_element_id\" value=\"mc4wp-form-1\" \/><div class=\"mc4wp-response\"><\/div><\/form><!-- \/ Mailchimp for WordPress Plugin -->\n\t\t<\/div>\n\t\t\t\t\t<\/div>\n\n\t\n<\/div>\n\t\t<\/div>\n\t\t\t\t\t<\/div>\n\n\t\n\n\t<div id=\"col-1417342618\" class=\"col medium-4 small-12 large-4\"  >\n\t\t\t\t<div class=\"col-inner\"  >\n\t\t\t\n\t\t\t\n\t<div class=\"img has-hover x md-x lg-x y md-y lg-y\" id=\"image_1260346358\">\n\t\t\t\t\t\t\t\t<div class=\"img-inner dark\" >\n\t\t\t<img decoding=\"async\" width=\"576\" height=\"580\" data-src=\"https:\/\/bigler-lacke.swiss\/wp-content\/uploads\/2020\/02\/bigler_stempel_favicon.jpg\" class=\"attachment-large size-large lazyload\" alt=\"\" data-srcset=\"https:\/\/bigler-lacke.swiss\/wp-content\/uploads\/2020\/02\/bigler_stempel_favicon.jpg 576w, https:\/\/bigler-lacke.swiss\/wp-content\/uploads\/2020\/02\/bigler_stempel_favicon-100x100.jpg 100w, https:\/\/bigler-lacke.swiss\/wp-content\/uploads\/2020\/02\/bigler_stempel_favicon-397x400.jpg 397w\" data-sizes=\"(max-width: 576px) 100vw, 576px\" src=\"data:image\/svg+xml;base64,PHN2ZyB3aWR0aD0iMSIgaGVpZ2h0PSIxIiB4bWxucz0iaHR0cDovL3d3dy53My5vcmcvMjAwMC9zdmciPjwvc3ZnPg==\" style=\"--smush-placeholder-width: 576px; --smush-placeholder-aspect-ratio: 576\/580;\" \/>\t\t\t\t\t\t\n\t\t\t\t\t<\/div>\n\t\t\t\t\t\t\t\t\n<style>\n#image_1260346358 {\n  width: 100%;\n}\n<\/style>\n\t<\/div>\n\t\n\t\t<\/div>\n\t\t\t\t\t<\/div>\n\n\t\n<\/div>\n\t\t<\/div>\n\t\t\t\t\t<\/div>\n\n\t\n<\/div>\n<div class=\"row\"  id=\"row-2124635806\">\n\n\t<div id=\"col-180379051\" class=\"col small-12 large-12\"  >\n\t\t\t\t<div class=\"col-inner\"  >\n\t\t\t\n\t\t\t\n<p><strong>Comment vous d\u00e9sinscrire de la newsletter?<br \/>\n<\/strong><\/p>\n<p>Attendez de recevoir la prochaine. Vous trouverez un lien de d\u00e9sinscription au bas de l\u2019e-mail. <br \/>Si vous ne souhaitez plus recevoir nos newsletters, il vous suffit de cliquer sur le lien pour d\u00e9sactiver automatiquement votre inscription. Apr\u00e8s votre d\u00e9sinscription, vous pourrez vous r\u00e9abonner \u00e0 tout moment \u00e0 la newsletter.<\/p>\n\t\t<\/div>\n\t\t\t\t\t<\/div>\n\n\t\n<\/div>\n","protected":false},"excerpt":{"rendered":"","protected":false},"author":1,"featured_media":0,"parent":0,"menu_order":0,"comment_status":"closed","ping_status":"closed","template":"","meta":{"_acf_changed":false,"footnotes":"","_links_to":"","_links_to_target":""},"class_list":["post-11355","page","type-page","status-publish","hentry"],"acf":[],"_links":{"self":[{"href":"https:\/\/bigler-lacke.swiss\/fr\/wp-json\/wp\/v2\/pages\/11355","targetHints":{"allow":["GET"]}}],"collection":[{"href":"https:\/\/bigler-lacke.swiss\/fr\/wp-json\/wp\/v2\/pages"}],"about":[{"href":"https:\/\/bigler-lacke.swiss\/fr\/wp-json\/wp\/v2\/types\/page"}],"author":[{"embeddable":true,"href":"https:\/\/bigler-lacke.swiss\/fr\/wp-json\/wp\/v2\/users\/1"}],"replies":[{"embeddable":true,"href":"https:\/\/bigler-lacke.swiss\/fr\/wp-json\/wp\/v2\/comments?post=11355"}],"version-history":[{"count":3,"href":"https:\/\/bigler-lacke.swiss\/fr\/wp-json\/wp\/v2\/pages\/11355\/revisions"}],"predecessor-version":[{"id":21428,"href":"https:\/\/bigler-lacke.swiss\/fr\/wp-json\/wp\/v2\/pages\/11355\/revisions\/21428"}],"wp:attachment":[{"href":"https:\/\/bigler-lacke.swiss\/fr\/wp-json\/wp\/v2\/media?parent=11355"}],"curies":[{"name":"wp","href":"https:\/\/api.w.org\/{rel}","templated":true}]}}