{"id":11363,"date":"2020-06-29T12:02:48","date_gmt":"2020-06-29T10:02:48","guid":{"rendered":"http:\/\/bigler-lacke.swiss\/?page_id=11363"},"modified":"2024-08-12T08:42:12","modified_gmt":"2024-08-12T06:42:12","slug":"sites","status":"publish","type":"page","link":"https:\/\/bigler-lacke.swiss\/fr\/sites\/","title":{"rendered":"Sites"},"content":{"rendered":"<div class=\"container section-title-container\" ><h3 class=\"section-title section-title-normal\"><b aria-hidden=\"true\"><\/b><span class=\"section-title-main\" >Nos sites de distribution<\/span><b aria-hidden=\"true\"><\/b><\/h3><\/div>\n<div class=\"row\"  id=\"row-2127556792\">\n\n\t<div id=\"col-1617660543\" class=\"col medium-5 small-12 large-5\"  >\n\t\t\t\t<div class=\"col-inner\" style=\"background-color:rgb(255, 202, 73);\" >\n\t\t\t\n\t\t\t\n<h4>Entrep\u00f4t principal Lyss<\/h4>\n<p>Oeleweg 7<br \/>3250 Lyss<\/p>\n<p><strong>Horaires d\u2019ouverture<br \/><\/strong>Lundi &#8211; Jeudi<br \/>07h00 &#8211; 12h00 | 13h15 &#8211; 17h15<\/p>\n<p>Vendredi<br \/>07h00 &#8211; 12h00 | 13h15 &#8211; 16h15<\/p>\n\t\t<\/div>\n\t\t\t\t\n<style>\n#col-1617660543 > .col-inner {\n  padding: 11px 12px 13px 26px;\n  margin: 6px 1px 0px 0px;\n}\n<\/style>\n\t<\/div>\n\n\t\n\n\t<div id=\"col-646917353\" class=\"col medium-7 small-\u00ab12\u00bb large-7\"  >\n\t\t\t\t<div class=\"col-inner\"  >\n\t\t\t\n\t\t\t\n\n\t<script type=\"text\/javascript\">\n  jQuery( document ).ready(function() {\n    function initialize() {\n        var styles = {\n            'flatsome':  [{\n            \"featureType\": \"administrative\",\n            \"stylers\": [\n              { \"visibility\": \"on\" }\n            ]\n          },\n          {\n            \"featureType\": \"road\",\n            \"stylers\": [\n              { \"visibility\": \"on\" },\n              { \"hue\": \"#ffca49\" }\n            ]\n          },\n          {\n            \"stylers\": [\n\t\t\t  { \"visibility\": \"on\" },\n\t\t\t  { \"hue\": \"#ffca49\" },\n\t\t\t  { \"saturation\": 5 }\n            ]\n          }\n        ]};\n\n        var myLatlng = new google.maps.LatLng(47.06751, 7.31762);\n        var myOptions = {\n            zoom: 12,\n            center: myLatlng,\n            mapTypeId: google.maps.MapTypeId.ROADMAP,\n            disableDefaultUI: true,\n            mapTypeId: 'flatsome',\n            draggable: true,\n            zoomControl: true,\n            zoomControlOptions: {\n              position: google.maps.ControlPosition.TOP_LEFT\n            },\n      \t\t\tmapTypeControl: true,\n            mapTypeControlOptions: {\n              position: google.maps.ControlPosition.TOP_LEFT\n            },\n      \t\t\tstreetViewControl: true,\n            streetViewControlOptions: {\n              position: google.maps.ControlPosition.TOP_LEFT\n            },\n            scrollwheel: false,\n            disableDoubleClickZoom: true\n        }\n        var map = new google.maps.Map(document.getElementById(\"map-2799643090-inner\"), myOptions);\n        var styledMapType = new google.maps.StyledMapType(styles['flatsome'], {name: 'flatsome'});\n        map.mapTypes.set('flatsome', styledMapType);\n\n        var marker = new google.maps.Marker({\n            position: myLatlng,\n            map: map,\n            title:\"\"\n        });\n    }\n\n    \/\/ Required to proceed\n    if (!(typeof google === 'object' && typeof google.maps === 'object')) {\n      return\n    }\n\n    initialize()\n    google.maps.event.addDomListener(window, 'resize', initialize);\n    });\n    <\/script>\n\n    <div class=\"google-map relative mb\" id=\"map-2799643090\">\n        <div class=\"map-height\" id=\"map-2799643090-inner\"><\/div>\n        <div id=\"map_overlay_top\"><\/div>\n        <div id=\"map_overlay_bottom\"><\/div>\n                  <div class=\"map_inner map-inner last-reset absolute x100 md-x95 lg-x95 y100 md-y95 lg-y95\">\n              \n<p><strong>Magasin principal<\/strong><br \/>Oeleweg 7<br \/>3250 Lyss<\/p>\n         <\/div>\n       \n       \n<style>\n#map-2799643090 .map-inner {\n  background-color: #fff;\n  max-width: 100%;\n}\n#map-2799643090 .map-height {\n  height: 312px;\n}\n@media (min-width:550px) {\n  #map-2799643090 .map-inner {\n    max-width: 40%;\n  }\n}\n@media (min-width:850px) {\n  #map-2799643090 .map-inner {\n    max-width: 30%;\n  }\n}\n<\/style>\n    <\/div>\n\n\t\n\t\t<\/div>\n\t\t\t\t\t<\/div>\n\n\t\n<\/div>\n<div class=\"row\"  id=\"row-857439549\">\n\n\t<div id=\"col-1710195675\" class=\"col medium-5 small-\u00ab12\u00bb large-5\"  >\n\t\t\t\t<div class=\"col-inner\"  >\n\t\t\t\n\t\t\t\n<h3>Ersigen, R\u00e9gion 2<\/h3>\n<p>Roland Rychener<br \/>Gewerbestrasse 10<br \/>3423 Ersigen<\/p>\n<p><strong>Uniquement sur appel t\u00e9l\u00e9phonique: 079 631 85 82<\/strong><\/p>\n\t\t<\/div>\n\t\t\t\t\t<\/div>\n\n\t\n\n\t<div id=\"col-648925648\" class=\"col medium-7 small-\u00ab12\u00bb large-7\"  >\n\t\t\t\t<div class=\"col-inner\"  >\n\t\t\t\n\t\t\t\n\n\t<script type=\"text\/javascript\">\n  jQuery( document ).ready(function() {\n    function initialize() {\n        var styles = {\n            'flatsome':  [{\n            \"featureType\": \"administrative\",\n            \"stylers\": [\n              { \"visibility\": \"on\" }\n            ]\n          },\n          {\n            \"featureType\": \"road\",\n            \"stylers\": [\n              { \"visibility\": \"on\" },\n              { \"hue\": \"#ffca49\" }\n            ]\n          },\n          {\n            \"stylers\": [\n\t\t\t  { \"visibility\": \"on\" },\n\t\t\t  { \"hue\": \"#ffca49\" },\n\t\t\t  { \"saturation\": -30 }\n            ]\n          }\n        ]};\n\n        var myLatlng = new google.maps.LatLng(47.0897, 7.59716);\n        var myOptions = {\n            zoom: 10,\n            center: myLatlng,\n            mapTypeId: google.maps.MapTypeId.ROADMAP,\n            disableDefaultUI: true,\n            mapTypeId: 'flatsome',\n            draggable: true,\n            zoomControl: true,\n            zoomControlOptions: {\n              position: google.maps.ControlPosition.TOP_LEFT\n            },\n      \t\t\tmapTypeControl: true,\n            mapTypeControlOptions: {\n              position: google.maps.ControlPosition.TOP_LEFT\n            },\n      \t\t\tstreetViewControl: true,\n            streetViewControlOptions: {\n              position: google.maps.ControlPosition.TOP_LEFT\n            },\n            scrollwheel: false,\n            disableDoubleClickZoom: true\n        }\n        var map = new google.maps.Map(document.getElementById(\"map-2415577158-inner\"), myOptions);\n        var styledMapType = new google.maps.StyledMapType(styles['flatsome'], {name: 'flatsome'});\n        map.mapTypes.set('flatsome', styledMapType);\n\n        var marker = new google.maps.Marker({\n            position: myLatlng,\n            map: map,\n            title:\"\"\n        });\n    }\n\n    \/\/ Required to proceed\n    if (!(typeof google === 'object' && typeof google.maps === 'object')) {\n      return\n    }\n\n    initialize()\n    google.maps.event.addDomListener(window, 'resize', initialize);\n    });\n    <\/script>\n\n    <div class=\"google-map relative mb\" id=\"map-2415577158\">\n        <div class=\"map-height\" id=\"map-2415577158-inner\"><\/div>\n        <div id=\"map_overlay_top\"><\/div>\n        <div id=\"map_overlay_bottom\"><\/div>\n                  <div class=\"map_inner map-inner last-reset absolute x100 md-x95 lg-x95 y100 md-y95 lg-y95\">\n              \n<p><strong>Entrep\u00f4t Ersigen<\/strong><br \/>Gewerbestrasse 10<br \/>3423 Ersigen<\/p>\n         <\/div>\n       \n       \n<style>\n#map-2415577158 .map-inner {\n  background-color: #fff;\n  max-width: 100%;\n}\n#map-2415577158 .map-height {\n  height: 312px;\n}\n@media (min-width:550px) {\n  #map-2415577158 .map-inner {\n    max-width: 40%;\n  }\n}\n@media (min-width:850px) {\n  #map-2415577158 .map-inner {\n    max-width: 33%;\n  }\n}\n<\/style>\n    <\/div>\n\n\t\n\t\t<\/div>\n\t\t\t\t\t<\/div>\n\n\t\n<\/div>\n<div class=\"row\"  id=\"row-1004521539\">\n\n\t<div id=\"col-235387783\" class=\"col medium-5 small-\u00ab12\u00bb large-5\"  >\n\t\t\t\t<div class=\"col-inner\"  >\n\t\t\t\n\t\t\t\n<h3>Zurich, R\u00e9gion 3<\/h3>\n<p>Ridvan Toprak<br \/>Viktoriastrasse 60<br \/>8050 Z\u00fcrich<\/p>\n<p><strong>Uniquement sur appel t\u00e9l\u00e9phonique: 078 681 33 01 <\/strong><\/p>\n\t\t<\/div>\n\t\t\t\t\t<\/div>\n\n\t\n\n\t<div id=\"col-657726586\" class=\"col medium-7 small-\u00ab12\u00bb large-7\"  >\n\t\t\t\t<div class=\"col-inner\"  >\n\t\t\t\n\t\t\t\n\n\t<script type=\"text\/javascript\">\n  jQuery( document ).ready(function() {\n    function initialize() {\n        var styles = {\n            'flatsome':  [{\n            \"featureType\": \"administrative\",\n            \"stylers\": [\n              { \"visibility\": \"on\" }\n            ]\n          },\n          {\n            \"featureType\": \"road\",\n            \"stylers\": [\n              { \"visibility\": \"on\" },\n              { \"hue\": \"#ffca49\" }\n            ]\n          },\n          {\n            \"stylers\": [\n\t\t\t  { \"visibility\": \"on\" },\n\t\t\t  { \"hue\": \"#ffca49\" },\n\t\t\t  { \"saturation\": -30 }\n            ]\n          }\n        ]};\n\n        var myLatlng = new google.maps.LatLng(47.406, 8.55133);\n        var myOptions = {\n            zoom: 10,\n            center: myLatlng,\n            mapTypeId: google.maps.MapTypeId.ROADMAP,\n            disableDefaultUI: true,\n            mapTypeId: 'flatsome',\n            draggable: true,\n            zoomControl: true,\n            zoomControlOptions: {\n              position: google.maps.ControlPosition.TOP_LEFT\n            },\n      \t\t\tmapTypeControl: true,\n            mapTypeControlOptions: {\n              position: google.maps.ControlPosition.TOP_LEFT\n            },\n      \t\t\tstreetViewControl: true,\n            streetViewControlOptions: {\n              position: google.maps.ControlPosition.TOP_LEFT\n            },\n            scrollwheel: false,\n            disableDoubleClickZoom: true\n        }\n        var map = new google.maps.Map(document.getElementById(\"map-2718274897-inner\"), myOptions);\n        var styledMapType = new google.maps.StyledMapType(styles['flatsome'], {name: 'flatsome'});\n        map.mapTypes.set('flatsome', styledMapType);\n\n        var marker = new google.maps.Marker({\n            position: myLatlng,\n            map: map,\n            title:\"\"\n        });\n    }\n\n    \/\/ Required to proceed\n    if (!(typeof google === 'object' && typeof google.maps === 'object')) {\n      return\n    }\n\n    initialize()\n    google.maps.event.addDomListener(window, 'resize', initialize);\n    });\n    <\/script>\n\n    <div class=\"google-map relative mb\" id=\"map-2718274897\">\n        <div class=\"map-height\" id=\"map-2718274897-inner\"><\/div>\n        <div id=\"map_overlay_top\"><\/div>\n        <div id=\"map_overlay_bottom\"><\/div>\n                  <div class=\"map_inner map-inner last-reset absolute x100 md-x95 lg-x95 y100 md-y95 lg-y95\">\n              \n<p><strong>Entrep\u00f4t Zurich<\/strong><br \/>Viktoriastrasse 60<br \/>8050 Z\u00fcrich<\/p>\n         <\/div>\n       \n       \n<style>\n#map-2718274897 .map-inner {\n  background-color: #fff;\n  max-width: 100%;\n}\n#map-2718274897 .map-height {\n  height: 312px;\n}\n@media (min-width:550px) {\n  #map-2718274897 .map-inner {\n    max-width: 40%;\n  }\n}\n@media (min-width:850px) {\n  #map-2718274897 .map-inner {\n    max-width: 33%;\n  }\n}\n<\/style>\n    <\/div>\n\n\t\n\t\t<\/div>\n\t\t\t\t\t<\/div>\n\n\t\n<\/div>\n<div class=\"row\"  id=\"row-994734410\">\n\n\t<div id=\"col-489623381\" class=\"col medium-5 small-\u00ab12\u00bb large-5\"  >\n\t\t\t\t<div class=\"col-inner\"  >\n\t\t\t\n\t\t\t\n<h3>Amriswil, R\u00e9gion 4<\/h3>\n<p>Filipe Gordilho <br \/>Weinfelderstrasse 30a<br \/>8580 Amriswil<\/p>\n<p><strong>Uniquement sur appel t\u00e9l\u00e9phonique: 079 361 59 22<\/strong><\/p>\n\t\t<\/div>\n\t\t\t\t\t<\/div>\n\n\t\n\n\t<div id=\"col-1701712952\" class=\"col medium-7 small-\u00ab12\u00bb large-7\"  >\n\t\t\t\t<div class=\"col-inner\"  >\n\t\t\t\n\t\t\t\n\n\t<script type=\"text\/javascript\">\n  jQuery( document ).ready(function() {\n    function initialize() {\n        var styles = {\n            'flatsome':  [{\n            \"featureType\": \"administrative\",\n            \"stylers\": [\n              { \"visibility\": \"on\" }\n            ]\n          },\n          {\n            \"featureType\": \"road\",\n            \"stylers\": [\n              { \"visibility\": \"on\" },\n              { \"hue\": \"#ffca49\" }\n            ]\n          },\n          {\n            \"stylers\": [\n\t\t\t  { \"visibility\": \"on\" },\n\t\t\t  { \"hue\": \"#ffca49\" },\n\t\t\t  { \"saturation\": -30 }\n            ]\n          }\n        ]};\n\n        var myLatlng = new google.maps.LatLng(47.54518, 9.298685);\n        var myOptions = {\n            zoom: 10,\n            center: myLatlng,\n            mapTypeId: google.maps.MapTypeId.ROADMAP,\n            disableDefaultUI: true,\n            mapTypeId: 'flatsome',\n            draggable: true,\n            zoomControl: true,\n            zoomControlOptions: {\n              position: google.maps.ControlPosition.TOP_LEFT\n            },\n      \t\t\tmapTypeControl: true,\n            mapTypeControlOptions: {\n              position: google.maps.ControlPosition.TOP_LEFT\n            },\n      \t\t\tstreetViewControl: true,\n            streetViewControlOptions: {\n              position: google.maps.ControlPosition.TOP_LEFT\n            },\n            scrollwheel: false,\n            disableDoubleClickZoom: true\n        }\n        var map = new google.maps.Map(document.getElementById(\"map-3528317908-inner\"), myOptions);\n        var styledMapType = new google.maps.StyledMapType(styles['flatsome'], {name: 'flatsome'});\n        map.mapTypes.set('flatsome', styledMapType);\n\n        var marker = new google.maps.Marker({\n            position: myLatlng,\n            map: map,\n            title:\"\"\n        });\n    }\n\n    \/\/ Required to proceed\n    if (!(typeof google === 'object' && typeof google.maps === 'object')) {\n      return\n    }\n\n    initialize()\n    google.maps.event.addDomListener(window, 'resize', initialize);\n    });\n    <\/script>\n\n    <div class=\"google-map relative mb\" id=\"map-3528317908\">\n        <div class=\"map-height\" id=\"map-3528317908-inner\"><\/div>\n        <div id=\"map_overlay_top\"><\/div>\n        <div id=\"map_overlay_bottom\"><\/div>\n                  <div class=\"map_inner map-inner last-reset absolute x100 md-x95 lg-x95 y100 md-y95 lg-y95\">\n              \n<p><strong>Entrep\u00f4t Amriswil<\/strong><br \/>Weinfelderstrasse 30a<br \/>8580 Amriswil<\/p>\n         <\/div>\n       \n       \n<style>\n#map-3528317908 .map-inner {\n  background-color: #fff;\n  max-width: 100%;\n}\n#map-3528317908 .map-height {\n  height: 312px;\n}\n@media (min-width:550px) {\n  #map-3528317908 .map-inner {\n    max-width: 40%;\n  }\n}\n@media (min-width:850px) {\n  #map-3528317908 .map-inner {\n    max-width: 33%;\n  }\n}\n<\/style>\n    <\/div>\n\n\t\n\t\t<\/div>\n\t\t\t\t\t<\/div>\n\n\t\n<\/div>\n\n\t<section class=\"section\" id=\"section_1758194249\">\n\t\t<div class=\"section-bg fill\" >\n\t\t\t\t\t\t\t\t\t\n\t\t\t\n\n\t\t<\/div>\n\n\t\t\n\n\t\t<div class=\"section-content relative\">\n\t\t\t\n<h3 style=\"text-align: center;\">Livraison de marchandises<\/h3>\n<p style=\"text-align: center;\">Les commandes re\u00e7ues avant 12h00 seront exp\u00e9di\u00e9es le jour m\u00eame et livr\u00e9es le jour ouvrable suivant*.<\/p>\n<p style=\"text-align: center;\">Les livraisons d&rsquo;une valeur de CHF 600 ou plus (hors TVA et taxes) seront envoy\u00e9es franco domicile.<\/p>\n<p style=\"text-align: center;\">Sur accord, il est possible que les commandes puissent \u00eatre enlev\u00e9es dans les entrep\u00f4ts de nos r\u00e9gions de vente 2 &amp; 3 &amp; 4.<br \/>Des frais suppl\u00e9mentaires peuvent \u00eatre appliqu\u00e9s.<\/p>\n<h4 style=\"text-align: center;\"><strong>Les enl\u00e8vements \u00e0 notre entrep\u00f4t principal de Lyss sont possibles \u00e0 tout moment pendant les heures d&rsquo;ouverture.<\/strong><\/h4>\n<h4 style=\"text-align: center;\"><strong>Nous conseillons une commande pr\u00e9alable par t\u00e9l\u00e9phone!<\/strong><\/h4>\n<p style=\"text-align: center;\"><em>*transport r\u00e9gulier &#8211; livraisons express payantes possibles<\/em><\/p>\n\t\t<\/div>\n\n\t\t\n<style>\n#section_1758194249 {\n  padding-top: 30px;\n  padding-bottom: 30px;\n}\n<\/style>\n\t<\/section>\n\t\n","protected":false},"excerpt":{"rendered":"","protected":false},"author":1,"featured_media":0,"parent":0,"menu_order":0,"comment_status":"closed","ping_status":"closed","template":"","meta":{"_acf_changed":false,"footnotes":"","_links_to":"","_links_to_target":""},"class_list":["post-11363","page","type-page","status-publish","hentry"],"acf":[],"_links":{"self":[{"href":"https:\/\/bigler-lacke.swiss\/fr\/wp-json\/wp\/v2\/pages\/11363","targetHints":{"allow":["GET"]}}],"collection":[{"href":"https:\/\/bigler-lacke.swiss\/fr\/wp-json\/wp\/v2\/pages"}],"about":[{"href":"https:\/\/bigler-lacke.swiss\/fr\/wp-json\/wp\/v2\/types\/page"}],"author":[{"embeddable":true,"href":"https:\/\/bigler-lacke.swiss\/fr\/wp-json\/wp\/v2\/users\/1"}],"replies":[{"embeddable":true,"href":"https:\/\/bigler-lacke.swiss\/fr\/wp-json\/wp\/v2\/comments?post=11363"}],"version-history":[{"count":6,"href":"https:\/\/bigler-lacke.swiss\/fr\/wp-json\/wp\/v2\/pages\/11363\/revisions"}],"predecessor-version":[{"id":22871,"href":"https:\/\/bigler-lacke.swiss\/fr\/wp-json\/wp\/v2\/pages\/11363\/revisions\/22871"}],"wp:attachment":[{"href":"https:\/\/bigler-lacke.swiss\/fr\/wp-json\/wp\/v2\/media?parent=11363"}],"curies":[{"name":"wp","href":"https:\/\/api.w.org\/{rel}","templated":true}]}}