{"id":11373,"date":"2020-06-29T12:19:59","date_gmt":"2020-06-29T10:19:59","guid":{"rendered":"http:\/\/bigler-lacke.swiss\/?page_id=11373"},"modified":"2021-06-25T06:06:58","modified_gmt":"2021-06-25T04:06:58","slug":"quel-est-le-bon-produit-de-scellement-pour-parquet","status":"publish","type":"page","link":"https:\/\/bigler-lacke.swiss\/fr\/quel-est-le-bon-produit-de-scellement-pour-parquet\/","title":{"rendered":"Quel est le bon produit de scellement pour parquet ?"},"content":{"rendered":"<div class=\"row\"  id=\"row-604408455\">\n\n\t<div id=\"col-2001401602\" class=\"col small-12 large-12\"  >\n\t\t\t\t<div class=\"col-inner\"  >\n\t\t\t\n\t\t\t\n<p>Quel est le bon vitrifiant pour parquet?<br \/>Le choix du vitrifiant pour parquet le mieux adapt\u00e9 \u00e0 votre sol d\u00e9pend essentiellement de la contrainte future. Dans ce court article, nous avons r\u00e9sum\u00e9 pour vous les diff\u00e9rents types de vitrification, vernis et huiles disponibles et leurs diff\u00e9rences.D6<\/p>\n<p>Table des mati\u00e8res<br \/><a href=\"#section_1\">1 Qu\u2019est-ce qu\u2019un vitrifiant monocomposant pour parquet?<\/a><br \/><a href=\"#section_2\">2 Qu\u2019est-ce qu\u2019un vitrifiant \u00e0 deux composants pour parquet?<\/a><br \/><a href=\"#section_3\">3 Les avantages d\u2019un vitrifiant pour parquet \u00e0 base d\u2019huile naturelle<\/a><br \/><a href=\"#section_4\">4 Vaut-il mieux utiliser une huile ou un vernis?<\/a><br \/><a href=\"#section_5\">5 Diff\u00e9rences de co\u00fbts des vitrifiants pour parquet<\/a><br \/><a href=\"#section_6\">6 Inconv\u00e9nients d\u2019un vernis pour parquet bon march\u00e9<\/a><\/p>\n<p id=\"section_1\"><strong>1 Qu\u2019est-ce qu\u2019un vitrifiant monocomposant pour parquet?<\/strong><br \/>Un vitrifiant monocomposant pour parquet est en fait un vernis pour parquet normal. Ce type de rev\u00eatement est principalement produit \u00e0 base d&rsquo;acrylate (plastique), tout comme par exemple la peinture murale. Les vernis pour parquet conventionnels sont g\u00e9n\u00e9ralement dissouts ou \u00abdispers\u00e9s\u00bb dans l&rsquo;eau. Cela signifie qu&rsquo;ils ont une tr\u00e8s faible teneur en solvant et que la solution produite est dilu\u00e9e avec de l&rsquo;eau. Toutefois, cela ne signifie pas que le vitrifiant sera sensible \u00e0 l&rsquo;eau apr\u00e8s le s\u00e9chage.<br \/>L&rsquo;inconv\u00e9nient des vitrifiants monocomposant pour parquet est que les acrylates sont plut\u00f4t fragiles. Ainsi, il arrive sans cesse que le vernis se d\u00e9colle apr\u00e8s quelques ann\u00e9es seulement ou se d\u00e9chire facilement. Cela se produit particuli\u00e8rement souvent dans les endroits tr\u00e8s lumineux ou lorsque le parquet est expos\u00e9 de fa\u00e7on r\u00e9p\u00e9t\u00e9e \u00e0 l&rsquo;eau.<\/p>\n<p id=\"section_2\"><strong>2 Qu\u2019est-ce qu\u2019un vitrifiant \u00e0 deux composants pour parquet?<\/strong><br \/>Contrairement au produit monocomposant, le vitrifiant pour parquet \u00e0 deux composants est beaucoup plus r\u00e9sistant \u00e0 l&rsquo;abrasion et aux rayures. Le deuxi\u00e8me composant est un \u00abcomposant durcisseur\u00bb. Celui-ci est ajout\u00e9 au vernis pour parquet avant le traitement. La vitrification durcit ensuite gr\u00e2ce \u00e0 la r\u00e9action qui a lieu entre le durcisseur et le composant de la peinture. En g\u00e9n\u00e9ral, le temps de r\u00e9action est de 24-48 heures.<br \/>Les vitrifiants \u00e0 deux composants pour parquet sont donc non seulement de meilleure qualit\u00e9, mais ils durcissent aussi g\u00e9n\u00e9ralement plus rapidement. Ils sont donc particuli\u00e8rement adapt\u00e9s lorsque le parquet doit \u00eatre ponc\u00e9 rapidement.<\/p>\n<p id=\"section_3\"><strong>3 Les avantages d\u2019un vitrifiant pour parquet \u00e0 base d\u2019huile naturelle<\/strong><br \/>Un vitrifiant pour parquet \u00e0 base d\u2019huile naturelle n\u2019est en fait pas une vitrification. Il s\u2019agit ici d\u2019une impr\u00e9gnation. Il n&rsquo;y a pas de formation de couches, c&rsquo;est ce que signifie le terme de \u00abvitrification\u00bb. L&rsquo;huile naturelle ne forme pas de couches et n&rsquo;est donc pas un film protecteur permanent pour votre sol. L&rsquo;huile naturelle doit \u00eatre rafra\u00eechie r\u00e9guli\u00e8rement. Il est pr\u00e9f\u00e9rable d&rsquo;utiliser une huile d&rsquo;entretien. Nous avons d\u00e9crit ailleurs la proc\u00e9dure d&rsquo;entretien du parquet.<\/p>\n<p>L&rsquo;huile naturelle a l&rsquo;avantage de pouvoir \u00eatre rafra\u00eechie \u00e0 tout moment. Cela n&rsquo;est pas vraiment possible lorsqu&rsquo;on vitrifie au vernis. Les rayures et les traces de frottement peuvent \u00eatre ponc\u00e9es et huil\u00e9es \u00e0 nouveau. M\u00eame apr\u00e8s des ann\u00e9es, un sol huil\u00e9 peut \u00eatre ponc\u00e9 et huil\u00e9 \u00e0 nouveau et donner l&rsquo;impression qu&rsquo;il vient d&rsquo;\u00eatre pos\u00e9.<\/p>\n<p id=\"section_4\"><strong>4 Vaut-il mieux utiliser une huile ou un vernis?<\/strong><br \/>Un parquet vitrifi\u00e9 est plus facile \u00e0 entretenir qu&rsquo;un parquet huil\u00e9. C&rsquo;est ce que nous disent nos clients, dont certains poss\u00e8dent et entretiennent des lames de parquet depuis des d\u00e9cennies. Un sol vernis peut \u00eatre simplement essuy\u00e9 avec une serpilli\u00e8re l\u00e9g\u00e8rement humide. S\u2019il n\u2019est pas trop sale, il suffit de passer une fois la brosse \u00e0 parquet de l\u2019aspirateur sur le sol. Ce n&rsquo;est que dans de rares cas, par exemple si une substance collante a fui ou s&rsquo;il y a des marques plus solidement ancr\u00e9es sur le sol, que vous avez besoin d&rsquo;un nettoyant sp\u00e9cial pour parquet.<br \/>La situation est diff\u00e9rente lorsqu&rsquo;il s&rsquo;agit de vitrifier \u00e0 l\u2019huile. Il s&rsquo;agit g\u00e9n\u00e9ralement d&rsquo;un m\u00e9lange d&rsquo;huile de lin et de noix et de quelques autres additifs fabriqu\u00e9s \u00e0 partir de mati\u00e8res premi\u00e8res naturelles. Tout comme une table en bois huil\u00e9, le parquet ou les planches huil\u00e9s doivent \u00e9galement \u00eatre r\u00e9guli\u00e8rement huil\u00e9s. Toutefois, le cycle peut varier consid\u00e9rablement en fonction de l&rsquo;utilisation. Il n&rsquo;y a pas de recommandation g\u00e9n\u00e9rale \u00e0 ce sujet. Cependant, il est certain que les zones tr\u00e8s fr\u00e9quent\u00e9es doivent \u00eatre nettoy\u00e9es relativement souvent puis huil\u00e9es \u00e0 nouveau.<br \/>Dans les espaces de vie, cela peut aussi n&rsquo;\u00eatre le cas que tous les quelques mois. Tout d\u00e9pend de l\u2019apparence du sol. Si le sol semble d\u00e9j\u00e0 un peu terne et sec, il est grand temps de le traiter avec une huile d&rsquo;entretien. Si l&rsquo;huile pour parquet n&rsquo;est pas appliqu\u00e9e r\u00e9guli\u00e8rement, le sol appara\u00eetra bient\u00f4t de plus en plus mat. Des \u00abtrain\u00e9es\u00bb peuvent alors se former. Cela signifie que l\u00e0 o\u00f9 vous marchez tous les jours, le sol en bois devient d&rsquo;abord terne.<br \/>Bien s\u00fbr, la vitrification \u00e0 l&rsquo;huile dure a aussi ses avantages. De cette fa\u00e7on, un sol en planches huil\u00e9es peut \u00eatre ponc\u00e9 m\u00eame apr\u00e8s de nombreuses ann\u00e9es et simplement huil\u00e9. On ne proc\u00e8de sciemment qu\u2019\u00e0 un seul cycle de pon\u00e7age tr\u00e8s fin avec une machine \u00e0 polir. La surface est uniquement ponc\u00e9e pour \u00e9liminer les rayures, les taches, etc. Apr\u00e8s l&rsquo;application de l&rsquo;huile, le sol donne l\u2019impression qu\u2019il vient d\u2019\u00eatre pos\u00e9. Cependant, cela n&rsquo;est plus possible apr\u00e8s la vitrification au vernis.<\/p>\n<p id=\"section_5\"><strong>5 Diff\u00e9rences de co\u00fbts des vitrifiants pour parquet<\/strong><br \/>Les co\u00fbts et les prix du pon\u00e7age et de la vitrification d\u00e9pendent \u00e9galement du vitrifiant utilis\u00e9. Toutefois, cela ne repr\u00e9sente pas la majorit\u00e9 des co\u00fbts totaux. Le facteur le plus important est le co\u00fbt de la main-d&rsquo;\u0153uvre, car le pon\u00e7age du parquet est une activit\u00e9 \u00e0 forte intensit\u00e9 de temps et de travail.<br \/>De ce fait, il y a peu de possibilit\u00e9s d&rsquo;\u00e9conomies lors du pon\u00e7age des planches. En effet, si vous voulez \u00e9conomiser sur les co\u00fbts de main-d&rsquo;\u0153uvre, vous devez travailler plus vite et donc compromettre le r\u00e9sultat final. Un prix par m\u00e8tre carr\u00e9 est toujours un salaire horaire qui a \u00e9t\u00e9 r\u00e9parti sur les m\u00e8tres carr\u00e9s. Les batailles de rabais sont donc plut\u00f4t inappropri\u00e9es lors du pon\u00e7age des parquets.<\/p>\n<p id=\"section_6\"><strong>6 Inconv\u00e9nients d\u2019un vernis pour parquet bon march\u00e9<\/strong><br \/>Comme d\u00e9j\u00e0 mentionn\u00e9 ci-dessus, il n&rsquo;est pas vraiment judicieux d&rsquo;\u00e9conomiser sur la vitrification du parquet pour le pon\u00e7age des parquets ou des planches. La part des co\u00fbts totaux est trop faible. Ceux qui, pour des raisons budg\u00e9taires, ont n\u00e9anmoins recours \u00e0 un vitrifiant moins cher, courent le risque d&rsquo;une usure plus pr\u00e9coce.<\/p>\n<p>La surface devient rapidement terne et des \u00abtrain\u00e9es\u00bb peuvent se former. En outre, le vernis devient cassant apr\u00e8s quelques ann\u00e9es seulement et s&rsquo;\u00e9caille dans les endroits o\u00f9 il y a beaucoup de lumi\u00e8re ou d&rsquo;humidit\u00e9. C\u2019est \u00e0 ce moment qu\u2019une nouvelle r\u00e9novation du parquet est appropri\u00e9e et entra\u00eene \u00e0 nouveau les m\u00eames co\u00fbts.<\/p>\n\t\t<\/div>\n\t\t\t\t\t<\/div>\n\n\t\n<\/div>\n","protected":false},"excerpt":{"rendered":"","protected":false},"author":1,"featured_media":0,"parent":0,"menu_order":0,"comment_status":"closed","ping_status":"closed","template":"","meta":{"_acf_changed":false,"footnotes":"","_links_to":"","_links_to_target":""},"class_list":["post-11373","page","type-page","status-publish","hentry"],"acf":[],"_links":{"self":[{"href":"https:\/\/bigler-lacke.swiss\/fr\/wp-json\/wp\/v2\/pages\/11373","targetHints":{"allow":["GET"]}}],"collection":[{"href":"https:\/\/bigler-lacke.swiss\/fr\/wp-json\/wp\/v2\/pages"}],"about":[{"href":"https:\/\/bigler-lacke.swiss\/fr\/wp-json\/wp\/v2\/types\/page"}],"author":[{"embeddable":true,"href":"https:\/\/bigler-lacke.swiss\/fr\/wp-json\/wp\/v2\/users\/1"}],"replies":[{"embeddable":true,"href":"https:\/\/bigler-lacke.swiss\/fr\/wp-json\/wp\/v2\/comments?post=11373"}],"version-history":[{"count":2,"href":"https:\/\/bigler-lacke.swiss\/fr\/wp-json\/wp\/v2\/pages\/11373\/revisions"}],"predecessor-version":[{"id":21449,"href":"https:\/\/bigler-lacke.swiss\/fr\/wp-json\/wp\/v2\/pages\/11373\/revisions\/21449"}],"wp:attachment":[{"href":"https:\/\/bigler-lacke.swiss\/fr\/wp-json\/wp\/v2\/media?parent=11373"}],"curies":[{"name":"wp","href":"https:\/\/api.w.org\/{rel}","templated":true}]}}