{"id":18973,"date":"2020-09-01T06:18:41","date_gmt":"2020-09-16T02:51:26","guid":{"rendered":"http:\/\/bigler-lacke.swiss\/product\/impragol-no-1-bois-rouge\/"},"modified":"2022-06-23T15:47:53","modified_gmt":"2022-06-23T13:47:53","slug":"impragol-no-1-bois-rouge","status":"publish","type":"product","link":"https:\/\/bigler-lacke.swiss\/fr\/produit\/impragol-no-1-bois-rouge\/","title":{"rendered":"IMPRAGOL No 1 bois rouge"},"content":{"rendered":"<ul>\n<li>Lasure pour bois \u00e0 base de r\u00e9sine de synth\u00e8se<\/li>\n<li>pour l\u2019ext\u00e9rieur<\/li>\n<li>ne fissure pas et ne s\u2019\u00e9caille pas<\/li>\n<li>permet au bois de respirer et \u00e0 l\u2019humidit\u00e9 de s\u2019\u00e9chapper<\/li>\n<\/ul>\n","protected":false},"excerpt":{"rendered":"<p><strong>Lasure pour bois \u00e0 base de r\u00e9sine de synth\u00e8se<\/strong><\/p>\n<ul>\n<li>pour l\u2019ext\u00e9rieur<\/li>\n<li>ne fissure pas et ne s\u2019\u00e9caille pas<\/li>\n<li>permet au bois de respirer et \u00e0 l\u2019humidit\u00e9 de s\u2019\u00e9chapper<\/li>\n<\/ul>\n","protected":false},"featured_media":13667,"template":"","meta":{"_acf_changed":false,"_links_to":"","_links_to_target":""},"product_brand":[],"product_cat":[466],"product_tag":[905,459],"class_list":{"0":"post-18973","1":"product","2":"type-product","3":"status-publish","4":"has-post-thumbnail","6":"product_cat-glacis-exterieur","7":"product_tag-tout-en-un-coup-d-oeil","8":"product_tag-bigler-fr","9":"pa_gebinde-1-lt-fr","10":"pa_gebinde-10-lt-fr","11":"pa_gebinde-2-lt-fr","12":"pa_gebinde-25-lt-fr","13":"pa_gebinde-5-lt-fr","15":"first","16":"instock","17":"product-type-variable","18":"has-default-attributes"},"acf":[],"_links":{"self":[{"href":"https:\/\/bigler-lacke.swiss\/fr\/wp-json\/wp\/v2\/product\/18973","targetHints":{"allow":["GET"]}}],"collection":[{"href":"https:\/\/bigler-lacke.swiss\/fr\/wp-json\/wp\/v2\/product"}],"about":[{"href":"https:\/\/bigler-lacke.swiss\/fr\/wp-json\/wp\/v2\/types\/product"}],"wp:featuredmedia":[{"embeddable":true,"href":"https:\/\/bigler-lacke.swiss\/fr\/wp-json\/wp\/v2\/media\/13667"}],"wp:attachment":[{"href":"https:\/\/bigler-lacke.swiss\/fr\/wp-json\/wp\/v2\/media?parent=18973"}],"wp:term":[{"taxonomy":"product_brand","embeddable":true,"href":"https:\/\/bigler-lacke.swiss\/fr\/wp-json\/wp\/v2\/product_brand?post=18973"},{"taxonomy":"product_cat","embeddable":true,"href":"https:\/\/bigler-lacke.swiss\/fr\/wp-json\/wp\/v2\/product_cat?post=18973"},{"taxonomy":"product_tag","embeddable":true,"href":"https:\/\/bigler-lacke.swiss\/fr\/wp-json\/wp\/v2\/product_tag?post=18973"}],"curies":[{"name":"wp","href":"https:\/\/api.w.org\/{rel}","templated":true}]}}