{"id":19028,"date":"2020-09-01T06:24:46","date_gmt":"2020-09-01T04:24:46","guid":{"rendered":"http:\/\/bigler-lacke.swiss\/product\/exolen\/"},"modified":"2026-03-26T10:57:11","modified_gmt":"2026-03-26T09:57:11","slug":"exolen","status":"publish","type":"product","link":"https:\/\/bigler-lacke.swiss\/fr\/produit\/exolen\/","title":{"rendered":"BIGLER EXOLEN NEU"},"content":{"rendered":"<p><strong><span style=\"vertical-align: inherit;\"><span style=\"vertical-align: inherit;\">Exolen Neu<\/span><\/span><\/strong><br \/>\n<span style=\"vertical-align: inherit;\"><span style=\"vertical-align: inherit;\"> est un vernis pour parquet contenant des solvants, \u00e0 base de r\u00e9sine de synth\u00e8se pour parquet et planchers en bois.<\/span><\/span><\/p>\n<ul>\n<li><span style=\"vertical-align: inherit;\"><span style=\"vertical-align: inherit;\">En raison du collage lat\u00e9ral fortement r\u00e9duit, Exolen est destin\u00e9 \u00e0 la premi\u00e8re couche sous tous les vernis pour parquet contenant des solvants de BIGLER qui peuvent ou non n\u00e9cessiter une couche de fond.<\/span><\/span><\/li>\n<li><span style=\"vertical-align: inherit;\"><span style=\"vertical-align: inherit;\">Exolen minimise la formation de taches ou de marques de rouleau sur les essences de bois tr\u00e8s absorbantes.<\/span><\/span><\/li>\n<li><span style=\"vertical-align: inherit;\"><span style=\"vertical-align: inherit;\">Exolen accentue moins le grain du bois que les vernis \u00e0 bois BIGLER contenu des solvants. <\/span><\/span><br \/>\n<span style=\"vertical-align: inherit;\"><span style=\"vertical-align: inherit;\">Ainsi, les bois sont maintenus dans une teinte plus claire.<\/span><\/span><\/li>\n<li><span style=\"vertical-align: inherit;\"><span style=\"vertical-align: inherit;\">Exolen peut \u00eatre utilis\u00e9 pour diff\u00e9rents types de bois.<\/span><\/span><\/li>\n<\/ul>\n","protected":false},"excerpt":{"rendered":"<ul>\n<li><span style=\"vertical-align: inherit;\"><span style=\"vertical-align: inherit;\">Couche de fond pour parquet contenu des solvants<\/span><\/span><\/li>\n<li><span style=\"vertical-align: inherit;\"><span style=\"vertical-align: inherit;\">pour les bois exotiques<\/span><\/span><\/li>\n<li><span style=\"vertical-align: inherit;\"><span style=\"vertical-align: inherit;\">s\u00e8che rapidement<\/span><\/span><\/li>\n<li><span style=\"vertical-align: inherit;\"><span style=\"vertical-align: inherit;\">effet \u00e9claircissant<\/span><\/span><\/li>\n<li><span style=\"vertical-align: inherit;\"><span style=\"vertical-align: inherit;\">Adapt\u00e9e \u00e0 tous les vernis pour parquet BIGLER contenu des solvants<\/span><\/span><\/li>\n<\/ul>\n","protected":false},"featured_media":23391,"template":"","meta":{"_acf_changed":false,"_links_to":"","_links_to_target":""},"product_brand":[],"product_cat":[471],"product_tag":[905,459],"class_list":{"0":"post-19028","1":"product","2":"type-product","3":"status-publish","4":"has-post-thumbnail","6":"product_cat-primer","7":"product_tag-tout-en-un-coup-d-oeil","8":"product_tag-bigler-fr","9":"pa_gebinde-10-lt-fr","10":"pa_gebinde-5-lt-fr","12":"first","13":"instock","14":"product-type-variable","15":"has-default-attributes"},"acf":[],"_links":{"self":[{"href":"https:\/\/bigler-lacke.swiss\/fr\/wp-json\/wp\/v2\/product\/19028","targetHints":{"allow":["GET"]}}],"collection":[{"href":"https:\/\/bigler-lacke.swiss\/fr\/wp-json\/wp\/v2\/product"}],"about":[{"href":"https:\/\/bigler-lacke.swiss\/fr\/wp-json\/wp\/v2\/types\/product"}],"wp:featuredmedia":[{"embeddable":true,"href":"https:\/\/bigler-lacke.swiss\/fr\/wp-json\/wp\/v2\/media\/23391"}],"wp:attachment":[{"href":"https:\/\/bigler-lacke.swiss\/fr\/wp-json\/wp\/v2\/media?parent=19028"}],"wp:term":[{"taxonomy":"product_brand","embeddable":true,"href":"https:\/\/bigler-lacke.swiss\/fr\/wp-json\/wp\/v2\/product_brand?post=19028"},{"taxonomy":"product_cat","embeddable":true,"href":"https:\/\/bigler-lacke.swiss\/fr\/wp-json\/wp\/v2\/product_cat?post=19028"},{"taxonomy":"product_tag","embeddable":true,"href":"https:\/\/bigler-lacke.swiss\/fr\/wp-json\/wp\/v2\/product_tag?post=19028"}],"curies":[{"name":"wp","href":"https:\/\/api.w.org\/{rel}","templated":true}]}}