{"id":19031,"date":"2020-09-01T06:25:01","date_gmt":"2020-09-01T04:25:01","guid":{"rendered":"http:\/\/bigler-lacke.swiss\/product\/exolen-special\/"},"modified":"2026-03-26T11:01:05","modified_gmt":"2026-03-26T10:01:05","slug":"exolen-special","status":"publish","type":"product","link":"https:\/\/bigler-lacke.swiss\/fr\/produit\/exolen-special\/","title":{"rendered":"BIGLER EXOLEN Spezial Neu"},"content":{"rendered":"<p><strong>Exolen Spezial Neu<\/strong><br \/>\nest une couche de fond pour parquet \u00e0 base d\u2019alcool et de r\u00e9sine de synth\u00e8se pour le parquet et les planchers en bois.<\/p>\n<ul>\n<li>En raison du collage lat\u00e9ral fortement r\u00e9duit, Exolen Spezial Neu est destin\u00e9 \u00e0 la premi\u00e8re couche sous tous les vernis aqueux pour parquet de Bigler qui peuvent ou non n\u00e9cessiter une couche de fond.<\/li>\n<li>Il minimise la formation des taches ou des marques de rouleaux sur les essences de bois tr\u00e8s absorbantes.<\/li>\n<li>Il pr\u00e9sente une impr\u00e9gnation similaire \u00e0 celle d\u2019un vernis \u00e0 bois contenant des solvants, qui est normalement tr\u00e8s populaire pour les bois exotiques.<\/li>\n<li>Il peut \u00eatre utilis\u00e9 pour presque tous les types de bois.<\/li>\n<\/ul>\n","protected":false},"excerpt":{"rendered":"<ul>\n<li>Couche de fond pour parquet \u00e0 base d\u2019alcool<\/li>\n<li>r\u00e9duit le collage lat\u00e9ral du parquet<\/li>\n<li>aide \u00e0 r\u00e9duire les taches et les traces de rouleaux<\/li>\n<li>s\u00e9chage rapide<\/li>\n<li>bonne impr\u00e9gnation<\/li>\n<li>application facile<\/li>\n<li>convient \u00e0 tous les vernis aqueux pour parquet BIGLER<\/li>\n<\/ul>\n","protected":false},"featured_media":23393,"template":"","meta":{"_acf_changed":false,"_links_to":"","_links_to_target":""},"product_brand":[],"product_cat":[471],"product_tag":[905,459],"class_list":{"0":"post-19031","1":"product","2":"type-product","3":"status-publish","4":"has-post-thumbnail","6":"product_cat-primer","7":"product_tag-tout-en-un-coup-d-oeil","8":"product_tag-bigler-fr","9":"pa_gebinde-10-lt-fr","11":"first","12":"instock","13":"product-type-variable","14":"has-default-attributes"},"acf":[],"_links":{"self":[{"href":"https:\/\/bigler-lacke.swiss\/fr\/wp-json\/wp\/v2\/product\/19031","targetHints":{"allow":["GET"]}}],"collection":[{"href":"https:\/\/bigler-lacke.swiss\/fr\/wp-json\/wp\/v2\/product"}],"about":[{"href":"https:\/\/bigler-lacke.swiss\/fr\/wp-json\/wp\/v2\/types\/product"}],"wp:featuredmedia":[{"embeddable":true,"href":"https:\/\/bigler-lacke.swiss\/fr\/wp-json\/wp\/v2\/media\/23393"}],"wp:attachment":[{"href":"https:\/\/bigler-lacke.swiss\/fr\/wp-json\/wp\/v2\/media?parent=19031"}],"wp:term":[{"taxonomy":"product_brand","embeddable":true,"href":"https:\/\/bigler-lacke.swiss\/fr\/wp-json\/wp\/v2\/product_brand?post=19031"},{"taxonomy":"product_cat","embeddable":true,"href":"https:\/\/bigler-lacke.swiss\/fr\/wp-json\/wp\/v2\/product_cat?post=19031"},{"taxonomy":"product_tag","embeddable":true,"href":"https:\/\/bigler-lacke.swiss\/fr\/wp-json\/wp\/v2\/product_tag?post=19031"}],"curies":[{"name":"wp","href":"https:\/\/api.w.org\/{rel}","templated":true}]}}