{"id":19040,"date":"2020-09-01T06:25:58","date_gmt":"2020-09-01T04:25:58","guid":{"rendered":"http:\/\/bigler-lacke.swiss\/product\/vernis-de-mastic-a-bois-30\/"},"modified":"2026-01-09T16:51:41","modified_gmt":"2026-01-09T15:51:41","slug":"bigler-mastic-a-bois-30","status":"publish","type":"product","link":"https:\/\/bigler-lacke.swiss\/fr\/produit\/bigler-mastic-a-bois-30\/","title":{"rendered":"BIGLER Mastic \u00e0 bois 30"},"content":{"rendered":"<p>bonne r\u00e9sistance chimique et m\u00e9canique<\/p>\n<p>tr\u00e8s forte impr\u00e9gnation<\/p>\n","protected":false},"excerpt":{"rendered":"<ul>\n<li>Vernis \u00e0 base d\u2019acrylate\/nitrocellulose destin\u00e9e \u00e0 la confection de mastic avec de la poussi\u00e8re de bois \u00e0 s\u00e9chage<\/li>\n<li>contient des solvants<\/li>\n<li>s\u00e9chage rapide<\/li>\n<\/ul>\n","protected":false},"featured_media":21003,"template":"","meta":{"_acf_changed":false,"_links_to":"","_links_to_target":""},"product_brand":[],"product_cat":[470,1106],"product_tag":[905,459],"class_list":{"0":"post-19040","1":"product","2":"type-product","3":"status-publish","4":"has-post-thumbnail","6":"product_cat-coulis","7":"product_cat-preparation","8":"product_tag-tout-en-un-coup-d-oeil","9":"product_tag-bigler-fr","10":"pa_gebinde-1-lt-fr","11":"pa_gebinde-10-lt-fr","12":"pa_gebinde-2-lt-fr","13":"pa_gebinde-5-lt-fr","15":"first","16":"instock","17":"product-type-variable","18":"has-default-attributes"},"acf":[],"_links":{"self":[{"href":"https:\/\/bigler-lacke.swiss\/fr\/wp-json\/wp\/v2\/product\/19040","targetHints":{"allow":["GET"]}}],"collection":[{"href":"https:\/\/bigler-lacke.swiss\/fr\/wp-json\/wp\/v2\/product"}],"about":[{"href":"https:\/\/bigler-lacke.swiss\/fr\/wp-json\/wp\/v2\/types\/product"}],"wp:featuredmedia":[{"embeddable":true,"href":"https:\/\/bigler-lacke.swiss\/fr\/wp-json\/wp\/v2\/media\/21003"}],"wp:attachment":[{"href":"https:\/\/bigler-lacke.swiss\/fr\/wp-json\/wp\/v2\/media?parent=19040"}],"wp:term":[{"taxonomy":"product_brand","embeddable":true,"href":"https:\/\/bigler-lacke.swiss\/fr\/wp-json\/wp\/v2\/product_brand?post=19040"},{"taxonomy":"product_cat","embeddable":true,"href":"https:\/\/bigler-lacke.swiss\/fr\/wp-json\/wp\/v2\/product_cat?post=19040"},{"taxonomy":"product_tag","embeddable":true,"href":"https:\/\/bigler-lacke.swiss\/fr\/wp-json\/wp\/v2\/product_tag?post=19040"}],"curies":[{"name":"wp","href":"https:\/\/api.w.org\/{rel}","templated":true}]}}