{"id":19056,"date":"2020-09-01T06:27:42","date_gmt":"2020-09-16T02:59:12","guid":{"rendered":"http:\/\/bigler-lacke.swiss\/product\/lyssolac-sc\/"},"modified":"2024-12-13T15:53:45","modified_gmt":"2024-12-13T14:53:45","slug":"lyssolac-sc","status":"publish","type":"product","link":"https:\/\/bigler-lacke.swiss\/fr\/produit\/lyssolac-sc\/","title":{"rendered":"BIGLER LYSSOLAC"},"content":{"rendered":"<ul>\n<li>Impr\u00e9gnation et vernissage des panneaux de coffrage et des mod\u00e8les en bois pour les \u00e9l\u00e9ments en b\u00e9ton.<\/li>\n<li>Prot\u00e8ge le bois du b\u00e9ton, pl\u00e2tre et autres mat\u00e9riaux de construction min\u00e9raux<\/li>\n<li>Extr\u00eamement r\u00e9sistant \u00e0 l\u2019abrasion ainsi qu\u2019\u00e0 de nombreux produits chimiques et solvants<\/li>\n<\/ul>\n","protected":false},"excerpt":{"rendered":"<ul>\n<li>Impr\u00e9gnation et vernissage des panneaux de coffrage et des mod\u00e8les en bois pour les \u00e9l\u00e9ments en b\u00e9ton<\/li>\n<li>Extr\u00eamement r\u00e9sistant \u00e0 l\u2019abrasion ainsi qu\u2019\u00e0 de nombreux produits chimiques et solvants<\/li>\n<\/ul>\n","protected":false},"featured_media":15891,"template":"","meta":{"_acf_changed":false,"_links_to":"","_links_to_target":""},"product_brand":[],"product_cat":[482],"product_tag":[905,459],"class_list":{"0":"post-19056","1":"product","2":"type-product","3":"status-publish","4":"has-post-thumbnail","6":"product_cat-vernis-pour-tableau-de-coffrage","7":"product_tag-tout-en-un-coup-d-oeil","8":"product_tag-bigler-fr","9":"pa_gebinde-5-lt-fr","11":"first","12":"instock","13":"product-type-simple"},"acf":[],"_links":{"self":[{"href":"https:\/\/bigler-lacke.swiss\/fr\/wp-json\/wp\/v2\/product\/19056","targetHints":{"allow":["GET"]}}],"collection":[{"href":"https:\/\/bigler-lacke.swiss\/fr\/wp-json\/wp\/v2\/product"}],"about":[{"href":"https:\/\/bigler-lacke.swiss\/fr\/wp-json\/wp\/v2\/types\/product"}],"wp:featuredmedia":[{"embeddable":true,"href":"https:\/\/bigler-lacke.swiss\/fr\/wp-json\/wp\/v2\/media\/15891"}],"wp:attachment":[{"href":"https:\/\/bigler-lacke.swiss\/fr\/wp-json\/wp\/v2\/media?parent=19056"}],"wp:term":[{"taxonomy":"product_brand","embeddable":true,"href":"https:\/\/bigler-lacke.swiss\/fr\/wp-json\/wp\/v2\/product_brand?post=19056"},{"taxonomy":"product_cat","embeddable":true,"href":"https:\/\/bigler-lacke.swiss\/fr\/wp-json\/wp\/v2\/product_cat?post=19056"},{"taxonomy":"product_tag","embeddable":true,"href":"https:\/\/bigler-lacke.swiss\/fr\/wp-json\/wp\/v2\/product_tag?post=19056"}],"curies":[{"name":"wp","href":"https:\/\/api.w.org\/{rel}","templated":true}]}}