{"id":19082,"date":"2020-09-01T06:30:21","date_gmt":"2020-09-16T03:01:25","guid":{"rendered":"http:\/\/bigler-lacke.swiss\/product\/nettoyeur-special-t\/"},"modified":"2024-12-13T17:23:37","modified_gmt":"2024-12-13T16:23:37","slug":"nettoyeur-special-t","status":"publish","type":"product","link":"https:\/\/bigler-lacke.swiss\/fr\/produit\/nettoyeur-special-t\/","title":{"rendered":"BIGLER Nettoyeur sp\u00e9cial T"},"content":{"rendered":"<p>Nettoyeur sp\u00e9ciale contenant des solvants pour \u00e9liminer les restes de colle de pose sur les parquets vernis et les rev\u00eatements textiles grand teint.<\/p>\n","protected":false},"excerpt":{"rendered":"<p>Nettoyeur sp\u00e9ciale contenant des solvants pour \u00e9liminer les restes de colle de pose sur les parquets vernis et les rev\u00eatements textiles grand teint.<\/p>\n","protected":false},"featured_media":13788,"template":"","meta":{"_acf_changed":false,"_links_to":"","_links_to_target":""},"product_brand":[],"product_cat":[478],"product_tag":[905,459],"class_list":{"0":"post-19082","1":"product","2":"type-product","3":"status-publish","4":"has-post-thumbnail","6":"product_cat-nettoyage","7":"product_tag-tout-en-un-coup-d-oeil","8":"product_tag-bigler-fr","9":"pa_gebinde-10-lt-fr","10":"pa_gebinde-5-lt-fr","12":"first","13":"instock","14":"product-type-variable","15":"has-default-attributes"},"acf":[],"_links":{"self":[{"href":"https:\/\/bigler-lacke.swiss\/fr\/wp-json\/wp\/v2\/product\/19082","targetHints":{"allow":["GET"]}}],"collection":[{"href":"https:\/\/bigler-lacke.swiss\/fr\/wp-json\/wp\/v2\/product"}],"about":[{"href":"https:\/\/bigler-lacke.swiss\/fr\/wp-json\/wp\/v2\/types\/product"}],"wp:featuredmedia":[{"embeddable":true,"href":"https:\/\/bigler-lacke.swiss\/fr\/wp-json\/wp\/v2\/media\/13788"}],"wp:attachment":[{"href":"https:\/\/bigler-lacke.swiss\/fr\/wp-json\/wp\/v2\/media?parent=19082"}],"wp:term":[{"taxonomy":"product_brand","embeddable":true,"href":"https:\/\/bigler-lacke.swiss\/fr\/wp-json\/wp\/v2\/product_brand?post=19082"},{"taxonomy":"product_cat","embeddable":true,"href":"https:\/\/bigler-lacke.swiss\/fr\/wp-json\/wp\/v2\/product_cat?post=19082"},{"taxonomy":"product_tag","embeddable":true,"href":"https:\/\/bigler-lacke.swiss\/fr\/wp-json\/wp\/v2\/product_tag?post=19082"}],"curies":[{"name":"wp","href":"https:\/\/api.w.org\/{rel}","templated":true}]}}