{"id":19097,"date":"2020-09-01T06:31:49","date_gmt":"2020-09-16T03:02:49","guid":{"rendered":"http:\/\/bigler-lacke.swiss\/product\/primer-h2o\/"},"modified":"2024-12-13T17:14:27","modified_gmt":"2024-12-13T16:14:27","slug":"primer","status":"publish","type":"product","link":"https:\/\/bigler-lacke.swiss\/fr\/produit\/primer\/","title":{"rendered":"BIGLER Primer"},"content":{"rendered":"<p><strong>BIGLER Primer<\/strong> est une couche de fond aqueuse pour parquet et planchers en bois \u00e0 base de copolym\u00e8re de polyur\u00e9thane acrylique.<br \/>\nEn raison du collage lat\u00e9ral fortement r\u00e9duit, BIGLER Primer est destin\u00e9 \u00e0 la premi\u00e8re couche sous tous les vernis aqueux pour parquet de BIGLER, qui peuvent ou non n\u00e9cessiter une couche de fond.<br \/>\nUn autreavantage est la r\u00e9duction des taches ou des marques de rouleaux sur les essences de bois tr\u00e8s absorbantes.<br \/>\nBIGLER Primer peut \u00eatre utilis\u00e9 pour tous les types de bois.<br \/>\nNe pas utiliser sur des sols en bois qui ne sont pas r\u00e9sistants au cisaillement et qui ne sont pas enti\u00e8rement coll\u00e9s sans la consultation et l\u2018approbation de notre service des techniques d\u2019application!<\/p>\n","protected":false},"excerpt":{"rendered":"<ul>\n<li>Fond dur en phase aqueuse<\/li>\n<li>Facilite l\u2019application du vernis de finition<\/li>\n<li>Sans odeur et sans m\u00e9lange<\/li>\n<li>Applicable sur toutes essences de bois<\/li>\n<li>S\u00e9chage rapide<\/li>\n<li>10 m\u00b2\/L<\/li>\n<\/ul>\n","protected":false},"featured_media":22718,"template":"","meta":{"_acf_changed":false,"_links_to":"","_links_to_target":""},"product_brand":[],"product_cat":[471],"product_tag":[905,459],"class_list":{"0":"post-19097","1":"product","2":"type-product","3":"status-publish","4":"has-post-thumbnail","6":"product_cat-primer","7":"product_tag-tout-en-un-coup-d-oeil","8":"product_tag-bigler-fr","9":"pa_gebinde-1-lt-fr","10":"pa_gebinde-10-lt-fr","11":"pa_gebinde-5-lt-fr","13":"first","14":"instock","15":"product-type-variable","16":"has-default-attributes"},"acf":[],"_links":{"self":[{"href":"https:\/\/bigler-lacke.swiss\/fr\/wp-json\/wp\/v2\/product\/19097","targetHints":{"allow":["GET"]}}],"collection":[{"href":"https:\/\/bigler-lacke.swiss\/fr\/wp-json\/wp\/v2\/product"}],"about":[{"href":"https:\/\/bigler-lacke.swiss\/fr\/wp-json\/wp\/v2\/types\/product"}],"wp:featuredmedia":[{"embeddable":true,"href":"https:\/\/bigler-lacke.swiss\/fr\/wp-json\/wp\/v2\/media\/22718"}],"wp:attachment":[{"href":"https:\/\/bigler-lacke.swiss\/fr\/wp-json\/wp\/v2\/media?parent=19097"}],"wp:term":[{"taxonomy":"product_brand","embeddable":true,"href":"https:\/\/bigler-lacke.swiss\/fr\/wp-json\/wp\/v2\/product_brand?post=19097"},{"taxonomy":"product_cat","embeddable":true,"href":"https:\/\/bigler-lacke.swiss\/fr\/wp-json\/wp\/v2\/product_cat?post=19097"},{"taxonomy":"product_tag","embeddable":true,"href":"https:\/\/bigler-lacke.swiss\/fr\/wp-json\/wp\/v2\/product_tag?post=19097"}],"curies":[{"name":"wp","href":"https:\/\/api.w.org\/{rel}","templated":true}]}}