{"id":19109,"date":"2020-09-01T06:33:08","date_gmt":"2020-09-01T04:33:08","guid":{"rendered":"http:\/\/bigler-lacke.swiss\/product\/mastic-a-bois-120-plus\/"},"modified":"2026-01-09T16:47:59","modified_gmt":"2026-01-09T15:47:59","slug":"bigler-mastic-a-bois-120","status":"publish","type":"product","link":"https:\/\/bigler-lacke.swiss\/fr\/produit\/bigler-mastic-a-bois-120\/","title":{"rendered":"BIGLER Mastic \u00e0 bois 120"},"content":{"rendered":"<ul>\n<li>Mastic \u00e0 bois aqueux<\/li>\n<li>s\u00e9chage rapide (1 \u00e0 3 heures)<\/li>\n<li>sans NMP<\/li>\n<\/ul>\n","protected":false},"excerpt":{"rendered":"<ul>\n<li>Vernis aqueux de r\u00e9sine acrylique<\/li>\n<li>destin\u00e9 \u00e0 la confection de mastic avec poussi\u00e8re de bois<\/li>\n<li>Label EC 1 plus<\/li>\n<\/ul>\n","protected":false},"featured_media":21001,"template":"","meta":{"_acf_changed":false,"_links_to":"","_links_to_target":""},"product_brand":[],"product_cat":[470,1106],"product_tag":[905,459],"class_list":{"0":"post-19109","1":"product","2":"type-product","3":"status-publish","4":"has-post-thumbnail","6":"product_cat-coulis","7":"product_cat-preparation","8":"product_tag-tout-en-un-coup-d-oeil","9":"product_tag-bigler-fr","10":"pa_gebinde-10-kg-fr","11":"pa_gebinde-5-kg-fr","13":"first","14":"instock","15":"product-type-variable","16":"has-default-attributes"},"acf":[],"_links":{"self":[{"href":"https:\/\/bigler-lacke.swiss\/fr\/wp-json\/wp\/v2\/product\/19109","targetHints":{"allow":["GET"]}}],"collection":[{"href":"https:\/\/bigler-lacke.swiss\/fr\/wp-json\/wp\/v2\/product"}],"about":[{"href":"https:\/\/bigler-lacke.swiss\/fr\/wp-json\/wp\/v2\/types\/product"}],"wp:featuredmedia":[{"embeddable":true,"href":"https:\/\/bigler-lacke.swiss\/fr\/wp-json\/wp\/v2\/media\/21001"}],"wp:attachment":[{"href":"https:\/\/bigler-lacke.swiss\/fr\/wp-json\/wp\/v2\/media?parent=19109"}],"wp:term":[{"taxonomy":"product_brand","embeddable":true,"href":"https:\/\/bigler-lacke.swiss\/fr\/wp-json\/wp\/v2\/product_brand?post=19109"},{"taxonomy":"product_cat","embeddable":true,"href":"https:\/\/bigler-lacke.swiss\/fr\/wp-json\/wp\/v2\/product_cat?post=19109"},{"taxonomy":"product_tag","embeddable":true,"href":"https:\/\/bigler-lacke.swiss\/fr\/wp-json\/wp\/v2\/product_tag?post=19109"}],"curies":[{"name":"wp","href":"https:\/\/api.w.org\/{rel}","templated":true}]}}