{"id":19243,"date":"2020-09-01T06:53:15","date_gmt":"2020-09-16T03:15:59","guid":{"rendered":"http:\/\/bigler-lacke.swiss\/product\/okatmos-ef-12\/"},"modified":"2021-08-27T08:57:37","modified_gmt":"2021-08-27T06:57:37","slug":"okatmos-ef-12","status":"publish","type":"product","link":"https:\/\/bigler-lacke.swiss\/fr\/produit\/okatmos-ef-12\/","title":{"rendered":"Okatmos EF 12"},"content":{"rendered":"<ul>\n<li>Colle universelle sans solvants, \u00e0 tr\u00e8s faible \u00e9mission, pour la fixation de rev\u00eatements textiles avec envers en latex, mousse ou non-tiss\u00e9, de rev\u00eatements en CV, de rev\u00eatements en PVC\/CV avec envers non-tiss\u00e9.<\/li>\n<li>Convient aux sous-couches enduites et aux anciens rev\u00eatements de sol r\u00e9sistants \u00e0 l\u2019eau.<\/li>\n<li>Okatmos\u00ae EF 12 est soluble et peut \u00eatre retir\u00e9 ult\u00e9rieurement.<\/li>\n<li>Okatmos\u00ae EF 12, gr\u00e2ce \u00e0 son effet hygi\u00e9nisant, aide \u00e0 pr\u00e9venir les odeurs.<\/li>\n<\/ul>\n","protected":false},"excerpt":{"rendered":"<ul>\n<li>Colle universelle<\/li>\n<li>pour PVC\/CV et rev\u00eatements textiles<\/li>\n<li>utilisation universelle<\/li>\n<li>sans solvants<\/li>\n<li>hygi\u00e9nisation<\/li>\n<li>adapt\u00e9 pour chauffage au sol<\/li>\n<\/ul>\n","protected":false},"featured_media":13514,"template":"","meta":{"_acf_changed":false,"_links_to":"","_links_to_target":""},"product_brand":[],"product_cat":[473,471],"product_tag":[905,463],"class_list":{"0":"post-19243","1":"product","2":"type-product","3":"status-publish","4":"has-post-thumbnail","6":"product_cat-adhesif","7":"product_cat-primer","8":"product_tag-tout-en-un-coup-d-oeil","9":"product_tag-kiesel-fr","10":"pa_gebinde-12-kg-fr","12":"first","13":"instock","14":"product-type-simple"},"acf":[],"_links":{"self":[{"href":"https:\/\/bigler-lacke.swiss\/fr\/wp-json\/wp\/v2\/product\/19243","targetHints":{"allow":["GET"]}}],"collection":[{"href":"https:\/\/bigler-lacke.swiss\/fr\/wp-json\/wp\/v2\/product"}],"about":[{"href":"https:\/\/bigler-lacke.swiss\/fr\/wp-json\/wp\/v2\/types\/product"}],"wp:featuredmedia":[{"embeddable":true,"href":"https:\/\/bigler-lacke.swiss\/fr\/wp-json\/wp\/v2\/media\/13514"}],"wp:attachment":[{"href":"https:\/\/bigler-lacke.swiss\/fr\/wp-json\/wp\/v2\/media?parent=19243"}],"wp:term":[{"taxonomy":"product_brand","embeddable":true,"href":"https:\/\/bigler-lacke.swiss\/fr\/wp-json\/wp\/v2\/product_brand?post=19243"},{"taxonomy":"product_cat","embeddable":true,"href":"https:\/\/bigler-lacke.swiss\/fr\/wp-json\/wp\/v2\/product_cat?post=19243"},{"taxonomy":"product_tag","embeddable":true,"href":"https:\/\/bigler-lacke.swiss\/fr\/wp-json\/wp\/v2\/product_tag?post=19243"}],"curies":[{"name":"wp","href":"https:\/\/api.w.org\/{rel}","templated":true}]}}