{"id":19244,"date":"2020-09-01T06:53:23","date_gmt":"2020-09-01T04:53:23","guid":{"rendered":"http:\/\/bigler-lacke.swiss\/product\/servoplan-ki-1\/"},"modified":"2021-08-27T09:52:03","modified_gmt":"2021-08-27T07:52:03","slug":"servoplan-ki-1","status":"publish","type":"product","link":"https:\/\/bigler-lacke.swiss\/fr\/produit\/servoplan-ki-1\/","title":{"rendered":"Servoplan Ki 1"},"content":{"rendered":"<ul>\n<li>Enduit autonivelant \u00e0 base de ciment et enrichi en mati\u00e8re synth\u00e9tique, \u00e0 surface tr\u00e8s lisse, destin\u00e9 \u00e0 niveler et \u00e0 \u00e9galiser les sous-couches pr\u00eates \u00e0 l\u2019emploi avec une \u00e9paisseur de couche allant jusqu\u2019\u00e0 20 mm.<\/li>\n<li>Servoplan Ki 1 convient comme sous-couche pour la pose de rev\u00eatements c\u00e9ramiques, de pierres naturelles et de pierres de b\u00e9ton, ainsi que de rev\u00eatements de sol \u00e9lastiques et textiles et de parquets.<\/li>\n<li>Pour les zones int\u00e9rieures s\u00e8ches et pour la classe d\u2019exposition \u00e0 l\u2019humidit\u00e9 A0 en combinaison avec une \u00e9tanch\u00e9it\u00e9 composite.<\/li>\n<li>Convient \u00e9galement pour les chapes en asphalte coul\u00e9 de la classe de duret\u00e9 IC 10 dans des \u00e9paisseurs de couche allant jusqu\u2019\u00e0 10 mm.<\/li>\n<li>Des fibres de renforcement en silice peuvent \u00eatre ajout\u00e9es pour augmenter la r\u00e9sistance \u00e0 la traction et \u00e0 la flexion.<\/li>\n<\/ul>\n","protected":false},"excerpt":{"rendered":"<ul>\n<li>Enduit<\/li>\n<li>autonivelant<\/li>\n<li>tr\u00e8s bonnes propri\u00e9t\u00e9s d\u2019ouvrabilit\u00e9<\/li>\n<li>tr\u00e8s faible tension<\/li>\n<li>pompable<\/li>\n<li>\u00e9paisseur de couche de 1 \u00e0 20 mm<\/li>\n<li>rendement \u00e9lev\u00e9<\/li>\n<li>adapt\u00e9 sous parquet<\/li>\n<li>surface tr\u00e8s lisse, ce qui r\u00e9duit la quantit\u00e9 de colle utilis\u00e9e.<\/li>\n<\/ul>\n","protected":false},"featured_media":13516,"template":"","meta":{"_acf_changed":false,"_links_to":"","_links_to_target":""},"product_brand":[],"product_cat":[486],"product_tag":[905,463],"class_list":{"0":"post-19244","1":"product","2":"type-product","3":"status-publish","4":"has-post-thumbnail","6":"product_cat-remplissage","7":"product_tag-tout-en-un-coup-d-oeil","8":"product_tag-kiesel-fr","9":"pa_gebinde-20-kg-fr","11":"first","12":"instock","13":"product-type-simple"},"acf":[],"_links":{"self":[{"href":"https:\/\/bigler-lacke.swiss\/fr\/wp-json\/wp\/v2\/product\/19244","targetHints":{"allow":["GET"]}}],"collection":[{"href":"https:\/\/bigler-lacke.swiss\/fr\/wp-json\/wp\/v2\/product"}],"about":[{"href":"https:\/\/bigler-lacke.swiss\/fr\/wp-json\/wp\/v2\/types\/product"}],"wp:featuredmedia":[{"embeddable":true,"href":"https:\/\/bigler-lacke.swiss\/fr\/wp-json\/wp\/v2\/media\/13516"}],"wp:attachment":[{"href":"https:\/\/bigler-lacke.swiss\/fr\/wp-json\/wp\/v2\/media?parent=19244"}],"wp:term":[{"taxonomy":"product_brand","embeddable":true,"href":"https:\/\/bigler-lacke.swiss\/fr\/wp-json\/wp\/v2\/product_brand?post=19244"},{"taxonomy":"product_cat","embeddable":true,"href":"https:\/\/bigler-lacke.swiss\/fr\/wp-json\/wp\/v2\/product_cat?post=19244"},{"taxonomy":"product_tag","embeddable":true,"href":"https:\/\/bigler-lacke.swiss\/fr\/wp-json\/wp\/v2\/product_tag?post=19244"}],"curies":[{"name":"wp","href":"https:\/\/api.w.org\/{rel}","templated":true}]}}