{"id":19245,"date":"2020-09-01T06:53:33","date_gmt":"2020-09-16T03:16:11","guid":{"rendered":"http:\/\/bigler-lacke.swiss\/product\/okatmos-star-120\/"},"modified":"2021-08-27T09:26:41","modified_gmt":"2021-08-27T07:26:41","slug":"okatmos-star-120","status":"publish","type":"product","link":"https:\/\/bigler-lacke.swiss\/fr\/produit\/okatmos-star-120\/","title":{"rendered":"Okatmos star 120"},"content":{"rendered":"<ul>\n<li>Colle humide \u00e0 dispersion sans solvants (selon TRGS 610), \u00e0 tr\u00e8s faible \u00e9mission, pour le collage des rev\u00eatements LVT design au format de planches et de carreaux, des rev\u00eatements de sol en PVC\/CV homog\u00e8nes\/h\u00e9t\u00e9rog\u00e8nes sans tension et des feuilles de quartz vinylique sur des supports absorbants.<\/li>\n<li>Okatmos\u00ae star 120, gr\u00e2ce \u00e0 son effet hygi\u00e9nisant, aide \u00e0 pr\u00e9venir les odeurs.<\/li>\n<\/ul>\n","protected":false},"excerpt":{"rendered":"<ul>\n<li>Colle humide pour rev\u00eatements design<\/li>\n<li>pouvoir adh\u00e9sif initial rapide<\/li>\n<li>facile \u00e0 \u00e9taler<\/li>\n<li>hygi\u00e9nisant<\/li>\n<li>\u00e0 tr\u00e8s faible \u00e9mission<\/li>\n<\/ul>\n","protected":false},"featured_media":12138,"template":"","meta":{"_acf_changed":false,"_links_to":"","_links_to_target":""},"product_brand":[],"product_cat":[473],"product_tag":[905,463],"class_list":{"0":"post-19245","1":"product","2":"type-product","3":"status-publish","4":"has-post-thumbnail","6":"product_cat-adhesif","7":"product_tag-tout-en-un-coup-d-oeil","8":"product_tag-kiesel-fr","9":"pa_gebinde-14-kg-fr","11":"first","12":"instock","13":"product-type-simple"},"acf":[],"_links":{"self":[{"href":"https:\/\/bigler-lacke.swiss\/fr\/wp-json\/wp\/v2\/product\/19245","targetHints":{"allow":["GET"]}}],"collection":[{"href":"https:\/\/bigler-lacke.swiss\/fr\/wp-json\/wp\/v2\/product"}],"about":[{"href":"https:\/\/bigler-lacke.swiss\/fr\/wp-json\/wp\/v2\/types\/product"}],"wp:featuredmedia":[{"embeddable":true,"href":"https:\/\/bigler-lacke.swiss\/fr\/wp-json\/wp\/v2\/media\/12138"}],"wp:attachment":[{"href":"https:\/\/bigler-lacke.swiss\/fr\/wp-json\/wp\/v2\/media?parent=19245"}],"wp:term":[{"taxonomy":"product_brand","embeddable":true,"href":"https:\/\/bigler-lacke.swiss\/fr\/wp-json\/wp\/v2\/product_brand?post=19245"},{"taxonomy":"product_cat","embeddable":true,"href":"https:\/\/bigler-lacke.swiss\/fr\/wp-json\/wp\/v2\/product_cat?post=19245"},{"taxonomy":"product_tag","embeddable":true,"href":"https:\/\/bigler-lacke.swiss\/fr\/wp-json\/wp\/v2\/product_tag?post=19245"}],"curies":[{"name":"wp","href":"https:\/\/api.w.org\/{rel}","templated":true}]}}