{"id":19246,"date":"2020-09-01T06:53:40","date_gmt":"2020-09-16T03:16:17","guid":{"rendered":"http:\/\/bigler-lacke.swiss\/product\/bakit-fpk\/"},"modified":"2021-08-26T15:00:20","modified_gmt":"2021-08-26T13:00:20","slug":"bakit-fpk","status":"publish","type":"product","link":"https:\/\/bigler-lacke.swiss\/fr\/produit\/bakit-fpk\/","title":{"rendered":"Bakit FPK"},"content":{"rendered":"<ul>\n<li>Colle \u00e0 1 composant \u00e0 tr\u00e8s faible \u00e9mission, sans solvants ni silicone, avec d\u2019excellents r\u00e9sultats de marquage et une tr\u00e8s bonne aptitude \u00e0 l\u2019\u00e9talement pour le collage \u00e9lastique du parquet.<\/li>\n<li>Convient \u00e0 diff\u00e9rents types de parquet, tels que le parquet pr\u00eat \u00e0 l\u2019emploi, le parquet \u00e0 2, 3 et plusieurs couches.<\/li>\n<li>Pour les bois exotiques, veuillez consulter le service des techniques d\u2019application.<\/li>\n<li>Pour le collage sur des chapes en ciment, des chapes (fluides) en sulfate de calcium, des panneaux agglom\u00e9r\u00e9s V 100 E1, des panneaux OSB et sur des sous-couches liss\u00e9es avec des enduits Servoplan, Servofix ou Servoalpha appropri\u00e9s.<\/li>\n<li>Test\u00e9 dans le syst\u00e8me avec les finitions de surface pour parquet Kiesel.<\/li>\n<li>Bakit FPK peut \u00eatre appliqu\u00e9 sur de nombreuses sous-couches sans couche d\u2019appr\u00eat.<\/li>\n<li>Bakit FPK est \u00e9galement disponible en sachets tubulaires en aluminium et peut \u00eatre appliqu\u00e9 sur la sous-couche respective en combinaison avec le pistolet Parkett-X-Press 100 ou Parkett-X-Press 100 Pro.<\/li>\n<\/ul>\n","protected":false},"excerpt":{"rendered":"<ul>\n<li>Colle pour parquet pr\u00eate \u00e0 l\u2019emploi<\/li>\n<li>1 composant<\/li>\n<li>pr\u00eat \u00e0 l\u2019emploi<\/li>\n<li>durcissement \u00e9lastique<\/li>\n<li>facile \u00e0 \u00e9taler<\/li>\n<li>adapt\u00e9 pour chauffage au sol<\/li>\n<\/ul>\n","protected":false},"featured_media":16493,"template":"","meta":{"_acf_changed":false,"_links_to":"","_links_to_target":""},"product_brand":[],"product_cat":[473],"product_tag":[905,463],"class_list":{"0":"post-19246","1":"product","2":"type-product","3":"status-publish","4":"has-post-thumbnail","6":"product_cat-adhesif","7":"product_tag-tout-en-un-coup-d-oeil","8":"product_tag-kiesel-fr","9":"pa_gebinde-17-kg-fr","11":"first","12":"instock","13":"product-type-simple"},"acf":[],"_links":{"self":[{"href":"https:\/\/bigler-lacke.swiss\/fr\/wp-json\/wp\/v2\/product\/19246","targetHints":{"allow":["GET"]}}],"collection":[{"href":"https:\/\/bigler-lacke.swiss\/fr\/wp-json\/wp\/v2\/product"}],"about":[{"href":"https:\/\/bigler-lacke.swiss\/fr\/wp-json\/wp\/v2\/types\/product"}],"wp:featuredmedia":[{"embeddable":true,"href":"https:\/\/bigler-lacke.swiss\/fr\/wp-json\/wp\/v2\/media\/16493"}],"wp:attachment":[{"href":"https:\/\/bigler-lacke.swiss\/fr\/wp-json\/wp\/v2\/media?parent=19246"}],"wp:term":[{"taxonomy":"product_brand","embeddable":true,"href":"https:\/\/bigler-lacke.swiss\/fr\/wp-json\/wp\/v2\/product_brand?post=19246"},{"taxonomy":"product_cat","embeddable":true,"href":"https:\/\/bigler-lacke.swiss\/fr\/wp-json\/wp\/v2\/product_cat?post=19246"},{"taxonomy":"product_tag","embeddable":true,"href":"https:\/\/bigler-lacke.swiss\/fr\/wp-json\/wp\/v2\/product_tag?post=19246"}],"curies":[{"name":"wp","href":"https:\/\/api.w.org\/{rel}","templated":true}]}}