{"id":19247,"date":"2020-09-01T06:53:47","date_gmt":"2020-09-01T04:53:47","guid":{"rendered":"http:\/\/bigler-lacke.swiss\/product\/servofix-fg\/"},"modified":"2020-09-16T05:16:23","modified_gmt":"2020-09-16T03:16:23","slug":"servofix-fg","status":"publish","type":"product","link":"https:\/\/bigler-lacke.swiss\/fr\/produit\/servofix-fg\/","title":{"rendered":"Servofix FG"},"content":{"rendered":"<ul>\n<li>Enduit universel \u00e0 base de ciment et enrichi en mati\u00e8re synth\u00e9tique, avec de bonnes propri\u00e9t\u00e9s d\u2019ouvrabilit\u00e9, destin\u00e9 \u00e0 niveler et \u00e0 \u00e9galiser les sous-couches pr\u00eates \u00e0 l\u2019emploi avec une \u00e9paisseur de couche allant jusqu\u2019\u00e0 10 mm avant la pose de rev\u00eatements textiles ou \u00e9lastiques.<\/li>\n<li>Ne pas utiliser dans des pi\u00e8ces humides.<\/li>\n<li>Des fibres de renforcement en silice peuvent \u00eatre ajout\u00e9es pour augmenter la r\u00e9sistance \u00e0 la traction et \u00e0 la flexion.<\/li>\n<\/ul>\n","protected":false},"excerpt":{"rendered":"<ul>\n<li>Enduit universel<\/li>\n<li>pompable<\/li>\n<li>\u00e9galement adapt\u00e9 sous parquet<\/li>\n<li>autonivelant<\/li>\n<li>tr\u00e8s bonnes propri\u00e9t\u00e9s d\u2019ouvrabilit\u00e9<\/li>\n<li>\u00e9paisseur de couche jusqu\u2019\u00e0 10 mm<br \/>\n (\u00e9tir\u00e9 jusqu\u2019\u00e0 20 mm avec du sable de quartz)<\/li>\n<li>r\u00e9pertori\u00e9 dans le navigateur DGNB<\/li>\n<\/ul>\n","protected":false},"featured_media":16495,"template":"","meta":{"_acf_changed":false,"_links_to":"","_links_to_target":""},"product_brand":[],"product_cat":[486],"product_tag":[905,463],"class_list":{"0":"post-19247","1":"product","2":"type-product","3":"status-publish","4":"has-post-thumbnail","6":"product_cat-remplissage","7":"product_tag-tout-en-un-coup-d-oeil","8":"product_tag-kiesel-fr","9":"pa_gebinde-25-kg-fr","11":"first","12":"instock","13":"product-type-simple"},"acf":[],"_links":{"self":[{"href":"https:\/\/bigler-lacke.swiss\/fr\/wp-json\/wp\/v2\/product\/19247","targetHints":{"allow":["GET"]}}],"collection":[{"href":"https:\/\/bigler-lacke.swiss\/fr\/wp-json\/wp\/v2\/product"}],"about":[{"href":"https:\/\/bigler-lacke.swiss\/fr\/wp-json\/wp\/v2\/types\/product"}],"wp:featuredmedia":[{"embeddable":true,"href":"https:\/\/bigler-lacke.swiss\/fr\/wp-json\/wp\/v2\/media\/16495"}],"wp:attachment":[{"href":"https:\/\/bigler-lacke.swiss\/fr\/wp-json\/wp\/v2\/media?parent=19247"}],"wp:term":[{"taxonomy":"product_brand","embeddable":true,"href":"https:\/\/bigler-lacke.swiss\/fr\/wp-json\/wp\/v2\/product_brand?post=19247"},{"taxonomy":"product_cat","embeddable":true,"href":"https:\/\/bigler-lacke.swiss\/fr\/wp-json\/wp\/v2\/product_cat?post=19247"},{"taxonomy":"product_tag","embeddable":true,"href":"https:\/\/bigler-lacke.swiss\/fr\/wp-json\/wp\/v2\/product_tag?post=19247"}],"curies":[{"name":"wp","href":"https:\/\/api.w.org\/{rel}","templated":true}]}}