{"id":19251,"date":"2020-09-01T06:54:19","date_gmt":"2020-09-01T04:54:19","guid":{"rendered":"http:\/\/bigler-lacke.swiss\/product\/servoplan-e-600\/"},"modified":"2020-09-16T05:16:47","modified_gmt":"2020-09-16T03:16:47","slug":"servoplan-e-600","status":"publish","type":"product","link":"https:\/\/bigler-lacke.swiss\/fr\/produit\/servoplan-e-600\/","title":{"rendered":"Servoplan E 600"},"content":{"rendered":"<ul>\n<li>Chape fluide pr\u00eate \u00e0 l\u2019emploi \u00e0 base de ciment et enrichi en mati\u00e8re synth\u00e9tique, \u00e0 prise rapide selon la norme DIN EN 13813 pour la fabrication de chapes fluides \u00e0 base de ciment pouvant \u00eatre utilis\u00e9 comme support porteur \u00e0 un stade pr\u00e9coce selon la norme DIN 18560. Classe de r\u00e9sistance CT-C45-F7 selon la norme DIN EN 13813.<\/li>\n<li>Pour la fabrication de chapes adh\u00e9rentes, de chapes sur couche de d\u00e9solidarisation et d\u2019isolation et comme chapes chauffantes sur couche d\u2019isolation, en fonction de l\u2019\u00e9paisseur respective des couches dans les domaines d\u2019utilisation des cat\u00e9gories A, B, C 1-3, 5, D1-2, E1, T1-2 et Z, selon la norme DIN EN 1991-1-1\/NA:2010-12.<\/li>\n<li>Disponible en syst\u00e8me \u00ab Kiesel Eco Sound \u00bb avec isolation phonique Kiesel Ki 880 Eco Sound, membrane Kiesel Ki 881 Eco Sound et 25 mm Servoplan E 600 ou uniquement sur une couche de d\u00e9solidarisation avec membrane Kiesel Ki 881 Eco Sound et 20 mm Servoplan E 600 dans les domaines d\u2019utilisation des cat\u00e9gories A, B1 et D1, selon la norme DIN EN 1991-1-1\/NA:2010-12.<\/li>\n<li>Servoplan E 600 convient comme sous-couche pour la pose de rev\u00eatements c\u00e9ramiques, de pierres naturelles et de pierres de b\u00e9ton, ainsi que de rev\u00eatements de sol \u00e9lastiques et textiles et de parquets.<\/li>\n<li>Convient pour une utilisation int\u00e9rieure s\u00e8che sur des sous-couches porteuses, rigides en flexion et ind\u00e9formables, ainsi que pour les classes d\u2019exposition \u00e0 l\u2019eau W0-I, W1-I et W2-I selon la norme DIN 18534, dans les salles de bains priv\u00e9es et les douches d\u2019h\u00f4tel en dehors de la zone de douche, en combinaison avec une \u00e9tanch\u00e9it\u00e9 composite.<\/li>\n<li>Les directives g\u00e9n\u00e9rales pour les chapes \u00e0 base de ciment DIN 18560 s\u2019appliquent.<\/li>\n<li>Dans le cas d\u2019une chape flottante ou d\u2019une chape pos\u00e9e sur une couche de d\u00e9solidarisation, la disponibilit\u00e9 pour la pose de rev\u00eatements \u00e9tanches \u00e0 la vapeur et de parquet est \u22643,0 CM-% sans chauffage au sol , et de \u2264 2,5 CM-% avec chauffage au sol.<\/li>\n<\/ul>\n","protected":false},"excerpt":{"rendered":"<ul>\n<li>Chape fluide pr\u00eate \u00e0 l\u2019emploi<\/li>\n<li>autonivelant<\/li>\n<li>\u00e0 prise rapide<\/li>\n<li>s\u00e9chage rapide<\/li>\n<li>peut \u00eatre recouvert de c\u00e9ramique apr\u00e8s 24 heures<\/li>\n<li>tr\u00e8s faible tension<\/li>\n<li>pompable<\/li>\n<li>de 5 \u00e0 80 mm d\u2019\u00e9paisseur de couche<\/li>\n<li>adapt\u00e9 pour chauffage au sol<\/li>\n<li>seulement 35 mm de chevauchement des tuyaux pour les chapes chauffantes<\/li>\n<li>r\u00e9pertori\u00e9e dans le navigateur DGNB<\/li>\n<\/ul>\n","protected":false},"featured_media":16500,"template":"","meta":{"_acf_changed":false,"_links_to":"","_links_to_target":""},"product_brand":[],"product_cat":[486],"product_tag":[905,463],"class_list":{"0":"post-19251","1":"product","2":"type-product","3":"status-publish","4":"has-post-thumbnail","6":"product_cat-remplissage","7":"product_tag-tout-en-un-coup-d-oeil","8":"product_tag-kiesel-fr","9":"pa_gebinde-20-kg-fr","11":"first","12":"instock","13":"product-type-simple"},"acf":[],"_links":{"self":[{"href":"https:\/\/bigler-lacke.swiss\/fr\/wp-json\/wp\/v2\/product\/19251","targetHints":{"allow":["GET"]}}],"collection":[{"href":"https:\/\/bigler-lacke.swiss\/fr\/wp-json\/wp\/v2\/product"}],"about":[{"href":"https:\/\/bigler-lacke.swiss\/fr\/wp-json\/wp\/v2\/types\/product"}],"wp:featuredmedia":[{"embeddable":true,"href":"https:\/\/bigler-lacke.swiss\/fr\/wp-json\/wp\/v2\/media\/16500"}],"wp:attachment":[{"href":"https:\/\/bigler-lacke.swiss\/fr\/wp-json\/wp\/v2\/media?parent=19251"}],"wp:term":[{"taxonomy":"product_brand","embeddable":true,"href":"https:\/\/bigler-lacke.swiss\/fr\/wp-json\/wp\/v2\/product_brand?post=19251"},{"taxonomy":"product_cat","embeddable":true,"href":"https:\/\/bigler-lacke.swiss\/fr\/wp-json\/wp\/v2\/product_cat?post=19251"},{"taxonomy":"product_tag","embeddable":true,"href":"https:\/\/bigler-lacke.swiss\/fr\/wp-json\/wp\/v2\/product_tag?post=19251"}],"curies":[{"name":"wp","href":"https:\/\/api.w.org\/{rel}","templated":true}]}}