{"id":19253,"date":"2020-09-01T06:54:37","date_gmt":"2020-09-01T04:54:37","guid":{"rendered":"http:\/\/bigler-lacke.swiss\/product\/servofine-f-333\/"},"modified":"2020-09-16T05:16:59","modified_gmt":"2020-09-16T03:16:59","slug":"servofine-f-333","status":"publish","type":"product","link":"https:\/\/bigler-lacke.swiss\/fr\/produit\/servofine-f-333\/","title":{"rendered":"Servofine F 333"},"content":{"rendered":"<ul>\n<li>Enduit de lissage tr\u00e8s fin \u00e0 base de ciment et fortement enrichi en mati\u00e8re synth\u00e9tique, pour \u00e9galiser les marches d\u2019escalier, les paliers, les trous et les grandes in\u00e9galit\u00e9s des chapes, des sols en b\u00e9ton brut et des semelles ainsi que pour lisser diff\u00e9rentes sous-couches comme le b\u00e9ton, le bois, le terrazzo, les r\u00e9sidus de colle, etc.<\/li>\n<li>Tr\u00e8s adapt\u00e9 au nivellement des inclinaisons et \u00e0 la compensation de la hauteur.<\/li>\n<li>Ne n\u00e9cessite aucun traitement th\u00e9rmique ni couche de fond pr\u00e9alable.<\/li>\n<li>Durcissement fiable m\u00eame en couches minces. Ne pas utiliser ServoFine F 333 comme sol d\u2019usure ou sous un parquet.<\/li>\n<li>Convient pour une utilisation int\u00e9rieure sur des sous-couches porteuses, rigides en flexion et ind\u00e9formables, ainsi que pour les classes d\u2019exposition \u00e0 l\u2019eau W0-I, W1-I et W2-I selon la norme DIN 18534, dans les salles de bains priv\u00e9es et les douches d\u2019h\u00f4tel en dehors de la zone de douche, en combinaison avec une \u00e9tanch\u00e9it\u00e9 composite.<\/li>\n<\/ul>\n","protected":false},"excerpt":{"rendered":"<ul>\n<li>Enduit de lissage<\/li>\n<li>pas de traitement thermique ni couche de fond n\u00e9cessaires<\/li>\n<li>\u00e9tirable \u00e0 \u00ab 0 \u00bb<\/li>\n<li>utilisation polyvalente<\/li>\n<li>surface tr\u00e8s lisse<\/li>\n<li>durcissement rapide<\/li>\n<li>adapt\u00e9 aux roulettes de chaise<\/li>\n<\/ul>\n","protected":false},"featured_media":12143,"template":"","meta":{"_acf_changed":false,"_links_to":"","_links_to_target":""},"product_brand":[],"product_cat":[480],"product_tag":[905,463],"class_list":{"0":"post-19253","1":"product","2":"type-product","3":"status-publish","4":"has-post-thumbnail","6":"product_cat-compose-de-reparation","7":"product_tag-tout-en-un-coup-d-oeil","8":"product_tag-kiesel-fr","9":"pa_gebinde-4-75-kg-fr","11":"first","12":"instock","13":"product-type-simple"},"acf":[],"_links":{"self":[{"href":"https:\/\/bigler-lacke.swiss\/fr\/wp-json\/wp\/v2\/product\/19253","targetHints":{"allow":["GET"]}}],"collection":[{"href":"https:\/\/bigler-lacke.swiss\/fr\/wp-json\/wp\/v2\/product"}],"about":[{"href":"https:\/\/bigler-lacke.swiss\/fr\/wp-json\/wp\/v2\/types\/product"}],"wp:featuredmedia":[{"embeddable":true,"href":"https:\/\/bigler-lacke.swiss\/fr\/wp-json\/wp\/v2\/media\/12143"}],"wp:attachment":[{"href":"https:\/\/bigler-lacke.swiss\/fr\/wp-json\/wp\/v2\/media?parent=19253"}],"wp:term":[{"taxonomy":"product_brand","embeddable":true,"href":"https:\/\/bigler-lacke.swiss\/fr\/wp-json\/wp\/v2\/product_brand?post=19253"},{"taxonomy":"product_cat","embeddable":true,"href":"https:\/\/bigler-lacke.swiss\/fr\/wp-json\/wp\/v2\/product_cat?post=19253"},{"taxonomy":"product_tag","embeddable":true,"href":"https:\/\/bigler-lacke.swiss\/fr\/wp-json\/wp\/v2\/product_tag?post=19253"}],"curies":[{"name":"wp","href":"https:\/\/api.w.org\/{rel}","templated":true}]}}