{"id":19254,"date":"2020-09-01T06:54:45","date_gmt":"2020-09-16T03:17:04","guid":{"rendered":"http:\/\/bigler-lacke.swiss\/product\/servoplan-d-800\/"},"modified":"2021-08-27T09:49:57","modified_gmt":"2021-08-27T07:49:57","slug":"servoplan-d-800","status":"publish","type":"product","link":"https:\/\/bigler-lacke.swiss\/fr\/produit\/servoplan-d-800\/","title":{"rendered":"Servoplan D 800"},"content":{"rendered":"<ul>\n<li>Enduit de finition \u00e0 base de ciment enrichi en mati\u00e8re synth\u00e9tique et \u00e0 faible tension, pour l\u2019\u00e9galisation de sols en b\u00e9ton brut, de chapes, de terrazzo, de carrelages et de dalles pour des \u00e9paisseurs de couche de 3 \u00e0 40 mm \u00e0 l\u2019int\u00e9rieur.<\/li>\n<li>Convient sur des sous-couches porteuses, rigides en flexion et ind\u00e9formables, ainsi que pour les classes d\u2019exposition \u00e0 l\u2019eau W0-I, W1-I et W2-I selon la norme DIN 18534, dans les salles de bains priv\u00e9es et les douches d\u2019h\u00f4tel en dehors de la zone de douche, en combinaison avec une \u00e9tanch\u00e9it\u00e9 composite.<\/li>\n<li>En ajoutant Okamul 71, Servoplan D 800 peut \u00e9galement \u00eatre utilis\u00e9 sur des chapes en asphalte coul\u00e9 de la classe de duret\u00e9 IC 10 et pour le l\u2019\u00e9galisation de nattes chauffantes.<\/li>\n<li>Convient comme sous-couche pr\u00eate \u00e0 poser pour tous les rev\u00eatements de sol et comme couche d\u2019usure pour sollicitation normale, en combinaison avec une peinture ou un rev\u00eatement.<\/li>\n<li>Lorsqu\u2019elle est recouverte d\u2019un rev\u00eatement dense, la sous-structure doit \u00eatre s\u00e8che en permanence.<\/li>\n<\/ul>\n","protected":false},"excerpt":{"rendered":"<ul>\n<li>Enduit de finition \u00e0 base de ciment<\/li>\n<li>autonivelant<\/li>\n<li>s\u00e9chage rapide<\/li>\n<li> de 3 \u00e0 40 mm d\u2019\u00e9paisseur en 1 op\u00e9ration<\/li>\n<li>pompable<\/li>\n<li>convient pour le chauffage au sol<\/li>\n<\/ul>\n","protected":false},"featured_media":13991,"template":"","meta":{"_acf_changed":false,"_links_to":"","_links_to_target":""},"product_brand":[],"product_cat":[486],"product_tag":[905,463],"class_list":{"0":"post-19254","1":"product","2":"type-product","3":"status-publish","4":"has-post-thumbnail","6":"product_cat-remplissage","7":"product_tag-tout-en-un-coup-d-oeil","8":"product_tag-kiesel-fr","9":"pa_gebinde-25-kg-fr","11":"first","12":"instock","13":"product-type-simple"},"acf":[],"_links":{"self":[{"href":"https:\/\/bigler-lacke.swiss\/fr\/wp-json\/wp\/v2\/product\/19254","targetHints":{"allow":["GET"]}}],"collection":[{"href":"https:\/\/bigler-lacke.swiss\/fr\/wp-json\/wp\/v2\/product"}],"about":[{"href":"https:\/\/bigler-lacke.swiss\/fr\/wp-json\/wp\/v2\/types\/product"}],"wp:featuredmedia":[{"embeddable":true,"href":"https:\/\/bigler-lacke.swiss\/fr\/wp-json\/wp\/v2\/media\/13991"}],"wp:attachment":[{"href":"https:\/\/bigler-lacke.swiss\/fr\/wp-json\/wp\/v2\/media?parent=19254"}],"wp:term":[{"taxonomy":"product_brand","embeddable":true,"href":"https:\/\/bigler-lacke.swiss\/fr\/wp-json\/wp\/v2\/product_brand?post=19254"},{"taxonomy":"product_cat","embeddable":true,"href":"https:\/\/bigler-lacke.swiss\/fr\/wp-json\/wp\/v2\/product_cat?post=19254"},{"taxonomy":"product_tag","embeddable":true,"href":"https:\/\/bigler-lacke.swiss\/fr\/wp-json\/wp\/v2\/product_tag?post=19254"}],"curies":[{"name":"wp","href":"https:\/\/api.w.org\/{rel}","templated":true}]}}