{"id":19258,"date":"2020-09-01T06:55:17","date_gmt":"2020-09-16T03:17:24","guid":{"rendered":"http:\/\/bigler-lacke.swiss\/product\/okatmos-star-110\/"},"modified":"2021-08-27T09:23:56","modified_gmt":"2021-08-27T07:23:56","slug":"okatmos-star-110","status":"publish","type":"product","link":"https:\/\/bigler-lacke.swiss\/fr\/produit\/okatmos-star-110\/","title":{"rendered":"Okatmos star 110"},"content":{"rendered":"<ul>\n<li>Colle \u00e0 dispersion pour collage humide, sans solvants, \u00e0 tr\u00e8s faible \u00e9mission et renforc\u00e9e par des fibres, pour le collage des rev\u00eatements LVT design en planches et en carreaux, des rev\u00eatements PVC\/CV homog\u00e8nes\/h\u00e9t\u00e9rog\u00e8nes sans tension ainsi que des rev\u00eatements en caoutchouc jusqu\u2019\u00e0 4 mm d\u2019\u00e9paisseur en planches et en carreaux (ne convient pas aux rev\u00eatements sp\u00e9ciaux).<\/li>\n<li>L\u2019ajout de fibres de renforcement minimise l\u2019\u00e9crasement de la colle lors de la pose et la p\u00e9n\u00e9tration dans les rev\u00eatements pos\u00e9s.<\/li>\n<li>Okatmos\u00ae star 110, gr\u00e2ce \u00e0 son effet hygi\u00e9nisant, aide \u00e0 pr\u00e9venir les odeurs.<\/li>\n<\/ul>\n","protected":false},"excerpt":{"rendered":"<ul>\n<li>Colle \u00e0 dispersion pour collage humide<\/li>\n<li>renforc\u00e9 par des fibres<\/li>\n<li>temps d\u2019\u00e9vaporation court<\/li>\n<li>faible consommation<\/li>\n<li>facile \u00e0 \u00e9taler adh\u00e9sif<\/li>\n<li>joints de colle durs<\/li>\n<li>hygi\u00e9nisant<\/li>\n<\/ul>\n","protected":false},"featured_media":12141,"template":"","meta":{"_acf_changed":false,"_links_to":"","_links_to_target":""},"product_brand":[],"product_cat":[473],"product_tag":[905,463],"class_list":{"0":"post-19258","1":"product","2":"type-product","3":"status-publish","4":"has-post-thumbnail","6":"product_cat-adhesif","7":"product_tag-tout-en-un-coup-d-oeil","8":"product_tag-kiesel-fr","9":"pa_gebinde-14-lt-fr","11":"first","12":"instock","13":"product-type-simple"},"acf":[],"_links":{"self":[{"href":"https:\/\/bigler-lacke.swiss\/fr\/wp-json\/wp\/v2\/product\/19258","targetHints":{"allow":["GET"]}}],"collection":[{"href":"https:\/\/bigler-lacke.swiss\/fr\/wp-json\/wp\/v2\/product"}],"about":[{"href":"https:\/\/bigler-lacke.swiss\/fr\/wp-json\/wp\/v2\/types\/product"}],"wp:featuredmedia":[{"embeddable":true,"href":"https:\/\/bigler-lacke.swiss\/fr\/wp-json\/wp\/v2\/media\/12141"}],"wp:attachment":[{"href":"https:\/\/bigler-lacke.swiss\/fr\/wp-json\/wp\/v2\/media?parent=19258"}],"wp:term":[{"taxonomy":"product_brand","embeddable":true,"href":"https:\/\/bigler-lacke.swiss\/fr\/wp-json\/wp\/v2\/product_brand?post=19258"},{"taxonomy":"product_cat","embeddable":true,"href":"https:\/\/bigler-lacke.swiss\/fr\/wp-json\/wp\/v2\/product_cat?post=19258"},{"taxonomy":"product_tag","embeddable":true,"href":"https:\/\/bigler-lacke.swiss\/fr\/wp-json\/wp\/v2\/product_tag?post=19258"}],"curies":[{"name":"wp","href":"https:\/\/api.w.org\/{rel}","templated":true}]}}