{"id":19262,"date":"2020-09-01T06:55:48","date_gmt":"2020-09-16T03:17:46","guid":{"rendered":"http:\/\/bigler-lacke.swiss\/product\/okamul-k-5-plus\/"},"modified":"2020-09-16T05:17:47","modified_gmt":"2020-09-16T03:17:47","slug":"okamul-k-5-plus","status":"publish","type":"product","link":"https:\/\/bigler-lacke.swiss\/fr\/produit\/okamul-k-5-plus\/","title":{"rendered":"Okamul K 5 plus"},"content":{"rendered":"<ul>\n<li>Colle de contact \u00e0 dispersion sans solvants pour le collage par contact de rev\u00eatements textiles, de rev\u00eatements en PVC homog\u00e8nes et h\u00e9t\u00e9rog\u00e8nes, de plinthes en PVC souple, de profils d\u2019escalier, de plinthes concaves, de rev\u00eatements en CV, de rev\u00eatements en linol\u00e9um, de rev\u00eatements en caoutchouc ainsi que de d\u00e9flecteurs sur des surfaces absorbantes et non absorbantes.<\/li>\n<\/ul>\n","protected":false},"excerpt":{"rendered":"<ul>\n<li>Colle de contact \u00e0 dispersion<\/li>\n<li>sans solvants<\/li>\n<li>\u00e0 usage universel<\/li>\n<li>tr\u00e8s forte adh\u00e9rence initiale<\/li>\n<li>imm\u00e9diatement praticable<\/li>\n<li>adapt\u00e9e aux roulettes de chaises<\/li>\n<li>convient pour le chauffage au sol<\/li>\n<\/ul>\n","protected":false},"featured_media":12112,"template":"","meta":{"_acf_changed":false,"_links_to":"","_links_to_target":""},"product_brand":[],"product_cat":[473],"product_tag":[905,463],"class_list":{"0":"post-19262","1":"product","2":"type-product","3":"status-publish","4":"has-post-thumbnail","6":"product_cat-adhesif","7":"product_tag-tout-en-un-coup-d-oeil","8":"product_tag-kiesel-fr","9":"pa_gebinde-5-kg-fr","11":"first","12":"instock","13":"product-type-simple"},"acf":[],"_links":{"self":[{"href":"https:\/\/bigler-lacke.swiss\/fr\/wp-json\/wp\/v2\/product\/19262","targetHints":{"allow":["GET"]}}],"collection":[{"href":"https:\/\/bigler-lacke.swiss\/fr\/wp-json\/wp\/v2\/product"}],"about":[{"href":"https:\/\/bigler-lacke.swiss\/fr\/wp-json\/wp\/v2\/types\/product"}],"wp:featuredmedia":[{"embeddable":true,"href":"https:\/\/bigler-lacke.swiss\/fr\/wp-json\/wp\/v2\/media\/12112"}],"wp:attachment":[{"href":"https:\/\/bigler-lacke.swiss\/fr\/wp-json\/wp\/v2\/media?parent=19262"}],"wp:term":[{"taxonomy":"product_brand","embeddable":true,"href":"https:\/\/bigler-lacke.swiss\/fr\/wp-json\/wp\/v2\/product_brand?post=19262"},{"taxonomy":"product_cat","embeddable":true,"href":"https:\/\/bigler-lacke.swiss\/fr\/wp-json\/wp\/v2\/product_cat?post=19262"},{"taxonomy":"product_tag","embeddable":true,"href":"https:\/\/bigler-lacke.swiss\/fr\/wp-json\/wp\/v2\/product_tag?post=19262"}],"curies":[{"name":"wp","href":"https:\/\/api.w.org\/{rel}","templated":true}]}}