{"id":19264,"date":"2020-09-01T06:56:05","date_gmt":"2020-09-16T03:17:56","guid":{"rendered":"http:\/\/bigler-lacke.swiss\/product\/bakit-pu-p\/"},"modified":"2021-08-26T15:02:45","modified_gmt":"2021-08-26T13:02:45","slug":"bakit-pu-p","status":"publish","type":"product","link":"https:\/\/bigler-lacke.swiss\/fr\/produit\/bakit-pu-p\/","title":{"rendered":"Bakit PU-P"},"content":{"rendered":"<ul>\n<li>Colle \u00e0 base de polyur\u00e9thane sans solvants ni eau, \u00e0 tr\u00e8s faible \u00e9mission, \u00e0 2 composants selon la norme DIN EN 14 293, pour le collage r\u00e9sistant au cisaillement de parquets et de stratifi\u00e9s, approuv\u00e9e par le fabricant pour le collage sur toute la surface.<\/li>\n<li>Convient pour diff\u00e9rents types de parquet, tels que le parquet mosa\u00efque, le parquet \u00e0 lamelles de chant, le parquet \u00e0 lames avec rainure et languette, le parquet massif de 10 mm, le parquet pr\u00eat \u00e0 l\u2019emploi \u00e0 2, 3 et plusieurs couches en planches et madriers, les planches en bois massif, les sols stratifi\u00e9s et le blocs de bois selon la norme DIN 68 702 RE, WE sans trafic.<\/li>\n<li>Pour les bois exotiques, consulter le service des techniques d\u2019application.<\/li>\n<li>Pour le collage sur des chapes en ciment, des chapes en sulfate de calcium, des chapes en asphalte coul\u00e9 (classe de duret\u00e9 IC 10), des panneaux de particules P5 (V 100 E1), des panneaux OSB-3\/OSB-BAU et sur des sous-couches liss\u00e9es avec des enduits Servofix\/Servoplan appropri\u00e9s.<\/li>\n<\/ul>\n","protected":false},"excerpt":{"rendered":"<ul>\n<li>Colle \u00e0 parquet \u00e0 base de polyur\u00e9thane et \u00e0 2 composants<\/li>\n<li>sans solvants selon TRGS 610<\/li>\n<li>convient \u00e9galement aux bois et parquets critiques<\/li>\n<li>convient pour le chauffage au sol<\/li>\n<li>sans eau, pas de gonflement du bois<\/li>\n<li>tr\u00e8s faible \u00e9mission EC 1R Plus selon GEV<\/li>\n<\/ul>\n","protected":false},"featured_media":16516,"template":"","meta":{"_acf_changed":false,"_links_to":"","_links_to_target":""},"product_brand":[],"product_cat":[473],"product_tag":[905,463],"class_list":{"0":"post-19264","1":"product","2":"type-product","3":"status-publish","4":"has-post-thumbnail","6":"product_cat-adhesif","7":"product_tag-tout-en-un-coup-d-oeil","8":"product_tag-kiesel-fr","9":"pa_gebinde-10-kg-fr","10":"pa_gebinde-6-kg-fr","12":"first","13":"instock","14":"product-type-variable","15":"has-default-attributes"},"acf":[],"_links":{"self":[{"href":"https:\/\/bigler-lacke.swiss\/fr\/wp-json\/wp\/v2\/product\/19264","targetHints":{"allow":["GET"]}}],"collection":[{"href":"https:\/\/bigler-lacke.swiss\/fr\/wp-json\/wp\/v2\/product"}],"about":[{"href":"https:\/\/bigler-lacke.swiss\/fr\/wp-json\/wp\/v2\/types\/product"}],"wp:featuredmedia":[{"embeddable":true,"href":"https:\/\/bigler-lacke.swiss\/fr\/wp-json\/wp\/v2\/media\/16516"}],"wp:attachment":[{"href":"https:\/\/bigler-lacke.swiss\/fr\/wp-json\/wp\/v2\/media?parent=19264"}],"wp:term":[{"taxonomy":"product_brand","embeddable":true,"href":"https:\/\/bigler-lacke.swiss\/fr\/wp-json\/wp\/v2\/product_brand?post=19264"},{"taxonomy":"product_cat","embeddable":true,"href":"https:\/\/bigler-lacke.swiss\/fr\/wp-json\/wp\/v2\/product_cat?post=19264"},{"taxonomy":"product_tag","embeddable":true,"href":"https:\/\/bigler-lacke.swiss\/fr\/wp-json\/wp\/v2\/product_tag?post=19264"}],"curies":[{"name":"wp","href":"https:\/\/api.w.org\/{rel}","templated":true}]}}