{"id":19272,"date":"2020-09-01T06:56:54","date_gmt":"2020-09-16T03:18:38","guid":{"rendered":"http:\/\/bigler-lacke.swiss\/product\/okatmos-l-14\/"},"modified":"2020-10-16T15:00:46","modified_gmt":"2020-10-16T13:00:46","slug":"okatmos-l-14","status":"publish","type":"product","link":"https:\/\/bigler-lacke.swiss\/fr\/produit\/okatmos-l-14\/","title":{"rendered":"Okatmos L 14"},"content":{"rendered":"<ul>\n<li>Colle \u00e0 dispersion sans solvants, \u00e0 tr\u00e8s faible \u00e9mission, pour le collage des sous-couches en linol\u00e9um et en li\u00e8ge.<\/li>\n<\/ul>\n","protected":false},"excerpt":{"rendered":"<ul>\n<li>Colle \u00e0 dispersion<\/li>\n<li>sans solvants<\/li>\n<li>facile \u00e0 \u00e9taler<\/li>\n<li>haut pouvoir adh\u00e9sif<\/li>\n<li>adapt\u00e9 aux roulettes de chaise<\/li>\n<li>convient pour le chauffage au sol<\/li>\n<li>hygi\u00e9nisant<\/li>\n<li>r\u00e9pertori\u00e9 dans le navigateur DGNB<\/li>\n<\/ul>\n","protected":false},"featured_media":12173,"template":"","meta":{"_acf_changed":false,"_links_to":"","_links_to_target":""},"product_brand":[],"product_cat":[473],"product_tag":[905,463],"class_list":{"0":"post-19272","1":"product","2":"type-product","3":"status-publish","4":"has-post-thumbnail","6":"product_cat-adhesif","7":"product_tag-tout-en-un-coup-d-oeil","8":"product_tag-kiesel-fr","9":"pa_gebinde-14-kg-fr","11":"first","12":"instock","13":"product-type-simple"},"acf":[],"_links":{"self":[{"href":"https:\/\/bigler-lacke.swiss\/fr\/wp-json\/wp\/v2\/product\/19272","targetHints":{"allow":["GET"]}}],"collection":[{"href":"https:\/\/bigler-lacke.swiss\/fr\/wp-json\/wp\/v2\/product"}],"about":[{"href":"https:\/\/bigler-lacke.swiss\/fr\/wp-json\/wp\/v2\/types\/product"}],"wp:featuredmedia":[{"embeddable":true,"href":"https:\/\/bigler-lacke.swiss\/fr\/wp-json\/wp\/v2\/media\/12173"}],"wp:attachment":[{"href":"https:\/\/bigler-lacke.swiss\/fr\/wp-json\/wp\/v2\/media?parent=19272"}],"wp:term":[{"taxonomy":"product_brand","embeddable":true,"href":"https:\/\/bigler-lacke.swiss\/fr\/wp-json\/wp\/v2\/product_brand?post=19272"},{"taxonomy":"product_cat","embeddable":true,"href":"https:\/\/bigler-lacke.swiss\/fr\/wp-json\/wp\/v2\/product_cat?post=19272"},{"taxonomy":"product_tag","embeddable":true,"href":"https:\/\/bigler-lacke.swiss\/fr\/wp-json\/wp\/v2\/product_tag?post=19272"}],"curies":[{"name":"wp","href":"https:\/\/api.w.org\/{rel}","templated":true}]}}