{"id":19273,"date":"2020-09-01T06:57:03","date_gmt":"2020-09-16T03:18:43","guid":{"rendered":"http:\/\/bigler-lacke.swiss\/product\/sous-couche-disolation-kiesel-2mmrouleau-1-m-x-30-metres-lineaires\/"},"modified":"2021-10-18T09:38:39","modified_gmt":"2021-10-18T07:38:39","slug":"sous-couche-disolation-kiesel-2mmrouleau-1-m-x-30-metres-lineaires","status":"publish","type":"product","link":"https:\/\/bigler-lacke.swiss\/fr\/produit\/sous-couche-disolation-kiesel-2mmrouleau-1-m-x-30-metres-lineaires\/","title":{"rendered":"Sous-couche d\u2019isolation Kiesel 2mm<br>rouleau 1 m \u00d7 30 m\u00e8tres lin\u00e9aires"},"content":{"rendered":"<ul>\n<li>Granulat de mousse PU \u00e0 base de li\u00e8ge, li\u00e9 par un \u00e9lastom\u00e8re PU, pour l\u2019isolation phonique, la d\u00e9solidarisation et la r\u00e9duction de la tension avant la pose de parquet, rev\u00eatements textiles et \u00e9lastiques.<\/li>\n<li>Particuli\u00e8rement adapt\u00e9 \u00e0 la r\u00e9solution de probl\u00e8mes sur de vieilles sous-couches avec des couches de colle et d\u2019enduit bien adh\u00e9rentes, des panneaux agglom\u00e9r\u00e9s, des chapes s\u00e8ches, des chapes de sulfate de calcium, de l\u2019asphalte coul\u00e9.<\/li>\n<\/ul>\n","protected":false},"excerpt":{"rendered":"<ul>\n<li>R\u00e9duit la force de gonflement<\/li>\n<li>pour la d\u00e9solidarisation m\u00e9canique<\/li>\n<li>pour les sous-couches d\u00e9favorables en termes de physique du b\u00e2timent<\/li>\n<li>produit test\u00e9 sur les \u00e9missions selon les principes du DIBt<\/li>\n<li>cr\u00e9e un climat de vie et de travail agr\u00e9able<\/li>\n<\/ul>\n","protected":false},"featured_media":18327,"template":"","meta":{"_acf_changed":false,"_links_to":"","_links_to_target":""},"product_brand":[],"product_cat":[467],"product_tag":[905,463],"class_list":{"0":"post-19273","1":"product","2":"type-product","3":"status-publish","4":"has-post-thumbnail","6":"product_cat-decouplage","7":"product_tag-tout-en-un-coup-d-oeil","8":"product_tag-kiesel-fr","10":"first","11":"instock","12":"product-type-simple"},"acf":[],"_links":{"self":[{"href":"https:\/\/bigler-lacke.swiss\/fr\/wp-json\/wp\/v2\/product\/19273","targetHints":{"allow":["GET"]}}],"collection":[{"href":"https:\/\/bigler-lacke.swiss\/fr\/wp-json\/wp\/v2\/product"}],"about":[{"href":"https:\/\/bigler-lacke.swiss\/fr\/wp-json\/wp\/v2\/types\/product"}],"wp:featuredmedia":[{"embeddable":true,"href":"https:\/\/bigler-lacke.swiss\/fr\/wp-json\/wp\/v2\/media\/18327"}],"wp:attachment":[{"href":"https:\/\/bigler-lacke.swiss\/fr\/wp-json\/wp\/v2\/media?parent=19273"}],"wp:term":[{"taxonomy":"product_brand","embeddable":true,"href":"https:\/\/bigler-lacke.swiss\/fr\/wp-json\/wp\/v2\/product_brand?post=19273"},{"taxonomy":"product_cat","embeddable":true,"href":"https:\/\/bigler-lacke.swiss\/fr\/wp-json\/wp\/v2\/product_cat?post=19273"},{"taxonomy":"product_tag","embeddable":true,"href":"https:\/\/bigler-lacke.swiss\/fr\/wp-json\/wp\/v2\/product_tag?post=19273"}],"curies":[{"name":"wp","href":"https:\/\/api.w.org\/{rel}","templated":true}]}}