{"id":19275,"date":"2020-09-01T06:57:18","date_gmt":"2020-09-16T03:18:54","guid":{"rendered":"http:\/\/bigler-lacke.swiss\/product\/okatex-01\/"},"modified":"2020-10-16T14:54:04","modified_gmt":"2020-10-16T12:54:04","slug":"okatex-01","status":"publish","type":"product","link":"https:\/\/bigler-lacke.swiss\/fr\/produit\/okatex-01\/","title":{"rendered":"Okatex 01"},"content":{"rendered":"<ul>\n<li>Colle \u00e0 dispersion pour tapis sans solvants pour le collage de tapis avec diff\u00e9rents mat\u00e9riaux d\u2019envers ainsi que des rev\u00eatements composites en PVC avec des toisons de jute et de polyester.<\/li>\n<li>Okatex 01 a un pouvoir adh\u00e9sif initial et final \u00e9lev\u00e9.<\/li>\n<li>Convient pour les spray-ex et les shampoings.<\/li>\n<\/ul>\n","protected":false},"excerpt":{"rendered":"<ul>\n<li>Colle \u00e0 dispersion pour tapis<\/li>\n<li>sans solvants<\/li>\n<li>pouvoir adh\u00e9sif initial et final \u00e9lev\u00e9<\/li>\n<li>adapt\u00e9 aux roulettes de chaises<\/li>\n<li>convient pour le chauffage au sol<\/li>\n<\/ul>\n","protected":false},"featured_media":16530,"template":"","meta":{"_acf_changed":false,"_links_to":"","_links_to_target":""},"product_brand":[],"product_cat":[473],"product_tag":[905,463],"class_list":{"0":"post-19275","1":"product","2":"type-product","3":"status-publish","4":"has-post-thumbnail","6":"product_cat-adhesif","7":"product_tag-tout-en-un-coup-d-oeil","8":"product_tag-kiesel-fr","9":"pa_gebinde-14-kg-fr","11":"first","12":"instock","13":"product-type-simple"},"acf":[],"_links":{"self":[{"href":"https:\/\/bigler-lacke.swiss\/fr\/wp-json\/wp\/v2\/product\/19275","targetHints":{"allow":["GET"]}}],"collection":[{"href":"https:\/\/bigler-lacke.swiss\/fr\/wp-json\/wp\/v2\/product"}],"about":[{"href":"https:\/\/bigler-lacke.swiss\/fr\/wp-json\/wp\/v2\/types\/product"}],"wp:featuredmedia":[{"embeddable":true,"href":"https:\/\/bigler-lacke.swiss\/fr\/wp-json\/wp\/v2\/media\/16530"}],"wp:attachment":[{"href":"https:\/\/bigler-lacke.swiss\/fr\/wp-json\/wp\/v2\/media?parent=19275"}],"wp:term":[{"taxonomy":"product_brand","embeddable":true,"href":"https:\/\/bigler-lacke.swiss\/fr\/wp-json\/wp\/v2\/product_brand?post=19275"},{"taxonomy":"product_cat","embeddable":true,"href":"https:\/\/bigler-lacke.swiss\/fr\/wp-json\/wp\/v2\/product_cat?post=19275"},{"taxonomy":"product_tag","embeddable":true,"href":"https:\/\/bigler-lacke.swiss\/fr\/wp-json\/wp\/v2\/product_tag?post=19275"}],"curies":[{"name":"wp","href":"https:\/\/api.w.org\/{rel}","templated":true}]}}