{"id":19277,"date":"2020-09-01T06:57:36","date_gmt":"2020-09-16T03:19:07","guid":{"rendered":"http:\/\/bigler-lacke.swiss\/product\/agent-antistatique-kiesel\/"},"modified":"2020-09-16T05:19:08","modified_gmt":"2020-09-16T03:19:08","slug":"agent-antistatique-kiesel","status":"publish","type":"product","link":"https:\/\/bigler-lacke.swiss\/fr\/produit\/agent-antistatique-kiesel\/","title":{"rendered":"Agent antistatique Kiesel"},"content":{"rendered":"<ul>\n<li>Additif antistatique sp\u00e9cial pour la pose de rev\u00eatements conducteurs SL et la pose antid\u00e9rapante de rev\u00eatements conducteurs dans la gamme de 10<sup>8<\/sup> \u00e0 10<sup>9<\/sup> ohm.<\/li>\n<li>L\u2019additif ne retarde pas le s\u00e9chage, mais entra\u00eene une dilution correspondante des mat\u00e9riaux de pose \u00e0 dispersion.<\/li>\n<\/ul>\n","protected":false},"excerpt":{"rendered":"<ul>\n<li>Additif antistatique<\/li>\n<li>pour la pose de rev\u00eatements conducteurs SL<\/li>\n<\/ul>\n","protected":false},"featured_media":18279,"template":"","meta":{"_acf_changed":false,"_links_to":"","_links_to_target":""},"product_brand":[],"product_cat":[491],"product_tag":[905,463],"class_list":{"0":"post-19277","1":"product","2":"type-product","3":"status-publish","4":"has-post-thumbnail","6":"product_cat-accessoires","7":"product_tag-tout-en-un-coup-d-oeil","8":"product_tag-kiesel-fr","9":"pa_gebinde-5-kg-fr","11":"first","12":"instock","13":"product-type-simple"},"acf":[],"_links":{"self":[{"href":"https:\/\/bigler-lacke.swiss\/fr\/wp-json\/wp\/v2\/product\/19277","targetHints":{"allow":["GET"]}}],"collection":[{"href":"https:\/\/bigler-lacke.swiss\/fr\/wp-json\/wp\/v2\/product"}],"about":[{"href":"https:\/\/bigler-lacke.swiss\/fr\/wp-json\/wp\/v2\/types\/product"}],"wp:featuredmedia":[{"embeddable":true,"href":"https:\/\/bigler-lacke.swiss\/fr\/wp-json\/wp\/v2\/media\/18279"}],"wp:attachment":[{"href":"https:\/\/bigler-lacke.swiss\/fr\/wp-json\/wp\/v2\/media?parent=19277"}],"wp:term":[{"taxonomy":"product_brand","embeddable":true,"href":"https:\/\/bigler-lacke.swiss\/fr\/wp-json\/wp\/v2\/product_brand?post=19277"},{"taxonomy":"product_cat","embeddable":true,"href":"https:\/\/bigler-lacke.swiss\/fr\/wp-json\/wp\/v2\/product_cat?post=19277"},{"taxonomy":"product_tag","embeddable":true,"href":"https:\/\/bigler-lacke.swiss\/fr\/wp-json\/wp\/v2\/product_tag?post=19277"}],"curies":[{"name":"wp","href":"https:\/\/api.w.org\/{rel}","templated":true}]}}