{"id":19278,"date":"2020-09-01T06:57:44","date_gmt":"2020-09-16T03:19:12","guid":{"rendered":"http:\/\/bigler-lacke.swiss\/product\/okapren-kk-extra\/"},"modified":"2021-08-26T15:58:47","modified_gmt":"2021-08-26T13:58:47","slug":"okapren-kk-extra","status":"publish","type":"product","link":"https:\/\/bigler-lacke.swiss\/fr\/produit\/okapren-kk-extra\/","title":{"rendered":"Okapren KK Extra"},"content":{"rendered":"<ul>\n<li>Colle sp\u00e9ciale \u00e0 base de caoutchouc synth\u00e9tique pour le collage par contact de rev\u00eatements textiles et textiles (\u00e0 l\u2019exception des rev\u00eatements CV) ainsi que de plinthes, de nez de marche sur les murs, les sols et les escaliers.<\/li>\n<li><strong>Ne pas utiliser pour une application de surfaces grandes et pleines !<\/strong><\/li>\n<li>Okapren KK extra est soumis \u00e0 l\u2019ordonnance sur les produits chimiques.<\/li>\n<li>Prendre les pr\u00e9cautions de s\u00e9curit\u00e9 appropri\u00e9es lors du traitement ou utiliser un produit appropri\u00e9 sans solvants.<\/li>\n<\/ul>\n","protected":false},"excerpt":{"rendered":"<ul>\n<li>Colle de contact sp\u00e9ciale <\/li>\n<li>\u00e0 haute adh\u00e9rence <\/li>\n<li>temps d\u2019ouverture long<\/li>\n<li>adapt\u00e9 aux roulettes de chaise<\/li>\n<li>convient pour le chauffage au sol<\/li>\n<\/ul>\n","protected":false},"featured_media":16534,"template":"","meta":{"_acf_changed":false,"_links_to":"","_links_to_target":""},"product_brand":[],"product_cat":[473],"product_tag":[905,463],"class_list":{"0":"post-19278","1":"product","2":"type-product","3":"status-publish","4":"has-post-thumbnail","6":"product_cat-adhesif","7":"product_tag-tout-en-un-coup-d-oeil","8":"product_tag-kiesel-fr","9":"pa_gebinde-10-kg-fr","11":"first","12":"instock","13":"product-type-simple"},"acf":[],"_links":{"self":[{"href":"https:\/\/bigler-lacke.swiss\/fr\/wp-json\/wp\/v2\/product\/19278","targetHints":{"allow":["GET"]}}],"collection":[{"href":"https:\/\/bigler-lacke.swiss\/fr\/wp-json\/wp\/v2\/product"}],"about":[{"href":"https:\/\/bigler-lacke.swiss\/fr\/wp-json\/wp\/v2\/types\/product"}],"wp:featuredmedia":[{"embeddable":true,"href":"https:\/\/bigler-lacke.swiss\/fr\/wp-json\/wp\/v2\/media\/16534"}],"wp:attachment":[{"href":"https:\/\/bigler-lacke.swiss\/fr\/wp-json\/wp\/v2\/media?parent=19278"}],"wp:term":[{"taxonomy":"product_brand","embeddable":true,"href":"https:\/\/bigler-lacke.swiss\/fr\/wp-json\/wp\/v2\/product_brand?post=19278"},{"taxonomy":"product_cat","embeddable":true,"href":"https:\/\/bigler-lacke.swiss\/fr\/wp-json\/wp\/v2\/product_cat?post=19278"},{"taxonomy":"product_tag","embeddable":true,"href":"https:\/\/bigler-lacke.swiss\/fr\/wp-json\/wp\/v2\/product_tag?post=19278"}],"curies":[{"name":"wp","href":"https:\/\/api.w.org\/{rel}","templated":true}]}}