{"id":19279,"date":"2020-09-01T06:57:51","date_gmt":"2020-09-16T03:19:17","guid":{"rendered":"http:\/\/bigler-lacke.swiss\/product\/okatmos-star-100\/"},"modified":"2020-09-16T05:19:18","modified_gmt":"2020-09-16T03:19:18","slug":"okatmos-star-100","status":"publish","type":"product","link":"https:\/\/bigler-lacke.swiss\/fr\/produit\/okatmos-star-100\/","title":{"rendered":"Okatmos star 100"},"content":{"rendered":"<p>Colle \u00e0 dispersion unilat\u00e9rale sans solvants, \u00e0 tr\u00e8s faible \u00e9mission, pour le collage de rev\u00eatements en PVC homog\u00e8nes et h\u00e9t\u00e9rog\u00e8nes en bandes et en carreaux, de rev\u00eatements en CV et de rev\u00eatements en caoutchouc jusqu\u2019\u00e0 4,0 mm d\u2019\u00e9paisseur en bandes et en carreaux (ne convient pas aux rev\u00eatements sp\u00e9ciaux) ainsi que de rev\u00eatements textiles avec envers en latex, en PVC et en mousse PU. <strong>Okatmos\u00ae star 100<\/strong> est test\u00e9 dans la structure du syst\u00e8me avec le film isolant Valutect et, dans ce contexte, il remplit les exigences d\u2019\u00e9tanch\u00e9it\u00e9 au gaz requises pour la r\u00e9habilitation des sous-couches contamin\u00e9es.<br \/>\n<strong>Okatmos\u00ae star 100<\/strong>, gr\u00e2ce \u00e0 son effet hygi\u00e9nisant, aide \u00e0 pr\u00e9venir les odeurs.<\/p>\n","protected":false},"excerpt":{"rendered":"<ul>\n<li>Colle \u00e0 dispersion unilat\u00e9rale<\/li>\n<li>court temps d\u2019\u00e9vaporation<\/li>\n<li>tr\u00e8s faible \u00e9mission<\/li>\n<li>usage universel<\/li>\n<li>facile \u00e0 \u00e9taler<\/li>\n<li>hygi\u00e9nisant<\/li>\n<li>R\u00e9pertori\u00e9 dans le navigateur DGNB<\/li>\n<\/ul>\n","protected":false},"featured_media":12181,"template":"","meta":{"_acf_changed":false,"_links_to":"","_links_to_target":""},"product_brand":[],"product_cat":[473],"product_tag":[905,463],"class_list":{"0":"post-19279","1":"product","2":"type-product","3":"status-publish","4":"has-post-thumbnail","6":"product_cat-adhesif","7":"product_tag-tout-en-un-coup-d-oeil","8":"product_tag-kiesel-fr","9":"pa_gebinde-15-kg-fr","11":"first","12":"instock","13":"product-type-simple"},"acf":[],"_links":{"self":[{"href":"https:\/\/bigler-lacke.swiss\/fr\/wp-json\/wp\/v2\/product\/19279","targetHints":{"allow":["GET"]}}],"collection":[{"href":"https:\/\/bigler-lacke.swiss\/fr\/wp-json\/wp\/v2\/product"}],"about":[{"href":"https:\/\/bigler-lacke.swiss\/fr\/wp-json\/wp\/v2\/types\/product"}],"wp:featuredmedia":[{"embeddable":true,"href":"https:\/\/bigler-lacke.swiss\/fr\/wp-json\/wp\/v2\/media\/12181"}],"wp:attachment":[{"href":"https:\/\/bigler-lacke.swiss\/fr\/wp-json\/wp\/v2\/media?parent=19279"}],"wp:term":[{"taxonomy":"product_brand","embeddable":true,"href":"https:\/\/bigler-lacke.swiss\/fr\/wp-json\/wp\/v2\/product_brand?post=19279"},{"taxonomy":"product_cat","embeddable":true,"href":"https:\/\/bigler-lacke.swiss\/fr\/wp-json\/wp\/v2\/product_cat?post=19279"},{"taxonomy":"product_tag","embeddable":true,"href":"https:\/\/bigler-lacke.swiss\/fr\/wp-json\/wp\/v2\/product_tag?post=19279"}],"curies":[{"name":"wp","href":"https:\/\/api.w.org\/{rel}","templated":true}]}}