{"id":19280,"date":"2020-09-01T06:57:59","date_gmt":"2020-09-16T03:19:22","guid":{"rendered":"http:\/\/bigler-lacke.swiss\/product\/okatmos-ee-19\/"},"modified":"2021-08-26T16:04:18","modified_gmt":"2021-08-26T14:04:18","slug":"okatmos-ee-19","status":"publish","type":"product","link":"https:\/\/bigler-lacke.swiss\/fr\/produit\/okatmos-ee-19\/","title":{"rendered":"Okatmos EE 19"},"content":{"rendered":"<ul>\n<li>Colle \u00e0 dispersion sans solvants (selon TRGS 610), \u00e0 tr\u00e8s faible \u00e9mission, pour le collage des rev\u00eatements en PVC et CV en bandes et carreaux ainsi que des rev\u00eatements textiles avec envers en latex ou non-tiss\u00e9e.<\/li>\n<li>Okatmos\u00ae EE 19, gr\u00e2ce \u00e0 son effet hygi\u00e9nisant, aide \u00e0 pr\u00e9venir les odeurs.<\/li>\n<\/ul>\n","protected":false},"excerpt":{"rendered":"<ul>\n<li>Colle \u00e0 dispersion<\/li>\n<li>tr\u00e8s faible \u00e9mission<\/li>\n<li>pour les rev\u00eatements en PVC et CV<\/li>\n<li>hygi\u00e9nisant<\/li>\n<\/ul>\n","protected":false},"featured_media":11954,"template":"","meta":{"_acf_changed":false,"_links_to":"","_links_to_target":""},"product_brand":[],"product_cat":[473],"product_tag":[905,463],"class_list":{"0":"post-19280","1":"product","2":"type-product","3":"status-publish","4":"has-post-thumbnail","6":"product_cat-adhesif","7":"product_tag-tout-en-un-coup-d-oeil","8":"product_tag-kiesel-fr","9":"pa_gebinde-14-kg-fr","11":"first","12":"instock","13":"product-type-simple"},"acf":[],"_links":{"self":[{"href":"https:\/\/bigler-lacke.swiss\/fr\/wp-json\/wp\/v2\/product\/19280","targetHints":{"allow":["GET"]}}],"collection":[{"href":"https:\/\/bigler-lacke.swiss\/fr\/wp-json\/wp\/v2\/product"}],"about":[{"href":"https:\/\/bigler-lacke.swiss\/fr\/wp-json\/wp\/v2\/types\/product"}],"wp:featuredmedia":[{"embeddable":true,"href":"https:\/\/bigler-lacke.swiss\/fr\/wp-json\/wp\/v2\/media\/11954"}],"wp:attachment":[{"href":"https:\/\/bigler-lacke.swiss\/fr\/wp-json\/wp\/v2\/media?parent=19280"}],"wp:term":[{"taxonomy":"product_brand","embeddable":true,"href":"https:\/\/bigler-lacke.swiss\/fr\/wp-json\/wp\/v2\/product_brand?post=19280"},{"taxonomy":"product_cat","embeddable":true,"href":"https:\/\/bigler-lacke.swiss\/fr\/wp-json\/wp\/v2\/product_cat?post=19280"},{"taxonomy":"product_tag","embeddable":true,"href":"https:\/\/bigler-lacke.swiss\/fr\/wp-json\/wp\/v2\/product_tag?post=19280"}],"curies":[{"name":"wp","href":"https:\/\/api.w.org\/{rel}","templated":true}]}}