{"id":19281,"date":"2020-09-01T06:58:09","date_gmt":"2020-09-16T03:19:27","guid":{"rendered":"http:\/\/bigler-lacke.swiss\/product\/okatmos-star-600\/"},"modified":"2021-08-27T09:33:14","modified_gmt":"2021-08-27T07:33:14","slug":"okatmos-star-600","status":"publish","type":"product","link":"https:\/\/bigler-lacke.swiss\/fr\/produit\/okatmos-star-600\/","title":{"rendered":"Okatmos star 600"},"content":{"rendered":"<p>Colle \u00e0 dispersion \u00e0 haut rendement et \u00e0 tr\u00e8s faible \u00e9mission (selon TRGS 610) pour le collage des rev\u00eatements en linol\u00e9um.<\/p>\n<p>Colle \u00e0 dispersion \u00e0 haut rendement et \u00e0 tr\u00e8s faible \u00e9mission (selon TRGS 610) pour le collage de rev\u00eatements textiles avec diff\u00e9rents envers ainsi que de rev\u00eatements composites en PVC avec envers non-tiss\u00e9.<\/p>\n<p>La colle \u00e0 dispersion \u00e0 haut rendement et \u00e0 tr\u00e8s faible \u00e9mission (selon la norme TRGS 610) pour Okatmos\u00ae star 600 a un pouvoir adh\u00e9sif initial et final \u00e9lev\u00e9. Convient pour les spray-ex et les shampoings.<\/p>\n<p>La colle \u00e0 dispersion \u00e0 haut rendement et \u00e0 tr\u00e8s faible \u00e9mission (selon TRGS 610) pour Okatmos\u00ae star 600 contribue \u00e0 la pr\u00e9vention des odeurs gr\u00e2ce \u00e0 son effet hygi\u00e9nisant.<\/p>\n","protected":false},"excerpt":{"rendered":"<ul>\n<li>Colle \u00e0 dispersion<\/li>\n<li>faible consommation<\/li>\n<li>haut pouvoir adh\u00e9rent<\/li>\n<li>hygi\u00e9nisant<\/li>\n<li>facile \u00e0 \u00e9taler<\/li>\n<\/ul>\n","protected":false},"featured_media":12135,"template":"","meta":{"_acf_changed":false,"_links_to":"","_links_to_target":""},"product_brand":[],"product_cat":[473],"product_tag":[905,463],"class_list":{"0":"post-19281","1":"product","2":"type-product","3":"status-publish","4":"has-post-thumbnail","6":"product_cat-adhesif","7":"product_tag-tout-en-un-coup-d-oeil","8":"product_tag-kiesel-fr","9":"pa_gebinde-15-kg-fr","11":"first","12":"instock","13":"product-type-simple"},"acf":[],"_links":{"self":[{"href":"https:\/\/bigler-lacke.swiss\/fr\/wp-json\/wp\/v2\/product\/19281","targetHints":{"allow":["GET"]}}],"collection":[{"href":"https:\/\/bigler-lacke.swiss\/fr\/wp-json\/wp\/v2\/product"}],"about":[{"href":"https:\/\/bigler-lacke.swiss\/fr\/wp-json\/wp\/v2\/types\/product"}],"wp:featuredmedia":[{"embeddable":true,"href":"https:\/\/bigler-lacke.swiss\/fr\/wp-json\/wp\/v2\/media\/12135"}],"wp:attachment":[{"href":"https:\/\/bigler-lacke.swiss\/fr\/wp-json\/wp\/v2\/media?parent=19281"}],"wp:term":[{"taxonomy":"product_brand","embeddable":true,"href":"https:\/\/bigler-lacke.swiss\/fr\/wp-json\/wp\/v2\/product_brand?post=19281"},{"taxonomy":"product_cat","embeddable":true,"href":"https:\/\/bigler-lacke.swiss\/fr\/wp-json\/wp\/v2\/product_cat?post=19281"},{"taxonomy":"product_tag","embeddable":true,"href":"https:\/\/bigler-lacke.swiss\/fr\/wp-json\/wp\/v2\/product_tag?post=19281"}],"curies":[{"name":"wp","href":"https:\/\/api.w.org\/{rel}","templated":true}]}}