{"id":19282,"date":"2020-09-01T06:58:16","date_gmt":"2020-09-16T03:19:36","guid":{"rendered":"http:\/\/bigler-lacke.swiss\/product\/okamul-pu-v-rapide\/"},"modified":"2021-08-26T15:45:48","modified_gmt":"2021-08-26T13:45:48","slug":"okamul-pu-v-rapide","status":"publish","type":"product","link":"https:\/\/bigler-lacke.swiss\/fr\/produit\/okamul-pu-v-rapide\/","title":{"rendered":"Okamul PU-V rapide"},"content":{"rendered":"<ul>\n<li>Couche d\u2019appr\u00eat \u00e0 1 composant \u00e0 base de polyur\u00e9thane, sans solvants ni eau, \u00e0 tr\u00e8s faible \u00e9mission, pour le traitement pr\u00e9alable des sous-couches absorbantes et non-absorbantes avant les travaux de lissage et de pose avant la pose de rev\u00eatements en c\u00e9ramique et en pierres naturelles sur des sous-couches porteuses.<\/li>\n<li>Pour le durcissement des surfaces de chape instables et us\u00e9es.<\/li>\n<li>Comme barri\u00e8re contre l\u2019humidit\u00e9, pour bloquer l\u2019humidit\u00e9 r\u00e9siduelle jusqu\u2019\u00e0 max. 4,0 CM-% sur les sous-couches \u00e0 base de ciment, r\u00e9sistantes \u00e0 l\u2019humidit\u00e9, avant la pose de rev\u00eatements \u00e9lastiques et textiles et de parquets.<\/li>\n<li>Comme couche d\u2019appr\u00eat avant la pose de parquet avec les colles \u00e0 parquet Bakit de Kiesel Bakit que de carreaux de c\u00e9ramique et de pierres naturelles avec les mortiers flexibles Okamul PU-K ou Kiesel.<\/li>\n<li>Comme couche de fond pour les anciennes couches d\u2019enduit et de colle (p. ex. lignosulfite, bitume).<\/li>\n<li>Pour prot\u00e9ger les sous-couches sensibles \u00e0 l\u2019humidit\u00e9 telles que les chapes en sulfate de calcium, les panneaux agglom\u00e9r\u00e9s, les panneaux OSB et les \u00e9l\u00e9ments de chape s\u00e8che \u00e0 base de pl\u00e2tre contre la p\u00e9n\u00e9tration de l\u2019humidit\u00e9 par le haut.<\/li>\n<li>Comme couche d\u2019appr\u00eat avant les travaux de lissage ult\u00e9rieurs avec les enduits Servoplan, Servofix (Servoalpha uniquement sous les rev\u00eatements textiles et \u00e9lastiques) en combinaison avec la couche d\u2019appr\u00eat Okatmos\u00ae EG 20 \/ Okatmos\u00ae UG 30.<\/li>\n<\/ul>\n","protected":false},"excerpt":{"rendered":"<ul>\n<li>Couche d\u2019appr\u00eat PU \u00e0 1 composant <\/li>\n<li><span style=\"color: #333333;\">pour sous-couches absorbantes et non-absorbantes<\/span><\/li>\n<li>s\u00e9chage rapide<\/li>\n<li>sans solvants ni eau<\/li>\n<li>grande force d\u2019adh\u00e9rence<\/li>\n<li>temps de s\u00e9chage court sur les chapes en sulfate de calcium<\/li>\n<\/ul>\n","protected":false},"featured_media":16540,"template":"","meta":{"_acf_changed":false,"_links_to":"","_links_to_target":""},"product_brand":[],"product_cat":[469,471],"product_tag":[905,463],"class_list":{"0":"post-19282","1":"product","2":"type-product","3":"status-publish","4":"has-post-thumbnail","6":"product_cat-barriere-dhumidite","7":"product_cat-primer","8":"product_tag-tout-en-un-coup-d-oeil","9":"product_tag-kiesel-fr","10":"pa_gebinde-11-kg-fr","11":"pa_gebinde-3-kg-fr","13":"first","14":"instock","15":"product-type-variable","16":"has-default-attributes"},"acf":[],"_links":{"self":[{"href":"https:\/\/bigler-lacke.swiss\/fr\/wp-json\/wp\/v2\/product\/19282","targetHints":{"allow":["GET"]}}],"collection":[{"href":"https:\/\/bigler-lacke.swiss\/fr\/wp-json\/wp\/v2\/product"}],"about":[{"href":"https:\/\/bigler-lacke.swiss\/fr\/wp-json\/wp\/v2\/types\/product"}],"wp:featuredmedia":[{"embeddable":true,"href":"https:\/\/bigler-lacke.swiss\/fr\/wp-json\/wp\/v2\/media\/16540"}],"wp:attachment":[{"href":"https:\/\/bigler-lacke.swiss\/fr\/wp-json\/wp\/v2\/media?parent=19282"}],"wp:term":[{"taxonomy":"product_brand","embeddable":true,"href":"https:\/\/bigler-lacke.swiss\/fr\/wp-json\/wp\/v2\/product_brand?post=19282"},{"taxonomy":"product_cat","embeddable":true,"href":"https:\/\/bigler-lacke.swiss\/fr\/wp-json\/wp\/v2\/product_cat?post=19282"},{"taxonomy":"product_tag","embeddable":true,"href":"https:\/\/bigler-lacke.swiss\/fr\/wp-json\/wp\/v2\/product_tag?post=19282"}],"curies":[{"name":"wp","href":"https:\/\/api.w.org\/{rel}","templated":true}]}}