{"id":19285,"date":"2020-09-01T06:58:34","date_gmt":"2020-09-01T04:58:34","guid":{"rendered":"http:\/\/bigler-lacke.swiss\/product\/bakit-ek-nouveau-hybride-ms\/"},"modified":"2021-08-26T14:46:51","modified_gmt":"2021-08-26T12:46:51","slug":"bakit-ek-nouveau-hybride-ms","status":"publish","type":"product","link":"https:\/\/bigler-lacke.swiss\/fr\/produit\/bakit-ek-nouveau-hybride-ms\/","title":{"rendered":"Bakit EK nouveau (hybride MS)"},"content":{"rendered":"<ul>\n<li>Colle \u00e0 1 composant \u00e0 tr\u00e8s faible \u00e9mission, sans solvants ni silicone, avec d\u2019excellents r\u00e9sultats de marquage et une tr\u00e8s bonne aptitude \u00e0 l\u2019\u00e9talement pour le collage \u00e9lastique dur du parquet.<\/li>\n<li>Convient \u00e0 diff\u00e9rents types de parquet tels que le parquet mosa\u00efque, le parquet \u00e0 lames avec rainure et languette d\u00e8s 16 mm d\u2019\u00e9paisseur, le parquet \u00e0 lamelles de chant 10 A-23 mm, le bloc de bois RE\/WE (DIN 68 702) avec une hauteur de bloc max. de 50 mm, le parquet pr\u00eat \u00e0 l\u2019emploi \u00e0 2, 3 ou plusieurs couches en planches et madriers, les planches de parquet en bois massif d\u00e8s 15 mm d\u2019\u00e9paisseur (rapport \u00e9paisseur\/largeur max. 1:10, 1:8 pour les types de bois susceptibles au gonflement), jusqu\u2019\u00e0 une longueur de 270 cm.<\/li>\n<li>Pour les bois exotiques, veuillez consulter le service des techniques d\u2019application.<\/li>\n<li>Pour le collage sur des chapes en ciment, des chapes (fluides) en sulfate de calcium, des panneaux agglom\u00e9r\u00e9s V 100 E1, des panneaux OSB et sur des sous-couches liss\u00e9es avec des enduits Kiesel appropri\u00e9s.<\/li>\n<li>Test\u00e9 dans le syst\u00e8me avec le programme de finition du parquet Bakit de Kiesel.<\/li>\n<li>Bakit EK nouveau peut \u00eatre appliqu\u00e9 sur de nombreuses sous-couches sans couche d\u2019appr\u00eat.<\/li>\n<\/ul>\n","protected":false},"excerpt":{"rendered":"<ul>\n<li>Colle \u00e9lastique \u00e0 1 composant<\/li>\n<li>pr\u00eat \u00e0 l\u2019emploi<\/li>\n<li>usage universel<\/li>\n<li>durcissement rapide et \u00e9lastique<\/li>\n<li>tr\u00e8s facile \u00e0 \u00e9taler<\/li>\n<li>longue dur\u00e9e d\u2019insertion<\/li>\n<li>r\u00e9pertori\u00e9 dans le navigateur DGNB<\/li>\n<\/ul>\n","protected":false},"featured_media":12119,"template":"","meta":{"_acf_changed":false,"_links_to":"","_links_to_target":""},"product_brand":[],"product_cat":[473],"product_tag":[905,463],"class_list":{"0":"post-19285","1":"product","2":"type-product","3":"status-publish","4":"has-post-thumbnail","6":"product_cat-adhesif","7":"product_tag-tout-en-un-coup-d-oeil","8":"product_tag-kiesel-fr","9":"pa_gebinde-17-kg-fr","11":"first","12":"instock","13":"product-type-simple"},"acf":[],"_links":{"self":[{"href":"https:\/\/bigler-lacke.swiss\/fr\/wp-json\/wp\/v2\/product\/19285","targetHints":{"allow":["GET"]}}],"collection":[{"href":"https:\/\/bigler-lacke.swiss\/fr\/wp-json\/wp\/v2\/product"}],"about":[{"href":"https:\/\/bigler-lacke.swiss\/fr\/wp-json\/wp\/v2\/types\/product"}],"wp:featuredmedia":[{"embeddable":true,"href":"https:\/\/bigler-lacke.swiss\/fr\/wp-json\/wp\/v2\/media\/12119"}],"wp:attachment":[{"href":"https:\/\/bigler-lacke.swiss\/fr\/wp-json\/wp\/v2\/media?parent=19285"}],"wp:term":[{"taxonomy":"product_brand","embeddable":true,"href":"https:\/\/bigler-lacke.swiss\/fr\/wp-json\/wp\/v2\/product_brand?post=19285"},{"taxonomy":"product_cat","embeddable":true,"href":"https:\/\/bigler-lacke.swiss\/fr\/wp-json\/wp\/v2\/product_cat?post=19285"},{"taxonomy":"product_tag","embeddable":true,"href":"https:\/\/bigler-lacke.swiss\/fr\/wp-json\/wp\/v2\/product_tag?post=19285"}],"curies":[{"name":"wp","href":"https:\/\/api.w.org\/{rel}","templated":true}]}}