{"id":19288,"date":"2020-09-01T06:58:57","date_gmt":"2020-09-16T03:20:08","guid":{"rendered":"http:\/\/bigler-lacke.swiss\/product\/okatmos-eg-20\/"},"modified":"2021-08-27T09:09:17","modified_gmt":"2021-08-27T07:09:17","slug":"okatmos-eg-20","status":"publish","type":"product","link":"https:\/\/bigler-lacke.swiss\/fr\/produit\/okatmos-eg-20\/","title":{"rendered":"Okatmos EG 20"},"content":{"rendered":"<ul>\n<li>Couche d\u2019appr\u00eat hygi\u00e9nisante et sans solvants, \u00e0 tr\u00e8s faible \u00e9mission et \u00e0 forte adh\u00e9rence, pour le traitement pr\u00e9alable des sous-couches absorbantes et non-absorbantes ainsi que des r\u00e9sidus de colle anciens, porteurs et r\u00e9sistants \u00e0 l\u2019eau.<\/li>\n<li>Ne convient pas aux colles au lignosulfite ni aux colles pour bitume solubles.<\/li>\n<li>Okatmos\u00ae EG 20, gr\u00e2ce \u00e0 son effet hygi\u00e9nisant, aide \u00e0 pr\u00e9venir les odeurs.<\/li>\n<\/ul>\n","protected":false},"excerpt":{"rendered":"<ul>\n<li>Couche d\u2019appr\u00eat \u00e0 forte adh\u00e9rence<\/li>\n<li>grande force d\u2019adh\u00e9rence<\/li>\n<li>hygi\u00e9nisant et anti-odeur<\/li>\n<li>pour les sous-couches absorbantes et non-absorbantes sans<\/li>\n<li>sans solvants et \u00e0 tr\u00e8s faible \u00e9mission<\/li>\n<li>s\u00e9chage tr\u00e8s rapide<\/li>\n<\/ul>\n","protected":false},"featured_media":16548,"template":"","meta":{"_acf_changed":false,"_links_to":"","_links_to_target":""},"product_brand":[],"product_cat":[471],"product_tag":[905,463],"class_list":{"0":"post-19288","1":"product","2":"type-product","3":"status-publish","4":"has-post-thumbnail","6":"product_cat-primer","7":"product_tag-tout-en-un-coup-d-oeil","8":"product_tag-kiesel-fr","9":"pa_gebinde-0-5-lt-fr","10":"pa_gebinde-1-lt-fr","11":"pa_gebinde-10-lt-fr","12":"pa_gebinde-5-lt-fr","14":"first","15":"instock","16":"product-type-variable","17":"has-default-attributes"},"acf":[],"_links":{"self":[{"href":"https:\/\/bigler-lacke.swiss\/fr\/wp-json\/wp\/v2\/product\/19288","targetHints":{"allow":["GET"]}}],"collection":[{"href":"https:\/\/bigler-lacke.swiss\/fr\/wp-json\/wp\/v2\/product"}],"about":[{"href":"https:\/\/bigler-lacke.swiss\/fr\/wp-json\/wp\/v2\/types\/product"}],"wp:featuredmedia":[{"embeddable":true,"href":"https:\/\/bigler-lacke.swiss\/fr\/wp-json\/wp\/v2\/media\/16548"}],"wp:attachment":[{"href":"https:\/\/bigler-lacke.swiss\/fr\/wp-json\/wp\/v2\/media?parent=19288"}],"wp:term":[{"taxonomy":"product_brand","embeddable":true,"href":"https:\/\/bigler-lacke.swiss\/fr\/wp-json\/wp\/v2\/product_brand?post=19288"},{"taxonomy":"product_cat","embeddable":true,"href":"https:\/\/bigler-lacke.swiss\/fr\/wp-json\/wp\/v2\/product_cat?post=19288"},{"taxonomy":"product_tag","embeddable":true,"href":"https:\/\/bigler-lacke.swiss\/fr\/wp-json\/wp\/v2\/product_tag?post=19288"}],"curies":[{"name":"wp","href":"https:\/\/api.w.org\/{rel}","templated":true}]}}