{"id":19293,"date":"2020-09-01T06:59:28","date_gmt":"2020-09-01T04:59:28","guid":{"rendered":"http:\/\/bigler-lacke.swiss\/product\/okapox-gf-2-kp\/"},"modified":"2021-03-08T10:39:27","modified_gmt":"2021-03-08T09:39:27","slug":"okapox-gf-2-kp","status":"publish","type":"product","link":"https:\/\/bigler-lacke.swiss\/fr\/produit\/okapox-gf-2-kp\/","title":{"rendered":"Okapox GF 2"},"content":{"rendered":"<p>Couche de fond en r\u00e9sine \u00e9poxy liquide, sans solvant ni eau et \u00e0 tr\u00e8s faible \u00e9mission, constitu\u00e9e de deux composants pour le traitement pr\u00e9alable de supports absorbants et non-absorbants avant les travaux de lissage et de pose.<\/p>\n<ul>\n<li>Peut \u00eatre utilis\u00e9e comme barri\u00e8re contre l\u2019humidit\u00e9 pour bloquer l\u2019humidit\u00e9 r\u00e9siduelle des supports en ciment avant la pose de rev\u00eatements \u00e9lastiques\/textiles et de parquets.<\/li>\n<li>Prot\u00e8ge les supports sensibles \u00e0 l\u2019humidit\u00e9, comme par ex. les chapes de sulfate de calcium, de la p\u00e9n\u00e9tration de l\u2019humidit\u00e9 par le haut, et peut \u00eatre utilis\u00e9e en tant que liant pour fabriquer des colles de mortier de r\u00e9sine \u00e9poxy.<\/li>\n<li>Offre une r\u00e9sistance \u00e0 la diffusion de vapeur d&rsquo;eau (valeur \u00b5) de 200 m pour une \u00e9paisseur de couche de 0,5 mm (quantit\u00e9 consomm\u00e9e env. 500 g\/m\u00b2) et peut \u00eatre utilis\u00e9e comme barri\u00e8re contre l\u2019humidit\u00e9.<\/li>\n<li>Peut \u00eatre utilis\u00e9e en combinaison avec la grille de verre de gravier pour la r\u00e9alisation de supports de pose renforc\u00e9s et consolid\u00e9s.<\/li>\n<\/ul>\n","protected":false},"excerpt":{"rendered":"<ul>\n<li>L\u2019acc\u00e9l\u00e9rateur pour les syst\u00e8mes de r\u00e9sine \u00e9poxy \u00e0 deux composants<\/li>\n<li>raccourcit les temps de r\u00e9action<\/li>\n<li>r\u00e9duit les temps d\u2019attente et est<\/li>\n<li>facile \u00e0 incorporer<\/li>\n<li>usage universel<\/li>\n<\/ul>\n","protected":false},"featured_media":16554,"template":"","meta":{"_acf_changed":false,"_links_to":"","_links_to_target":""},"product_brand":[],"product_cat":[469,471],"product_tag":[905,463],"class_list":{"0":"post-19293","1":"product","2":"type-product","3":"status-publish","4":"has-post-thumbnail","6":"product_cat-barriere-dhumidite","7":"product_cat-primer","8":"product_tag-tout-en-un-coup-d-oeil","9":"product_tag-kiesel-fr","10":"pa_gebinde-3-5-kg-fr","11":"pa_gebinde-7-kg-fr","13":"first","14":"instock","15":"product-type-variable","16":"has-default-attributes"},"acf":[],"_links":{"self":[{"href":"https:\/\/bigler-lacke.swiss\/fr\/wp-json\/wp\/v2\/product\/19293","targetHints":{"allow":["GET"]}}],"collection":[{"href":"https:\/\/bigler-lacke.swiss\/fr\/wp-json\/wp\/v2\/product"}],"about":[{"href":"https:\/\/bigler-lacke.swiss\/fr\/wp-json\/wp\/v2\/types\/product"}],"wp:featuredmedia":[{"embeddable":true,"href":"https:\/\/bigler-lacke.swiss\/fr\/wp-json\/wp\/v2\/media\/16554"}],"wp:attachment":[{"href":"https:\/\/bigler-lacke.swiss\/fr\/wp-json\/wp\/v2\/media?parent=19293"}],"wp:term":[{"taxonomy":"product_brand","embeddable":true,"href":"https:\/\/bigler-lacke.swiss\/fr\/wp-json\/wp\/v2\/product_brand?post=19293"},{"taxonomy":"product_cat","embeddable":true,"href":"https:\/\/bigler-lacke.swiss\/fr\/wp-json\/wp\/v2\/product_cat?post=19293"},{"taxonomy":"product_tag","embeddable":true,"href":"https:\/\/bigler-lacke.swiss\/fr\/wp-json\/wp\/v2\/product_tag?post=19293"}],"curies":[{"name":"wp","href":"https:\/\/api.w.org\/{rel}","templated":true}]}}