{"id":19297,"date":"2020-09-01T06:59:53","date_gmt":"2020-09-16T03:20:54","guid":{"rendered":"http:\/\/bigler-lacke.swiss\/product\/okavlies-15-mm-1-m-x-25-metres-lineaires\/"},"modified":"2020-09-16T05:20:54","modified_gmt":"2020-09-16T03:20:54","slug":"okavlies-15-mm-1-m-x-25-metres-lineaires","status":"publish","type":"product","link":"https:\/\/bigler-lacke.swiss\/fr\/produit\/okavlies-15-mm-1-m-x-25-metres-lineaires\/","title":{"rendered":"Okavlies 1,5 mm 1 m \u00d7 25 m\u00e8tres lin\u00e9aires"},"content":{"rendered":"","protected":false},"excerpt":{"rendered":"<p>Sous-souche de d\u00e9solidarisation<\/p>\n","protected":false},"featured_media":13520,"template":"","meta":{"_acf_changed":false,"_links_to":"","_links_to_target":""},"product_brand":[],"product_cat":[467],"product_tag":[905,463],"class_list":{"0":"post-19297","1":"product","2":"type-product","3":"status-publish","4":"has-post-thumbnail","6":"product_cat-decouplage","7":"product_tag-tout-en-un-coup-d-oeil","8":"product_tag-kiesel-fr","10":"first","11":"instock","12":"product-type-simple"},"acf":[],"_links":{"self":[{"href":"https:\/\/bigler-lacke.swiss\/fr\/wp-json\/wp\/v2\/product\/19297","targetHints":{"allow":["GET"]}}],"collection":[{"href":"https:\/\/bigler-lacke.swiss\/fr\/wp-json\/wp\/v2\/product"}],"about":[{"href":"https:\/\/bigler-lacke.swiss\/fr\/wp-json\/wp\/v2\/types\/product"}],"wp:featuredmedia":[{"embeddable":true,"href":"https:\/\/bigler-lacke.swiss\/fr\/wp-json\/wp\/v2\/media\/13520"}],"wp:attachment":[{"href":"https:\/\/bigler-lacke.swiss\/fr\/wp-json\/wp\/v2\/media?parent=19297"}],"wp:term":[{"taxonomy":"product_brand","embeddable":true,"href":"https:\/\/bigler-lacke.swiss\/fr\/wp-json\/wp\/v2\/product_brand?post=19297"},{"taxonomy":"product_cat","embeddable":true,"href":"https:\/\/bigler-lacke.swiss\/fr\/wp-json\/wp\/v2\/product_cat?post=19297"},{"taxonomy":"product_tag","embeddable":true,"href":"https:\/\/bigler-lacke.swiss\/fr\/wp-json\/wp\/v2\/product_tag?post=19297"}],"curies":[{"name":"wp","href":"https:\/\/api.w.org\/{rel}","templated":true}]}}