{"id":19299,"date":"2020-09-01T07:00:10","date_gmt":"2020-09-16T03:21:06","guid":{"rendered":"http:\/\/bigler-lacke.swiss\/product\/panneau-disolation-okaphone-15\/"},"modified":"2021-10-18T10:06:55","modified_gmt":"2021-10-18T08:06:55","slug":"panneau-disolation-okaphone-15","status":"publish","type":"product","link":"https:\/\/bigler-lacke.swiss\/fr\/produit\/panneau-disolation-okaphone-15\/","title":{"rendered":"Panneau d\u2019isolation Okaphone 15"},"content":{"rendered":"<ul>\n<li>Panneau de fibres synth\u00e9tiques \u00e0 liant de r\u00e9sine synth\u00e9tique, stable et fortement comprim\u00e9, d\u2019environ 15 mm d\u2019\u00e9paisseur, pour la d\u00e9solidarisation et la production de surfaces de pose isolantes et insonorisantes, sous des rev\u00eatements \u00e9lastiques et textiles appropri\u00e9s et le parquet \u00e0 l\u2019int\u00e9rieur.<\/li>\n<li>Comme couche interm\u00e9diaire isolante dans la r\u00e9novation et sur les sous-couches mal isol\u00e9s dans les b\u00e2timents anciens et neufs.<\/li>\n<li>Augmentation du confort de vie et de marche avec une faible hauteur de montage.<\/li>\n<li>Okaphone 15 est incassable et imputrescible.<\/li>\n<\/ul>\n","protected":false},"excerpt":{"rendered":"<ul>\n<li>pour la d\u00e9solidarisation et l\u2019insonorisation<\/li>\n<li>\npour un meilleur confort de marche et de vie<\/li>\n<li>\nflexible et stable<\/li>\n<li>\npeut-\u00eatre coup\u00e9 et sci\u00e9<\/li>\n<\/ul>\n","protected":false},"featured_media":16561,"template":"","meta":{"_acf_changed":false,"_links_to":"","_links_to_target":""},"product_brand":[],"product_cat":[467],"product_tag":[905,463],"class_list":{"0":"post-19299","1":"product","2":"type-product","3":"status-publish","4":"has-post-thumbnail","6":"product_cat-decouplage","7":"product_tag-tout-en-un-coup-d-oeil","8":"product_tag-kiesel-fr","9":"pa_gebinde-3-m2-fr","11":"first","12":"instock","13":"product-type-simple"},"acf":[],"_links":{"self":[{"href":"https:\/\/bigler-lacke.swiss\/fr\/wp-json\/wp\/v2\/product\/19299","targetHints":{"allow":["GET"]}}],"collection":[{"href":"https:\/\/bigler-lacke.swiss\/fr\/wp-json\/wp\/v2\/product"}],"about":[{"href":"https:\/\/bigler-lacke.swiss\/fr\/wp-json\/wp\/v2\/types\/product"}],"wp:featuredmedia":[{"embeddable":true,"href":"https:\/\/bigler-lacke.swiss\/fr\/wp-json\/wp\/v2\/media\/16561"}],"wp:attachment":[{"href":"https:\/\/bigler-lacke.swiss\/fr\/wp-json\/wp\/v2\/media?parent=19299"}],"wp:term":[{"taxonomy":"product_brand","embeddable":true,"href":"https:\/\/bigler-lacke.swiss\/fr\/wp-json\/wp\/v2\/product_brand?post=19299"},{"taxonomy":"product_cat","embeddable":true,"href":"https:\/\/bigler-lacke.swiss\/fr\/wp-json\/wp\/v2\/product_cat?post=19299"},{"taxonomy":"product_tag","embeddable":true,"href":"https:\/\/bigler-lacke.swiss\/fr\/wp-json\/wp\/v2\/product_tag?post=19299"}],"curies":[{"name":"wp","href":"https:\/\/api.w.org\/{rel}","templated":true}]}}