{"id":19303,"date":"2020-09-01T07:00:44","date_gmt":"2020-09-16T03:21:28","guid":{"rendered":"http:\/\/bigler-lacke.swiss\/product\/okatmos-er-15\/"},"modified":"2021-08-27T09:12:25","modified_gmt":"2021-08-27T07:12:25","slug":"okatmos-er-15","status":"publish","type":"product","link":"https:\/\/bigler-lacke.swiss\/fr\/produit\/okatmos-er-15\/","title":{"rendered":"Okatmos ER 15"},"content":{"rendered":"<ul>\n<li>Fixation hygi\u00e9nisante, sans solvants, \u00e0 tr\u00e8s faible \u00e9mission (selon TRGS 610), de dalles de moquette antid\u00e9rapantes et amovibles (avec envers bitume, non-tiss\u00e9, PVC ou PU) sur des sous-couches denses, non-absorbantes ou absorbantes \u00e0 l\u2019int\u00e9rieur.<\/li>\n<li>Gr\u00e2ce \u00e0 son effet hygi\u00e9nisant, aide \u00e0 pr\u00e9venir les odeurs. L\u2019hygi\u00e8ne de l\u2019espace de vie est ainsi soutenue de mani\u00e8re efficace et permanente.<\/li>\n<\/ul>\n","protected":false},"excerpt":{"rendered":"<ul>\n<li>Frein antid\u00e9rapant<\/li>\n<li>sans solvants<\/li>\n<li>sp\u00e9cial pour les dalles de moquette<\/li>\n<li>application facile<\/li>\n<li>convient pour le chauffage au sol<\/li>\n<li>m\u00e9lange conducteur possible<\/li>\n<li>hygi\u00e9nisant<\/li>\n<li>r\u00e9pertori\u00e9 dans le navigateur DGNB<\/li>\n<\/ul>\n","protected":false},"featured_media":12178,"template":"","meta":{"_acf_changed":false,"_links_to":"","_links_to_target":""},"product_brand":[],"product_cat":[473,471],"product_tag":[905,463],"class_list":{"0":"post-19303","1":"product","2":"type-product","3":"status-publish","4":"has-post-thumbnail","6":"product_cat-adhesif","7":"product_cat-primer","8":"product_tag-tout-en-un-coup-d-oeil","9":"product_tag-kiesel-fr","10":"pa_gebinde-10-kg-fr","12":"first","13":"instock","14":"product-type-simple"},"acf":[],"_links":{"self":[{"href":"https:\/\/bigler-lacke.swiss\/fr\/wp-json\/wp\/v2\/product\/19303","targetHints":{"allow":["GET"]}}],"collection":[{"href":"https:\/\/bigler-lacke.swiss\/fr\/wp-json\/wp\/v2\/product"}],"about":[{"href":"https:\/\/bigler-lacke.swiss\/fr\/wp-json\/wp\/v2\/types\/product"}],"wp:featuredmedia":[{"embeddable":true,"href":"https:\/\/bigler-lacke.swiss\/fr\/wp-json\/wp\/v2\/media\/12178"}],"wp:attachment":[{"href":"https:\/\/bigler-lacke.swiss\/fr\/wp-json\/wp\/v2\/media?parent=19303"}],"wp:term":[{"taxonomy":"product_brand","embeddable":true,"href":"https:\/\/bigler-lacke.swiss\/fr\/wp-json\/wp\/v2\/product_brand?post=19303"},{"taxonomy":"product_cat","embeddable":true,"href":"https:\/\/bigler-lacke.swiss\/fr\/wp-json\/wp\/v2\/product_cat?post=19303"},{"taxonomy":"product_tag","embeddable":true,"href":"https:\/\/bigler-lacke.swiss\/fr\/wp-json\/wp\/v2\/product_tag?post=19303"}],"curies":[{"name":"wp","href":"https:\/\/api.w.org\/{rel}","templated":true}]}}