{"id":19304,"date":"2020-09-01T07:00:52","date_gmt":"2020-09-16T03:21:36","guid":{"rendered":"http:\/\/bigler-lacke.swiss\/product\/bakit-pv-universal\/"},"modified":"2021-08-26T15:06:06","modified_gmt":"2021-08-26T13:06:06","slug":"bakit-pv-universal","status":"publish","type":"product","link":"https:\/\/bigler-lacke.swiss\/fr\/produit\/bakit-pv-universal\/","title":{"rendered":"Bakit PV Universal"},"content":{"rendered":"<ul>\n<li>Couche d\u2019appr\u00eat \u00e0 dispersion sans solvants, \u00e0 tr\u00e8s faible \u00e9mission, pour une grande force d\u2019adh\u00e9rence.<\/li>\n<li>Convient aux sous-couches absorbantes pour le collage direct des parquets avec toutes les colles \u00e0 parquet Bakit SMP et pour les travaux de lissage ult\u00e9rieurs avec les enduits Servoplan, Servofix et Servoalpha.<\/li>\n<li>Utilisez un enduit Kiesel appropri\u00e9 pour les travaux de parquet.<\/li>\n<li><strong>Ne convient pas aux sous-couches non-absorbantes, aux colles \u00e0 base de bitume et aux r\u00e9sidus de colles solubles dans l\u2019eau<\/strong> (p. ex. la colle au lignosulfite).<\/li>\n<li>Bakit PV-Universal ne peut pas \u00eatre utilis\u00e9 comme barri\u00e8re contre l\u2019humidit\u00e9 ou pour consolider les chapes.<\/li>\n<\/ul>\n","protected":false},"excerpt":{"rendered":"<ul>\n<li>Couche d\u2019appr\u00eat \u00e0 dispersion<\/li>\n<li>tr\u00e8s faible \u00e9mission<\/li>\n<li>pour sous-couches absorbants<\/li>\n<li>pr\u00eat \u00e0 l\u2019emploi <\/li>\n<li>pour toutes les colles \u00e0 parquet Bakit SMP<\/li>\n<li>convient pour chauffage au sol<\/li>\n<\/ul>\n","protected":false},"featured_media":16570,"template":"","meta":{"_acf_changed":false,"_links_to":"","_links_to_target":""},"product_brand":[],"product_cat":[471],"product_tag":[905,463],"class_list":{"0":"post-19304","1":"product","2":"type-product","3":"status-publish","4":"has-post-thumbnail","6":"product_cat-primer","7":"product_tag-tout-en-un-coup-d-oeil","8":"product_tag-kiesel-fr","10":"first","11":"instock","12":"product-type-simple"},"acf":[],"_links":{"self":[{"href":"https:\/\/bigler-lacke.swiss\/fr\/wp-json\/wp\/v2\/product\/19304","targetHints":{"allow":["GET"]}}],"collection":[{"href":"https:\/\/bigler-lacke.swiss\/fr\/wp-json\/wp\/v2\/product"}],"about":[{"href":"https:\/\/bigler-lacke.swiss\/fr\/wp-json\/wp\/v2\/types\/product"}],"wp:featuredmedia":[{"embeddable":true,"href":"https:\/\/bigler-lacke.swiss\/fr\/wp-json\/wp\/v2\/media\/16570"}],"wp:attachment":[{"href":"https:\/\/bigler-lacke.swiss\/fr\/wp-json\/wp\/v2\/media?parent=19304"}],"wp:term":[{"taxonomy":"product_brand","embeddable":true,"href":"https:\/\/bigler-lacke.swiss\/fr\/wp-json\/wp\/v2\/product_brand?post=19304"},{"taxonomy":"product_cat","embeddable":true,"href":"https:\/\/bigler-lacke.swiss\/fr\/wp-json\/wp\/v2\/product_cat?post=19304"},{"taxonomy":"product_tag","embeddable":true,"href":"https:\/\/bigler-lacke.swiss\/fr\/wp-json\/wp\/v2\/product_tag?post=19304"}],"curies":[{"name":"wp","href":"https:\/\/api.w.org\/{rel}","templated":true}]}}