{"id":19305,"date":"2020-09-01T07:00:59","date_gmt":"2020-09-16T03:21:41","guid":{"rendered":"http:\/\/bigler-lacke.swiss\/product\/nettoyant-de-base-okamul-gr\/"},"modified":"2021-10-30T05:10:05","modified_gmt":"2021-10-30T03:10:05","slug":"okamul-gr-nettoyant-de-base","status":"publish","type":"product","link":"https:\/\/bigler-lacke.swiss\/fr\/produit\/okamul-gr-nettoyant-de-base\/","title":{"rendered":"Okamul GR Nettoyant de base"},"content":{"rendered":"<ul>\n<li>Nettoyant universel, doux et alcalin de finition, avec un fort pouvoir solvant, pour \u00e9liminer les salissures r\u00e9sultant des travaux ainsi que les r\u00e9sidus de cire, les produits d\u2019entretien, les dispersions auto-brillantes et les r\u00e9sidus de colle.<\/li>\n<li>Okamul GR convient au nettoyage des rev\u00eatements en PVC, CV, polyol\u00e9fine, linol\u00e9um et caoutchouc, ainsi que des rev\u00eatements en carrelage et en pierres naturelles et artificielles.<\/li>\n<li>Peut \u00e9galement \u00eatre utilis\u00e9 pour les planchers en bois vernis.<\/li>\n<\/ul>\n","protected":false},"excerpt":{"rendered":"<ul>\n<li>Nettoyant de base<\/li>\n<li>usage universel<\/span><\/li>\n<li>pour le nettoyage de base des sols<\/li>\n<li>\u00e0 l\u2019int\u00e9rieur et \u00e0 l\u2019ext\u00e9rieur<\/li>\n<li>afin d\u2019\u00e9liminer compl\u00e8tement les anciennes couches d\u2019entretien et de cire<\/li>\n<\/ul>\n","protected":false},"featured_media":16572,"template":"","meta":{"_acf_changed":false,"_links_to":"","_links_to_target":""},"product_brand":[],"product_cat":[479],"product_tag":[905,463],"class_list":{"0":"post-19305","1":"product","2":"type-product","3":"status-publish","4":"has-post-thumbnail","6":"product_cat-nettoyage-et-entretien","7":"product_tag-tout-en-un-coup-d-oeil","8":"product_tag-kiesel-fr","9":"pa_gebinde-5-lt-fr","11":"first","12":"instock","13":"product-type-simple"},"acf":[],"_links":{"self":[{"href":"https:\/\/bigler-lacke.swiss\/fr\/wp-json\/wp\/v2\/product\/19305","targetHints":{"allow":["GET"]}}],"collection":[{"href":"https:\/\/bigler-lacke.swiss\/fr\/wp-json\/wp\/v2\/product"}],"about":[{"href":"https:\/\/bigler-lacke.swiss\/fr\/wp-json\/wp\/v2\/types\/product"}],"wp:featuredmedia":[{"embeddable":true,"href":"https:\/\/bigler-lacke.swiss\/fr\/wp-json\/wp\/v2\/media\/16572"}],"wp:attachment":[{"href":"https:\/\/bigler-lacke.swiss\/fr\/wp-json\/wp\/v2\/media?parent=19305"}],"wp:term":[{"taxonomy":"product_brand","embeddable":true,"href":"https:\/\/bigler-lacke.swiss\/fr\/wp-json\/wp\/v2\/product_brand?post=19305"},{"taxonomy":"product_cat","embeddable":true,"href":"https:\/\/bigler-lacke.swiss\/fr\/wp-json\/wp\/v2\/product_cat?post=19305"},{"taxonomy":"product_tag","embeddable":true,"href":"https:\/\/bigler-lacke.swiss\/fr\/wp-json\/wp\/v2\/product_tag?post=19305"}],"curies":[{"name":"wp","href":"https:\/\/api.w.org\/{rel}","templated":true}]}}