{"id":20748,"date":"2020-10-02T13:23:17","date_gmt":"2020-10-02T11:23:17","guid":{"rendered":"http:\/\/bigler-lacke.swiss\/?post_type=product&#038;p=20748"},"modified":"2025-12-04T21:39:34","modified_gmt":"2025-12-04T20:39:34","slug":"bigler-sealeronly-h2o-plus","status":"publish","type":"product","link":"https:\/\/bigler-lacke.swiss\/fr\/produit\/bigler-sealeronly-h2o-plus\/","title":{"rendered":"BIGLER SealerOnly Plus"},"content":{"rendered":"<p><strong>SealerOnly Plus<\/strong><\/p>\n<ul>\n<li>vernis aqueux pour parquet \u00e0 base de copolym\u00e8re de polyur\u00e9thane acrylique<\/li>\n<li>pour parquet et planchers en bois pr\u00e9sentant une sollicitation normale dans les pi\u00e8ces d\u2019habitation<\/li>\n<li>pr\u00eat \u00e0 l\u2019emploi, autor\u00e9ticulable<\/li>\n<li>ne n\u00e9cessite aucun durcissant ni agent de r\u00e9ticulation<\/li>\n<li>le parquet peut \u00eatre fini avec seulement deux couches de SealerOnly Plus<\/li>\n<li>En raison du collage lat\u00e9ral fortement r\u00e9duit, il n\u2019est pas n\u00e9cessaire d\u2019appliquer une couche de fond ni du mastic dans les joints !<\/li>\n<\/ul>\n","protected":false},"excerpt":{"rendered":"<ul>\n<li>Vernis aqueux \u00e0 1 composant<\/li>\n<li>ne requiert pas de couche de fond<\/li>\n<li>GEV-EMICODE EC 1 PLUS<\/li>\n<li>tr\u00e8s faibles \u00e9missions<\/li>\n<li>sans NMP, APEO et plastifiants<\/li>\n<li>disponible aux degr\u00e9s de brillance \u00ab semi-mat \u00bb et \u00ab mat \u00bb<\/li>\n<li>pour les pi\u00e8ces d\u2019habitation tr\u00e8s sollicit\u00e9es (INDICE <em>BIGLER<\/em> 3\/5)<\/li>\n<li>meilleures propri\u00e9t\u00e9s d\u2019application<\/li>\n<li>s\u00e9chage rapide<\/li>\n<li>tr\u00e8s bonne r\u00e9sistance chimique et m\u00e9canique<\/li>\n<li>bonne impr\u00e9gnation<\/li>\n<\/ul>\n","protected":false},"featured_media":23389,"template":"","meta":{"_acf_changed":false,"_links_to":"","_links_to_target":""},"product_brand":[],"product_cat":[476],"product_tag":[905,456,459],"class_list":{"0":"post-20748","1":"product","2":"type-product","3":"status-publish","4":"has-post-thumbnail","6":"product_cat-laque-pour-parquet","7":"product_tag-tout-en-un-coup-d-oeil","8":"product_tag-bi-3-5-fr","9":"product_tag-bigler-fr","10":"pa_gebinde-10-lt-fr","11":"pa_gebinde-5-lt-fr","12":"pa_glanzstufe-matt-fr","13":"pa_glanzstufe-semi-mat","15":"first","16":"instock","17":"shipping-taxable","18":"product-type-variable"},"acf":[],"_links":{"self":[{"href":"https:\/\/bigler-lacke.swiss\/fr\/wp-json\/wp\/v2\/product\/20748","targetHints":{"allow":["GET"]}}],"collection":[{"href":"https:\/\/bigler-lacke.swiss\/fr\/wp-json\/wp\/v2\/product"}],"about":[{"href":"https:\/\/bigler-lacke.swiss\/fr\/wp-json\/wp\/v2\/types\/product"}],"wp:featuredmedia":[{"embeddable":true,"href":"https:\/\/bigler-lacke.swiss\/fr\/wp-json\/wp\/v2\/media\/23389"}],"wp:attachment":[{"href":"https:\/\/bigler-lacke.swiss\/fr\/wp-json\/wp\/v2\/media?parent=20748"}],"wp:term":[{"taxonomy":"product_brand","embeddable":true,"href":"https:\/\/bigler-lacke.swiss\/fr\/wp-json\/wp\/v2\/product_brand?post=20748"},{"taxonomy":"product_cat","embeddable":true,"href":"https:\/\/bigler-lacke.swiss\/fr\/wp-json\/wp\/v2\/product_cat?post=20748"},{"taxonomy":"product_tag","embeddable":true,"href":"https:\/\/bigler-lacke.swiss\/fr\/wp-json\/wp\/v2\/product_tag?post=20748"}],"curies":[{"name":"wp","href":"https:\/\/api.w.org\/{rel}","templated":true}]}}