{"id":21090,"date":"2021-02-09T09:23:45","date_gmt":"2021-02-09T08:23:45","guid":{"rendered":"http:\/\/bigler-lacke.swiss\/?post_type=product&#038;p=21090"},"modified":"2024-12-13T15:26:57","modified_gmt":"2024-12-13T14:26:57","slug":"bigler-floorsealer-ultramatt","status":"publish","type":"product","link":"https:\/\/bigler-lacke.swiss\/fr\/produit\/bigler-floorsealer-ultramatt\/","title":{"rendered":"BIGLER FloorSealer Ultramatt"},"content":{"rendered":"<p>FloorSealer Ultramatt est un vernis aqueux pour parquet \u00e0 base de biopolym\u00e8re automatifiant pour les parquets et les planchers en bois normalement sollicit\u00e9s dans les pi\u00e8ces d\u2019habitation.<br \/>\nPour faciliter l\u2019application, le vernis est pr\u00eat \u00e0 l\u2019emploi, autor\u00e9ticulable et ne n\u00e9cessite aucun durcissant ni agent de r\u00e9ticulation.<br \/>\nEn raison du collage lat\u00e9ral fortement r\u00e9duit, il n\u2019est pas n\u00e9cessaire d\u2019appliquer une couche de fond ni du mastic dans les joints!<br \/>\nFloorSealer Ultramatt ne doit pas \u00eatre utilis\u00e9 avec une couche de fond ou d\u2019autres vernis pour ne pas perdre l\u2019optique bois brut ultra-mat!<br \/>\nFloorSealer Ultramatt peut \u00eatre utilis\u00e9 pour presque tous les types de bois.<\/p>\n","protected":false},"excerpt":{"rendered":"<ul>\n<li>vernis pour parquet \u00e0 1 composant, aqueux<\/li>\n<li>ne requiert pas de couche de fond<\/li>\n<li><strong>presque invisible, conserve l\u2019optique bois brut<\/strong><\/li>\n<li>pour une sollicitation normale (BI 3\/5)<\/li>\n<li>GEV-EMICODE EC 1PLUS tr\u00e8s faibles \u00e9missions<\/li>\n<li>sans NMP, APEO ni plastifiants<\/li>\n<li><strong>25% \u00e0 base d\u2019un biopolym\u00e8re issu de d\u00e9chets v\u00e9g\u00e9taux<\/strong><\/li>\n<li>propri\u00e9t\u00e9s d\u2019application optimales<\/li>\n<li>s\u00e9chage rapide<\/li>\n<li>pr\u00eat \u00e0 l\u2019emploi<\/li>\n<\/ul>\n","protected":false},"featured_media":23036,"template":"","meta":{"_acf_changed":false,"_links_to":"","_links_to_target":""},"product_brand":[],"product_cat":[476],"product_tag":[905,456,459],"class_list":{"0":"post-21090","1":"product","2":"type-product","3":"status-publish","4":"has-post-thumbnail","6":"product_cat-laque-pour-parquet","7":"product_tag-tout-en-un-coup-d-oeil","8":"product_tag-bi-3-5-fr","9":"product_tag-bigler-fr","10":"pa_gebinde-10-lt-fr","11":"pa_gebinde-4-55-lt-fr-2","12":"pa_glanzstufe-ultramatt-fr","14":"first","15":"instock","16":"shipping-taxable","17":"product-type-variable"},"acf":[],"_links":{"self":[{"href":"https:\/\/bigler-lacke.swiss\/fr\/wp-json\/wp\/v2\/product\/21090","targetHints":{"allow":["GET"]}}],"collection":[{"href":"https:\/\/bigler-lacke.swiss\/fr\/wp-json\/wp\/v2\/product"}],"about":[{"href":"https:\/\/bigler-lacke.swiss\/fr\/wp-json\/wp\/v2\/types\/product"}],"wp:featuredmedia":[{"embeddable":true,"href":"https:\/\/bigler-lacke.swiss\/fr\/wp-json\/wp\/v2\/media\/23036"}],"wp:attachment":[{"href":"https:\/\/bigler-lacke.swiss\/fr\/wp-json\/wp\/v2\/media?parent=21090"}],"wp:term":[{"taxonomy":"product_brand","embeddable":true,"href":"https:\/\/bigler-lacke.swiss\/fr\/wp-json\/wp\/v2\/product_brand?post=21090"},{"taxonomy":"product_cat","embeddable":true,"href":"https:\/\/bigler-lacke.swiss\/fr\/wp-json\/wp\/v2\/product_cat?post=21090"},{"taxonomy":"product_tag","embeddable":true,"href":"https:\/\/bigler-lacke.swiss\/fr\/wp-json\/wp\/v2\/product_tag?post=21090"}],"curies":[{"name":"wp","href":"https:\/\/api.w.org\/{rel}","templated":true}]}}