{"id":22213,"date":"2022-11-29T04:53:24","date_gmt":"2022-11-29T03:53:24","guid":{"rendered":"https:\/\/bigler-lacke.swiss\/?post_type=product&#038;p=22213"},"modified":"2023-09-26T05:30:07","modified_gmt":"2023-09-26T03:30:07","slug":"okatmos-ggs","status":"publish","type":"product","link":"https:\/\/bigler-lacke.swiss\/fr\/produit\/okatmos-ggs\/","title":{"rendered":"Okatmos GGS"},"content":{"rendered":"<p>Primaire sans solvant (selon TRGS 610), \u00e0 tr\u00e8s faible \u00e9mission, hygi\u00e9nisant, pr\u00eat \u00e0 l&#8217;emploi et \u00e0 s\u00e9chage rapide, avec une adh\u00e9rence \u00e9lev\u00e9e, pour le pr\u00e9traitement de supports absorbants \u00e0 l&rsquo;int\u00e9rieur.<\/p>\n<p><strong>Okatmos\u00ae GGS <\/strong>se caract\u00e9rise par le fait que, gr\u00e2ce \u00e0 des mati\u00e8res premi\u00e8res s\u00e9lectionn\u00e9es, le temps de s\u00e9chage a \u00e9t\u00e9 consid\u00e9rablement r\u00e9duit, en particulier sur les chapes en sulfate de calcium, lorsque l&rsquo;on travaille ensuite avec des enduits\/colles \u00e0 carreaux \u00e0 base de ciment.<\/p>\n<p>Utilisation recommand\u00e9e :<br \/>\n&#8211; Enduisage sur supports \u00e0 base de pl\u00e2tre, pur<br \/>\n&#8211; Application en couche mince sur supports li\u00e9s au pl\u00e2tre, pur jusqu&rsquo;\u00e0 1:1 dilu\u00e9 avec de l&rsquo;eau (avec MV 1:1, le temps de s\u00e9chage est plus long).<br \/>\n&#8211; Utilisation sur des supports insensibles \u00e0 l&rsquo;humidit\u00e9 jusqu&rsquo;\u00e0 1:2 dilu\u00e9 avec de l&rsquo;eau.<\/p>\n<p>Ne convient pas aux colles hydrosolubles telles que les colles \u00e0 base de lessive de sulfite et les colles bitumineuses.<\/p>\n","protected":false},"excerpt":{"rendered":"<ul>\n<li>pour l&rsquo;int\u00e9rieur<\/li>\n<li>Temps de s\u00e9chage tr\u00e8s court sur les chapes sulfate de calcium, m\u00eame en cas d&rsquo;application ult\u00e9rieure d&rsquo;un enduit \u00e0 base de ciment<\/li>\n<li>pr\u00eat \u00e0 l&#8217;emploi<\/li>\n<li>diluable jusqu&rsquo;\u00e0 1:2 lors de la pose de carreaux c\u00e9ramiques sur supports cimentaires<\/li>\n<li>hygi\u00e9nisant<\/li>\n<li>pour les supports absorbants<\/li>\n<li>adh\u00e9rence \u00e9lev\u00e9e \u00e0 la liaison<\/li>\n<li>sans solvant (selon TRGS 610) et tr\u00e8s faible \u00e9mission<\/li>\n<\/ul>\n","protected":false},"featured_media":22215,"template":"","meta":{"_acf_changed":false,"_links_to":"","_links_to_target":""},"product_brand":[],"product_cat":[473,471],"product_tag":[905,463,1097],"class_list":{"0":"post-22213","1":"product","2":"type-product","3":"status-publish","4":"has-post-thumbnail","6":"product_cat-adhesif","7":"product_cat-primer","8":"product_tag-tout-en-un-coup-d-oeil","9":"product_tag-kiesel-fr","10":"product_tag-nouveau-dans-lassortiment","11":"pa_gebinde-10-kg-fr","12":"pa_gebinde-5-kg-fr","14":"first","15":"instock","16":"product-type-variable"},"acf":[],"_links":{"self":[{"href":"https:\/\/bigler-lacke.swiss\/fr\/wp-json\/wp\/v2\/product\/22213","targetHints":{"allow":["GET"]}}],"collection":[{"href":"https:\/\/bigler-lacke.swiss\/fr\/wp-json\/wp\/v2\/product"}],"about":[{"href":"https:\/\/bigler-lacke.swiss\/fr\/wp-json\/wp\/v2\/types\/product"}],"wp:featuredmedia":[{"embeddable":true,"href":"https:\/\/bigler-lacke.swiss\/fr\/wp-json\/wp\/v2\/media\/22215"}],"wp:attachment":[{"href":"https:\/\/bigler-lacke.swiss\/fr\/wp-json\/wp\/v2\/media?parent=22213"}],"wp:term":[{"taxonomy":"product_brand","embeddable":true,"href":"https:\/\/bigler-lacke.swiss\/fr\/wp-json\/wp\/v2\/product_brand?post=22213"},{"taxonomy":"product_cat","embeddable":true,"href":"https:\/\/bigler-lacke.swiss\/fr\/wp-json\/wp\/v2\/product_cat?post=22213"},{"taxonomy":"product_tag","embeddable":true,"href":"https:\/\/bigler-lacke.swiss\/fr\/wp-json\/wp\/v2\/product_tag?post=22213"}],"curies":[{"name":"wp","href":"https:\/\/api.w.org\/{rel}","templated":true}]}}