{"id":22230,"date":"2022-11-29T07:38:51","date_gmt":"2022-11-29T06:38:51","guid":{"rendered":"https:\/\/bigler-lacke.swiss\/?post_type=product&#038;p=22230"},"modified":"2023-09-26T05:35:36","modified_gmt":"2023-09-26T03:35:36","slug":"okatmos-star-150-plus","status":"publish","type":"product","link":"https:\/\/bigler-lacke.swiss\/fr\/produit\/okatmos-star-150-plus\/","title":{"rendered":"Okatmos star 150 Plus"},"content":{"rendered":"<p>Adh\u00e9sif en dispersion sans solvant, \u00e0 pouvoir adh\u00e9sif \u00e9lev\u00e9, garantissant l\u2019interchangeabilit\u00e9 des \u00e9l\u00e9ments en panneaux et l\u00e9s (modules) avec face arri\u00e8re en feutre, non-tiss\u00e9 ou textile. Convient \u00e9galement au collage de rev\u00eatements vinyliques VCT (Vinyl-Composite-Tiles). <strong>L\u2019Okatmos\u00ae star 150 Plus<\/strong> peut \u00eatre utilis\u00e9 dans le cas de planchers sur\u00e9lev\u00e9s et techniques sur chapes, panneaux d\u2019agglom\u00e9r\u00e9 (CTBH, CTBX, OSB), m\u00e9tal, sur des rev\u00eatements anciens fixes en PVC, CV, lino et carreaux en c\u00e9ramique ainsi que sur tous supports pr\u00eats \u00e0 la pose.<br \/>\nLes rev\u00eatements coll\u00e9s au moyen de <strong>l\u2018Okatmos\u00ae star 150 Plus<\/strong> peuvent \u00eatre d\u00e9coll\u00e9s et repos\u00e9s par la suite.<\/p>\n","protected":false},"excerpt":{"rendered":"<ul>\n<li>sans solvant<\/li>\n<li>mise en \u0153uvre ais\u00e9e<\/li>\n<li>sp\u00e9cial dalles textiles plombantes interchangeables en panneaux et l\u00e9s<\/li>\n<\/ul>\n","protected":false},"featured_media":22234,"template":"","meta":{"_acf_changed":false,"_links_to":"","_links_to_target":""},"product_brand":[],"product_cat":[473,471],"product_tag":[905,463,1097],"class_list":{"0":"post-22230","1":"product","2":"type-product","3":"status-publish","4":"has-post-thumbnail","6":"product_cat-adhesif","7":"product_cat-primer","8":"product_tag-tout-en-un-coup-d-oeil","9":"product_tag-kiesel-fr","10":"product_tag-nouveau-dans-lassortiment","12":"first","13":"instock","14":"product-type-simple"},"acf":[],"_links":{"self":[{"href":"https:\/\/bigler-lacke.swiss\/fr\/wp-json\/wp\/v2\/product\/22230","targetHints":{"allow":["GET"]}}],"collection":[{"href":"https:\/\/bigler-lacke.swiss\/fr\/wp-json\/wp\/v2\/product"}],"about":[{"href":"https:\/\/bigler-lacke.swiss\/fr\/wp-json\/wp\/v2\/types\/product"}],"wp:featuredmedia":[{"embeddable":true,"href":"https:\/\/bigler-lacke.swiss\/fr\/wp-json\/wp\/v2\/media\/22234"}],"wp:attachment":[{"href":"https:\/\/bigler-lacke.swiss\/fr\/wp-json\/wp\/v2\/media?parent=22230"}],"wp:term":[{"taxonomy":"product_brand","embeddable":true,"href":"https:\/\/bigler-lacke.swiss\/fr\/wp-json\/wp\/v2\/product_brand?post=22230"},{"taxonomy":"product_cat","embeddable":true,"href":"https:\/\/bigler-lacke.swiss\/fr\/wp-json\/wp\/v2\/product_cat?post=22230"},{"taxonomy":"product_tag","embeddable":true,"href":"https:\/\/bigler-lacke.swiss\/fr\/wp-json\/wp\/v2\/product_tag?post=22230"}],"curies":[{"name":"wp","href":"https:\/\/api.w.org\/{rel}","templated":true}]}}