{"id":22265,"date":"2022-11-29T11:31:08","date_gmt":"2022-11-29T10:31:08","guid":{"rendered":"https:\/\/bigler-lacke.swiss\/?post_type=product&#038;p=22265"},"modified":"2023-09-26T05:38:22","modified_gmt":"2023-09-26T03:38:22","slug":"servoplan-ki-300","status":"publish","type":"product","link":"https:\/\/bigler-lacke.swiss\/fr\/produit\/servoplan-ki-300\/","title":{"rendered":"Servoplan Ki 300"},"content":{"rendered":"<p>Masse de remplissage et de r\u00e9paration \u00e0 base de ciment, \u00e0 s\u00e9chage tr\u00e8s rapide et pr\u00eate \u00e0 la pose, am\u00e9lior\u00e9e par des mati\u00e8res synth\u00e9tiques, \u00e0 tr\u00e8s faible \u00e9mission, pour l&rsquo;\u00e9galisation de marches d&rsquo;escalier, de paliers, de trous et d&rsquo;in\u00e9galit\u00e9s dans les supports ainsi que pour le ragr\u00e9age et la r\u00e9alisation de ragr\u00e9ages en pente dans toutes les \u00e9paisseurs d&rsquo;application.<\/p>\n<ul>\n<li><strong>Servoplan Ki 300<\/strong> convient sur les chapes en ciment, les chapes en sulfate de calcium, le b\u00e9ton, les anciens supports, les panneaux de particules (P3\/P5\/P7), les panneaux OSB\/2 et OSB\/4, les rev\u00eatements en c\u00e9ramique\/pierre naturelle et terrazzo, les chapes en asphalte coul\u00e9 (IC 10), les chapes en magn\u00e9sie et en bois de roche et les chapes pr\u00e9fabriqu\u00e9es.<\/li>\n<li>Utiliser uniquement en int\u00e9rieur et non comme couche d&rsquo;usure.<\/li>\n<li><strong>Servoplan Ki 300<\/strong> peut \u00eatre utilis\u00e9 en combinaison avec <strong>Okamul RSG Plus<\/strong><sup>1<\/sup> comme couche d&rsquo;arr\u00eat sur les supports \u00e0 base de ciment tels que les chapes en ciment ou le b\u00e9ton pour faire barrage \u00e0 l&rsquo;humidit\u00e9 excessive avant le ragr\u00e9age et les rev\u00eatements de sol \u00e9lastiques\/textiles et le parquet \u00e0 coller dessus (pour plus d&rsquo;informations, voir la fiche technique <strong>Okamul RSG Plus<\/strong>).<\/li>\n<\/ul>\n<p><sup>1<\/sup> Ne remplace pas l&rsquo;\u00e9tanch\u00e9it\u00e9 pour les \u00e9l\u00e9ments en contact avec le sol selon la norme DIN EN 18533 et l&rsquo;\u00e9tanch\u00e9it\u00e9 pour les espaces int\u00e9rieurs selon la norme DIN EN 18534.<\/p>\n","protected":false},"excerpt":{"rendered":"<p>Masse de r\u00e9paration rapide<\/p>\n<ul class=\"product-list\">\n<li>propri\u00e9t\u00e9s de mise en \u0153uvre optimales<\/li>\n<li>Tr\u00e8s rapidement recouvrable<\/li>\n<li>grain fin<\/li>\n<li>extensible en couche mince<\/li>\n<li>applicable sous tous les rev\u00eatements de sol et parquets<\/li>\n<li>Pas de limite d&rsquo;\u00e9paisseur de couche<\/li>\n<li>faible tension<\/li>\n<li>Convient comme barri\u00e8re contre l&rsquo;humidit\u00e9 en combinaison avec Okamul RSG Plus<\/li>\n<\/ul>\n","protected":false},"featured_media":22267,"template":"","meta":{"_acf_changed":false,"_links_to":"","_links_to_target":""},"product_brand":[],"product_cat":[486],"product_tag":[905,463,1097],"class_list":{"0":"post-22265","1":"product","2":"type-product","3":"status-publish","4":"has-post-thumbnail","6":"product_cat-remplissage","7":"product_tag-tout-en-un-coup-d-oeil","8":"product_tag-kiesel-fr","9":"product_tag-nouveau-dans-lassortiment","11":"first","12":"instock","13":"featured","14":"product-type-simple"},"acf":[],"_links":{"self":[{"href":"https:\/\/bigler-lacke.swiss\/fr\/wp-json\/wp\/v2\/product\/22265","targetHints":{"allow":["GET"]}}],"collection":[{"href":"https:\/\/bigler-lacke.swiss\/fr\/wp-json\/wp\/v2\/product"}],"about":[{"href":"https:\/\/bigler-lacke.swiss\/fr\/wp-json\/wp\/v2\/types\/product"}],"wp:featuredmedia":[{"embeddable":true,"href":"https:\/\/bigler-lacke.swiss\/fr\/wp-json\/wp\/v2\/media\/22267"}],"wp:attachment":[{"href":"https:\/\/bigler-lacke.swiss\/fr\/wp-json\/wp\/v2\/media?parent=22265"}],"wp:term":[{"taxonomy":"product_brand","embeddable":true,"href":"https:\/\/bigler-lacke.swiss\/fr\/wp-json\/wp\/v2\/product_brand?post=22265"},{"taxonomy":"product_cat","embeddable":true,"href":"https:\/\/bigler-lacke.swiss\/fr\/wp-json\/wp\/v2\/product_cat?post=22265"},{"taxonomy":"product_tag","embeddable":true,"href":"https:\/\/bigler-lacke.swiss\/fr\/wp-json\/wp\/v2\/product_tag?post=22265"}],"curies":[{"name":"wp","href":"https:\/\/api.w.org\/{rel}","templated":true}]}}