{"id":22345,"date":"2023-06-19T08:44:20","date_gmt":"2023-06-19T06:44:20","guid":{"rendered":"https:\/\/bigler-lacke.swiss\/?post_type=product&#038;p=22345"},"modified":"2025-01-08T15:14:25","modified_gmt":"2025-01-08T14:14:25","slug":"bigler-top-floor-air-quality","status":"publish","type":"product","link":"https:\/\/bigler-lacke.swiss\/fr\/produit\/bigler-top-floor-air-quality\/","title":{"rendered":"BIGLER Top Floor Air Quality"},"content":{"rendered":"<p>BIGLER TopFloor AirQuality est un vernis aqueux \u00e0 parquet \u00e0 base de polyur\u00e9thane-acrylique pour les parquets et les planchers en bois tr\u00e8s sollicit\u00e9s dans les pi\u00e8ces d\u2019habitation.<\/p>\n<p>INNOVATION \u00e0 base d\u2018eau, sans odeur et application facile. Assainit l&rsquo;air et absorbe le formol<br \/>\nNon glissant: Glissance test\u00e9e selon NF EN 13026-4.<br \/>\nClassement au feu CflS1**<\/p>\n","protected":false},"excerpt":{"rendered":"<ul>\n<li>Vernis pour parquet mono-composant en phase aqueuse<\/li>\n<li>Innovation : assainit l\u2019air, absorbe le formol<\/li>\n<li>Application facile<\/li>\n<li>Non glissant<\/li>\n<li>Classement au feu CflS1<\/li>\n<li>10 m\u00b2\/L<\/li>\n<li>Finition : ultra mat, satin<\/li>\n<\/ul>\n","protected":false},"featured_media":22761,"template":"","meta":{"_acf_changed":false,"_links_to":"","_links_to_target":""},"product_brand":[],"product_cat":[476],"product_tag":[905,456,459],"class_list":{"0":"post-22345","1":"product","2":"type-product","3":"status-publish","4":"has-post-thumbnail","6":"product_cat-laque-pour-parquet","7":"product_tag-tout-en-un-coup-d-oeil","8":"product_tag-bi-3-5-fr","9":"product_tag-bigler-fr","10":"pa_gebinde-1-lt-fr","11":"pa_gebinde-5-lt-fr","13":"first","14":"instock","15":"shipping-taxable","16":"product-type-variable"},"acf":[],"_links":{"self":[{"href":"https:\/\/bigler-lacke.swiss\/fr\/wp-json\/wp\/v2\/product\/22345","targetHints":{"allow":["GET"]}}],"collection":[{"href":"https:\/\/bigler-lacke.swiss\/fr\/wp-json\/wp\/v2\/product"}],"about":[{"href":"https:\/\/bigler-lacke.swiss\/fr\/wp-json\/wp\/v2\/types\/product"}],"wp:featuredmedia":[{"embeddable":true,"href":"https:\/\/bigler-lacke.swiss\/fr\/wp-json\/wp\/v2\/media\/22761"}],"wp:attachment":[{"href":"https:\/\/bigler-lacke.swiss\/fr\/wp-json\/wp\/v2\/media?parent=22345"}],"wp:term":[{"taxonomy":"product_brand","embeddable":true,"href":"https:\/\/bigler-lacke.swiss\/fr\/wp-json\/wp\/v2\/product_brand?post=22345"},{"taxonomy":"product_cat","embeddable":true,"href":"https:\/\/bigler-lacke.swiss\/fr\/wp-json\/wp\/v2\/product_cat?post=22345"},{"taxonomy":"product_tag","embeddable":true,"href":"https:\/\/bigler-lacke.swiss\/fr\/wp-json\/wp\/v2\/product_tag?post=22345"}],"curies":[{"name":"wp","href":"https:\/\/api.w.org\/{rel}","templated":true}]}}