{"id":22383,"date":"2023-06-19T14:04:41","date_gmt":"2023-06-19T12:04:41","guid":{"rendered":"https:\/\/bigler-lacke.swiss\/?post_type=product&#038;p=22383"},"modified":"2025-01-08T15:57:58","modified_gmt":"2025-01-08T14:57:58","slug":"bigler-topsoap-biobased","status":"publish","type":"product","link":"https:\/\/bigler-lacke.swiss\/fr\/produit\/bigler-topsoap-biobased\/","title":{"rendered":"BIGLER TopSoap Biobased"},"content":{"rendered":"<p>D\u2018origine v\u00e9g\u00e9tale et d\u2018odeur agr\u00e9able, BIGLER TopSoap Biobased permet le nettoyage r\u00e9gulier de tous les parquets huil\u00e9s, en renfor\u00e7ant la protection du bois \u00e0 chaque lavage.<br \/>\nPuissant et concentr\u00e9, le Savon conserve aux parquets et planchers huil\u00e9s leur aspect naturel et leur beaut\u00e9.<br \/>\nBIGLER TopSoap Biobased contient 98% d\u2018ingr\u00e9dients naturels, biosourc\u00e9s et min\u00e9raux (non issus de l\u2019agriculture biologique) dont 95% de carbone biosourc\u00e9 mesur\u00e9 selon la norme NF EN 16640.<\/p>\n","protected":false},"excerpt":{"rendered":"<ul>\n<li>Nettoyant pour parquet huil\u00e9s biosourc\u00e9<\/li>\n<li>Usage r\u00e9gulier &#8211; conserve l\u2019aspect naturel<\/li>\n<li>Sans rin\u00e7age<\/li>\n<li>500 m\u00b2\/L<\/li>\n<li>Finition : naturel, blanc<\/li>\n<\/ul>\n","protected":false},"featured_media":22807,"template":"","meta":{"_acf_changed":false,"_links_to":"","_links_to_target":""},"product_brand":[],"product_cat":[478],"product_tag":[905,459],"class_list":{"0":"post-22383","1":"product","2":"type-product","3":"status-publish","4":"has-post-thumbnail","6":"product_cat-nettoyage","7":"product_tag-tout-en-un-coup-d-oeil","8":"product_tag-bigler-fr","9":"pa_gebinde-1-lt-fr","10":"pa_gebinde-5-lt-fr","12":"first","13":"instock","14":"shipping-taxable","15":"product-type-variable"},"acf":[],"_links":{"self":[{"href":"https:\/\/bigler-lacke.swiss\/fr\/wp-json\/wp\/v2\/product\/22383","targetHints":{"allow":["GET"]}}],"collection":[{"href":"https:\/\/bigler-lacke.swiss\/fr\/wp-json\/wp\/v2\/product"}],"about":[{"href":"https:\/\/bigler-lacke.swiss\/fr\/wp-json\/wp\/v2\/types\/product"}],"wp:featuredmedia":[{"embeddable":true,"href":"https:\/\/bigler-lacke.swiss\/fr\/wp-json\/wp\/v2\/media\/22807"}],"wp:attachment":[{"href":"https:\/\/bigler-lacke.swiss\/fr\/wp-json\/wp\/v2\/media?parent=22383"}],"wp:term":[{"taxonomy":"product_brand","embeddable":true,"href":"https:\/\/bigler-lacke.swiss\/fr\/wp-json\/wp\/v2\/product_brand?post=22383"},{"taxonomy":"product_cat","embeddable":true,"href":"https:\/\/bigler-lacke.swiss\/fr\/wp-json\/wp\/v2\/product_cat?post=22383"},{"taxonomy":"product_tag","embeddable":true,"href":"https:\/\/bigler-lacke.swiss\/fr\/wp-json\/wp\/v2\/product_tag?post=22383"}],"curies":[{"name":"wp","href":"https:\/\/api.w.org\/{rel}","templated":true}]}}