{"id":22393,"date":"2023-06-19T14:37:46","date_gmt":"2023-06-19T12:37:46","guid":{"rendered":"https:\/\/bigler-lacke.swiss\/?post_type=product&#038;p=22393"},"modified":"2025-01-08T16:09:51","modified_gmt":"2025-01-08T15:09:51","slug":"bigler-intensivecleaner","status":"publish","type":"product","link":"https:\/\/bigler-lacke.swiss\/fr\/produit\/bigler-intensivecleaner\/","title":{"rendered":"BIGLER IntensiveCleaner"},"content":{"rendered":"<p>BIGLER IntensiveCleaner d\u00e9sincruste en profondeur les taches et salissures les plus tenaces sur tous les parquets huil\u00e9s* (chantiers et finis usine).<\/p>\n<p>Ce puissant d\u00e9graissant permet d\u2019\u00e9liminer un grand nombre de souillures grasses.<\/p>\n<p>Id\u00e9al pour pr\u00e9parer les surfaces \u00e0 une nouvelle mise en huile.<\/p>\n<p>D\u00e9sincruste les taches difficiles, traces noires \u2013 \u00e9limine les accumulations de couches encrass\u00e9es.<\/p>\n","protected":false},"excerpt":{"rendered":"<ul>\n<li>D\u00e9graissant et d\u00e9crassant puissant pour les parquets huil\u00e9s<\/li>\n<li>D\u00e9sincruste les taches difficiles, traces noires<\/li>\n<li>\u00c9limine les accumulations de couches encrass\u00e9es<\/li>\n<li>Id\u00e9al pour pr\u00e9parer les surfaces \u00e0 une nouvelle mise en huile<\/li>\n<li>Usage occasionnel<\/li>\n<li>250 \u00e0 500 m\u00b2\/L<\/li>\n<\/ul>\n","protected":false},"featured_media":22742,"template":"","meta":{"_acf_changed":false,"_links_to":"","_links_to_target":""},"product_brand":[],"product_cat":[478],"product_tag":[905,459],"class_list":{"0":"post-22393","1":"product","2":"type-product","3":"status-publish","4":"has-post-thumbnail","6":"product_cat-nettoyage","7":"product_tag-tout-en-un-coup-d-oeil","8":"product_tag-bigler-fr","9":"pa_gebinde-1-lt-fr","11":"first","12":"instock","13":"shipping-taxable","14":"product-type-variable","15":"has-default-attributes"},"acf":[],"_links":{"self":[{"href":"https:\/\/bigler-lacke.swiss\/fr\/wp-json\/wp\/v2\/product\/22393","targetHints":{"allow":["GET"]}}],"collection":[{"href":"https:\/\/bigler-lacke.swiss\/fr\/wp-json\/wp\/v2\/product"}],"about":[{"href":"https:\/\/bigler-lacke.swiss\/fr\/wp-json\/wp\/v2\/types\/product"}],"wp:featuredmedia":[{"embeddable":true,"href":"https:\/\/bigler-lacke.swiss\/fr\/wp-json\/wp\/v2\/media\/22742"}],"wp:attachment":[{"href":"https:\/\/bigler-lacke.swiss\/fr\/wp-json\/wp\/v2\/media?parent=22393"}],"wp:term":[{"taxonomy":"product_brand","embeddable":true,"href":"https:\/\/bigler-lacke.swiss\/fr\/wp-json\/wp\/v2\/product_brand?post=22393"},{"taxonomy":"product_cat","embeddable":true,"href":"https:\/\/bigler-lacke.swiss\/fr\/wp-json\/wp\/v2\/product_cat?post=22393"},{"taxonomy":"product_tag","embeddable":true,"href":"https:\/\/bigler-lacke.swiss\/fr\/wp-json\/wp\/v2\/product_tag?post=22393"}],"curies":[{"name":"wp","href":"https:\/\/api.w.org\/{rel}","templated":true}]}}