{"id":22409,"date":"2023-06-19T16:24:03","date_gmt":"2023-06-19T14:24:03","guid":{"rendered":"https:\/\/bigler-lacke.swiss\/?post_type=product&#038;p=22409"},"modified":"2025-01-08T15:42:50","modified_gmt":"2025-01-08T14:42:50","slug":"bigler-topoil-biobased","status":"publish","type":"product","link":"https:\/\/bigler-lacke.swiss\/fr\/produit\/bigler-topoil-biobased\/","title":{"rendered":"BIGLER TopOil Biobased"},"content":{"rendered":"<p>BIGLER TopOil Biobased contient 82% d\u2018ingr\u00e9dients naturels, biosourc\u00e9s et min\u00e9raux (non issus de l\u2019agriculture biologique) dont 28% de carbone biosourc\u00e9 mesur\u00e9 selon la norme NF EN 16640.<br \/>\nTest\u00e9e selon la norme NF EN 16640. Non issue de l\u2019agriculture biologique.<\/p>\n","protected":false},"excerpt":{"rendered":"<ul>\n<li>Huile pour parquet biosourc\u00e9e<\/li>\n<li>Finition mat naturel<\/li>\n<li>Sans lustrage<\/li>\n<li>15 m\u00b2\/L<\/li>\n<li>Finition : bois naturel, bois brut, ultra mat<\/li>\n<\/ul>\n","protected":false},"featured_media":22782,"template":"","meta":{"_acf_changed":false,"_links_to":"","_links_to_target":""},"product_brand":[],"product_cat":[492],"product_tag":[905,459],"class_list":{"0":"post-22409","1":"product","2":"type-product","3":"status-publish","4":"has-post-thumbnail","6":"product_cat-huiles","7":"product_tag-tout-en-un-coup-d-oeil","8":"product_tag-bigler-fr","9":"pa_gebinde-1-lt-fr","10":"pa_gebinde-5-lt-fr","12":"first","13":"instock","14":"shipping-taxable","15":"product-type-variable"},"acf":[],"_links":{"self":[{"href":"https:\/\/bigler-lacke.swiss\/fr\/wp-json\/wp\/v2\/product\/22409","targetHints":{"allow":["GET"]}}],"collection":[{"href":"https:\/\/bigler-lacke.swiss\/fr\/wp-json\/wp\/v2\/product"}],"about":[{"href":"https:\/\/bigler-lacke.swiss\/fr\/wp-json\/wp\/v2\/types\/product"}],"wp:featuredmedia":[{"embeddable":true,"href":"https:\/\/bigler-lacke.swiss\/fr\/wp-json\/wp\/v2\/media\/22782"}],"wp:attachment":[{"href":"https:\/\/bigler-lacke.swiss\/fr\/wp-json\/wp\/v2\/media?parent=22409"}],"wp:term":[{"taxonomy":"product_brand","embeddable":true,"href":"https:\/\/bigler-lacke.swiss\/fr\/wp-json\/wp\/v2\/product_brand?post=22409"},{"taxonomy":"product_cat","embeddable":true,"href":"https:\/\/bigler-lacke.swiss\/fr\/wp-json\/wp\/v2\/product_cat?post=22409"},{"taxonomy":"product_tag","embeddable":true,"href":"https:\/\/bigler-lacke.swiss\/fr\/wp-json\/wp\/v2\/product_tag?post=22409"}],"curies":[{"name":"wp","href":"https:\/\/api.w.org\/{rel}","templated":true}]}}