{"id":22435,"date":"2023-06-20T09:24:28","date_gmt":"2023-06-20T07:24:28","guid":{"rendered":"https:\/\/bigler-lacke.swiss\/?post_type=product&#038;p=22435"},"modified":"2025-01-08T15:27:14","modified_gmt":"2025-01-08T14:27:14","slug":"bigler-topoil-maintenance","status":"publish","type":"product","link":"https:\/\/bigler-lacke.swiss\/fr\/produit\/bigler-topoil-maintenance\/","title":{"rendered":"BIGLER TopOil Maintenance"},"content":{"rendered":"<p>BIGLER TopOil Maintenance pr\u00e9serve et r\u00e9g\u00e9n\u00e8re tous les parquets huil\u00e9s** (chantiers et finis usine) quel que soit le type de finition : traditionnelle ou en phase aqueuse.<\/p>\n<p>Son absence d\u2019odeur, sa simplicit\u00e9 d\u2019application et sa rapidit\u00e9 de s\u00e9chage permettent une remise en circulation des locaux quasi imm\u00e9diate.<\/p>\n<p>Non glissant : test r\u00e9alis\u00e9 par Labosport<\/p>\n<p>* BIGLER TopOil Maintenance contient 85% d\u2018ingr\u00e9dients naturels, biosourc\u00e9s et min\u00e9raux (non issus de l\u2019agriculture biologique) dont 25% de carbone biosourc\u00e9 mesur\u00e9 selon la norme NF EN 16640.<\/p>\n","protected":false},"excerpt":{"rendered":"<ul>\n<li>Entretien tous les parquets huil\u00e9s chantiers et finis usine<\/li>\n<li>Contient 85% d\u2019ingr\u00e9dients naturels, biosourc\u00e9s et min\u00e9raux<\/li>\n<li>Fort pouvoir r\u00e9g\u00e9n\u00e9rent<\/li>\n<li>Non glissant : glissance test\u00e9e selon la norme NF EN 13036-4<\/li>\n<li>40 m\u00b2\/L<\/li>\n<li>Finition : ultra mat, satin<\/li>\n<\/ul>\n<p>&nbsp;<\/p>\n","protected":false},"featured_media":22795,"template":"","meta":{"_acf_changed":false,"_links_to":"","_links_to_target":""},"product_brand":[],"product_cat":[478],"product_tag":[905,459],"class_list":{"0":"post-22435","1":"product","2":"type-product","3":"status-publish","4":"has-post-thumbnail","6":"product_cat-nettoyage","7":"product_tag-tout-en-un-coup-d-oeil","8":"product_tag-bigler-fr","9":"pa_gebinde-1-lt-fr","11":"first","12":"instock","13":"shipping-taxable","14":"product-type-variable","15":"has-default-attributes"},"acf":[],"_links":{"self":[{"href":"https:\/\/bigler-lacke.swiss\/fr\/wp-json\/wp\/v2\/product\/22435","targetHints":{"allow":["GET"]}}],"collection":[{"href":"https:\/\/bigler-lacke.swiss\/fr\/wp-json\/wp\/v2\/product"}],"about":[{"href":"https:\/\/bigler-lacke.swiss\/fr\/wp-json\/wp\/v2\/types\/product"}],"wp:featuredmedia":[{"embeddable":true,"href":"https:\/\/bigler-lacke.swiss\/fr\/wp-json\/wp\/v2\/media\/22795"}],"wp:attachment":[{"href":"https:\/\/bigler-lacke.swiss\/fr\/wp-json\/wp\/v2\/media?parent=22435"}],"wp:term":[{"taxonomy":"product_brand","embeddable":true,"href":"https:\/\/bigler-lacke.swiss\/fr\/wp-json\/wp\/v2\/product_brand?post=22435"},{"taxonomy":"product_cat","embeddable":true,"href":"https:\/\/bigler-lacke.swiss\/fr\/wp-json\/wp\/v2\/product_cat?post=22435"},{"taxonomy":"product_tag","embeddable":true,"href":"https:\/\/bigler-lacke.swiss\/fr\/wp-json\/wp\/v2\/product_tag?post=22435"}],"curies":[{"name":"wp","href":"https:\/\/api.w.org\/{rel}","templated":true}]}}